{"id":558,"date":"2020-05-30T15:18:49","date_gmt":"2020-05-30T15:18:49","guid":{"rendered":"http:\/\/www.lorvin.tech\/bancaire-et-financier\/"},"modified":"2020-05-30T15:18:50","modified_gmt":"2020-05-30T15:18:50","slug":"bancaire-et-financier","status":"publish","type":"page","link":"https:\/\/www.lorvin.tech\/fr\/bancaire-et-financier\/","title":{"rendered":"Bancaire et financier"},"content":{"rendered":"<p>[vc_section css=\u00a0\u00bb.vc_custom_1582881919537{padding-top: 80px !important;padding-bottom: 80px !important;}\u00a0\u00bb mobile_bg_img_hidden=\u00a0\u00bbno\u00a0\u00bb tablet_bg_img_hidden=\u00a0\u00bbno\u00a0\u00bb woodmart_parallax=\u00a0\u00bb0&Prime; woodmart_gradient_switch=\u00a0\u00bbno\u00a0\u00bb woodmart_disable_overflow=\u00a0\u00bb0&Prime;][vc_row mobile_bg_img_hidden=\u00a0\u00bbno\u00a0\u00bb tablet_bg_img_hidden=\u00a0\u00bbno\u00a0\u00bb woodmart_parallax=\u00a0\u00bb0&Prime; woodmart_gradient_switch=\u00a0\u00bbno\u00a0\u00bb row_reverse_mobile=\u00a0\u00bb1&Prime; row_reverse_tablet=\u00a0\u00bb0&Prime; woodmart_disable_overflow=\u00a0\u00bb0&Prime;][vc_column width=\u00a0\u00bb1\/2&Prime;][vc_custom_heading text=\u00a0\u00bbBancaire et financier\u00a0\u00bb google_fonts=\u00a0\u00bbfont_family:Open%20Sans%3A300%2C300italic%2Cregular%2Citalic%2C600%2C600italic%2C700%2C700italic%2C800%2C800italic|font_style:800%20bold%20regular%3A800%3Anormal\u00a0\u00bb el_class=\u00a0\u00bbreflected-title p-title\u00a0\u00bb]\t\t\t<link rel=\"stylesheet\" id=\"wd-section-title-css\" href=\"https:\/\/www.lorvin.tech\/wp-content\/themes\/woodmart\/css\/parts\/el-section-title.min.css?ver=6.3.3\" type=\"text\/css\" media=\"all\" \/> \t\t\t\t\t\t<link rel=\"stylesheet\" id=\"wd-mod-highlighted-text-css\" href=\"https:\/\/www.lorvin.tech\/wp-content\/themes\/woodmart\/css\/parts\/mod-highlighted-text.min.css?ver=6.3.3\" type=\"text\/css\" media=\"all\" \/> \t\t\t\n\t\t<div id=\"wd-5e661a8085747\" class=\"title-wrapper wd-wpb set-mb-s reset-last-child  wd-rs-5e661a8085747 wd-title-color-default wd-title-style-default wd-width-100 text-left vc_custom_1583749747372 wd-underline-colored\">\n\t\t\t\n\t\t\t<div class=\"liner-continer\">\n\t\t\t\t<h2 class=\"woodmart-title-container title  wd-font-weight- wd-fontsize-l\" >Remodeler l'\u00e9cosyst\u00e8me bancaire et financier!!<\/h2>\n\t\t\t\t\t\t\t<\/div>\n\t\t\t\n\t\t\t\n\t\t\t\n\t\t<\/div>\n\t\t\n\t\t\t\t\t<link rel=\"stylesheet\" id=\"wd-responsive-text-css\" href=\"https:\/\/www.lorvin.tech\/wp-content\/themes\/woodmart\/css\/parts\/el-responsive-text.min.css?ver=6.3.3\" type=\"text\/css\" media=\"all\" \/> \t\t\t\t\t\t<div id=\"wd-5e661a8e204a5\" class=\"wd-text-block-wrapper wd-wpb wd-rs-5e661a8e204a5 color-scheme-custom wd-width-100 text-left vc_custom_1583749768950\">\n\t\t\t\t<div class=\"woodmart-title-container woodmart-text-block reset-last-child font-primary wd-font-weight-500 \">\n\t\t\t\t\t<em>Lorvin a fourni des solutions \u00e9volutives omnicanal pour la banque et la finance. Nous exploitons et transformons la technologie moderne en un moteur de valeur cl\u00e9 pour les institutions financi\u00e8res.<\/em>\t\t\t\t<\/div>\n\n\t\t\t\t\t\t\t<\/div>\n\t\t[vc_single_image image=\u00a0\u00bb381&Prime; img_size=\u00a0\u00bbfull\u00a0\u00bb alignment=\u00a0\u00bbright\u00a0\u00bb parallax_scroll=\u00a0\u00bbno\u00a0\u00bb][\/vc_column][vc_column width=\u00a0\u00bb1\/2&Prime;][vc_single_image image=\u00a0\u00bb380&Prime; img_size=\u00a0\u00bbfull\u00a0\u00bb parallax_scroll=\u00a0\u00bbno\u00a0\u00bb][\/vc_column][\/vc_row][vc_row content_placement=\u00a0\u00bbmiddle\u00a0\u00bb css=\u00a0\u00bb.vc_custom_1582887049364{padding-top: 60px !important;}\u00a0\u00bb mobile_bg_img_hidden=\u00a0\u00bbno\u00a0\u00bb tablet_bg_img_hidden=\u00a0\u00bbno\u00a0\u00bb woodmart_parallax=\u00a0\u00bb0&Prime; woodmart_gradient_switch=\u00a0\u00bbno\u00a0\u00bb row_reverse_mobile=\u00a0\u00bb1&Prime; row_reverse_tablet=\u00a0\u00bb0&Prime; woodmart_disable_overflow=\u00a0\u00bb0&Prime;][vc_column width=\u00a0\u00bb1\/2&Prime;]\n\t\t<div id=\"wd-5e58f25669ba1\" class=\"title-wrapper wd-wpb set-mb-s reset-last-child  wd-rs-5e58f25669ba1 wd-title-color-default wd-title-style-default wd-width-100 text-left vc_custom_1582887516582 wd-underline-colored\">\n\t\t\t\n\t\t\t<div class=\"liner-continer\">\n\t\t\t\t<h2 class=\"woodmart-title-container title  wd-font-weight- wd-fontsize-l\" >Affronter la transformation<\/h2>\n\t\t\t\t\t\t\t<\/div>\n\t\t\t\n\t\t\t\n\t\t\t\n\t\t<\/div>\n\t\t\n\t\t\t\t\t<div id=\"wd-5e58e08a38f51\" class=\"wd-text-block-wrapper wd-wpb wd-rs-5e58e08a38f51 color-scheme-custom wd-width-100 text-left vc_custom_1582882957927\">\n\t\t\t\t<div class=\"woodmart-title-container woodmart-text-block reset-last-child font-primary wd-font-weight-500 \">\n\t\t\t\t\tLe domaine des institutions financi\u00e8res \u00e9volue \u00e0 un rythme alarmant. Avec l&rsquo;avancement de la technologie et l&rsquo;introduction de la mobilit\u00e9, la croissance de l&rsquo;entreprise n\u00e9cessite une modification rapide de ce mod\u00e8le d&rsquo;entreprise. Face \u00e0 cette transformation, nos solutions vous permettrez d&rsquo;adopter \u00e0 de nouveaux mod\u00e8les commerciaux et de d\u00e9limiter une architecture commerciale moderne.\t\t\t\t<\/div>\n\n\t\t\t\t\t\t\t<\/div>\n\t\t\t\t\t<div id=\"wd-5e75c0688a68d\" class=\"wd-text-block-wrapper wd-wpb wd-rs-5e75c0688a68d color-scheme-custom wd-width-100 text-left vc_custom_1584775282941\">\n\t\t\t\t<div class=\"woodmart-title-container woodmart-text-block reset-last-child font-primary wd-font-weight-500 \">\n\t\t\t\t\tNous comprenons que vos clients recherchent des communications transparentes entre leurs exp\u00e9riences bancaires num\u00e9riques et physiques. Vos clients bancaires plus jeunes aimeraient \u00eatre sans argent liquide et souhaiteraient effectuer des transactions le plus rapidement possible gr\u00e2ce aux services bancaires mobiles. D&rsquo;autres clients souhaitent des services financiers et une assistance personnalis\u00e9s via une plateforme bancaire en ligne.\t\t\t\t<\/div>\n\n\t\t\t\t\t\t\t<\/div>\n\t\t\t\t\t<div id=\"wd-5e58e09f0acc7\" class=\"wd-text-block-wrapper wd-wpb wd-rs-5e58e09f0acc7 color-scheme-custom wd-width-100 text-left vc_custom_1582882981276\">\n\t\t\t\t<div class=\"woodmart-title-container woodmart-text-block reset-last-child font-primary wd-font-weight-500 \">\n\t\t\t\t\tD\u00e9couvrir et r\u00e9pondre \u00e0 toutes les exigences uniques de vos clients n\u00e9cessite une politique efficace et adapt\u00e9e qui suit une approche num\u00e9rique pour offrir une exp\u00e9rience client exceptionnelle sur tous les canaux num\u00e9riques. Chez Lorvin, nous proposons un chemin holistique vers cette transformation alors que nous d\u00e9veloppons une feuille de route num\u00e9rique pour votre organisation. Nos experts vous aideront ensuite \u00e0 concr\u00e9tiser cette feuille de route.\t\t\t\t<\/div>\n\n\t\t\t\t\t\t\t<\/div>\n\t\t\t\t\t<div id=\"wd-5e58e0b149360\" class=\"wd-text-block-wrapper wd-wpb wd-rs-5e58e0b149360 color-scheme-custom wd-width-100 text-left vc_custom_1582882997949\">\n\t\t\t\t<div class=\"woodmart-title-container woodmart-text-block reset-last-child font-primary wd-font-weight-500 \">\n\t\t\t\t\tNos solutions de bout en bout vont digitaliser votre banque, g\u00e9rer les risques et booster la rentabilit\u00e9!!\t\t\t\t<\/div>\n\n\t\t\t\t\t\t\t<\/div>\n\t\t[\/vc_column][vc_column width=\u00a0\u00bb1\/2&Prime;][vc_single_image image=\u00a0\u00bb382&Prime; img_size=\u00a0\u00bbfull\u00a0\u00bb parallax_scroll=\u00a0\u00bbno\u00a0\u00bb][\/vc_column][\/vc_row][vc_row content_placement=\u00a0\u00bbmiddle\u00a0\u00bb css=\u00a0\u00bb.vc_custom_1582886009909{padding-top: 60px !important;}\u00a0\u00bb mobile_bg_img_hidden=\u00a0\u00bbno\u00a0\u00bb tablet_bg_img_hidden=\u00a0\u00bbno\u00a0\u00bb woodmart_parallax=\u00a0\u00bb0&Prime; woodmart_gradient_switch=\u00a0\u00bbno\u00a0\u00bb row_reverse_mobile=\u00a0\u00bb0&Prime; row_reverse_tablet=\u00a0\u00bb0&Prime; woodmart_disable_overflow=\u00a0\u00bb0&Prime;][vc_column width=\u00a0\u00bb1\/2&Prime;][vc_single_image image=\u00a0\u00bb383&Prime; img_size=\u00a0\u00bbfull\u00a0\u00bb parallax_scroll=\u00a0\u00bbno\u00a0\u00bb][\/vc_column][vc_column width=\u00a0\u00bb1\/2&Prime;]\n\t\t<div id=\"wd-5e75f0f5a9a58\" class=\"title-wrapper wd-wpb set-mb-s reset-last-child  wd-rs-5e75f0f5a9a58 wd-title-color-default wd-title-style-default wd-width-100 text-left vc_custom_1584787688029 wd-underline-colored\">\n\t\t\t\n\t\t\t<div class=\"liner-continer\">\n\t\t\t\t<h2 class=\"woodmart-title-container title  wd-font-weight- wd-fontsize-l\" >Nous exp\u00e9rimentons:<\/h2>\n\t\t\t\t\t\t\t<\/div>\n\t\t\t\n\t\t\t\n\t\t\t\n\t\t<\/div>\n\t\t\n\t\t\t\t\t<div id=\"wd-5e75d98f2f3c1\" class=\"wd-text-block-wrapper wd-wpb wd-rs-5e75d98f2f3c1 color-scheme-custom wd-width-100 text-left vc_custom_1584781725047\">\n\t\t\t\t<div class=\"woodmart-title-container woodmart-text-block reset-last-child font-primary wd-font-weight-500 \">\n\t\t\t\t\tAvec plus de 30 ans d&rsquo;exp\u00e9rience dans le secteur bancaire et financier, Lorvin s&rsquo;est forg\u00e9 une solide r\u00e9putation comme l&rsquo;un des fournisseurs de solutions informatiques les plus exp\u00e9riment\u00e9s et les plus fiables. Nous avons nou\u00e9 des relations de coop\u00e9ration et de confiance durables et solides avec certaines des plus grandes institutions financi\u00e8res.\t\t\t\t<\/div>\n\n\t\t\t\t\t\t\t<\/div>\n\t\t\t\t\t<div id=\"wd-5e58e2f6f1093\" class=\"wd-text-block-wrapper wd-wpb wd-rs-5e58e2f6f1093 color-scheme-custom wd-width-100 text-left vc_custom_1582883580157\">\n\t\t\t\t<div class=\"woodmart-title-container woodmart-text-block reset-last-child font-primary wd-font-weight-500 \">\n\t\t\t\t\tNotre approche centr\u00e9e sur le client nous permet d&rsquo;adapter nos services et solutions \u00e0 vos besoins uniques. Bien que nous soyons flexibles et agiles, nous sommes \u00e9galement \u00e9volutifs pour offrir une exp\u00e9rience globale.\t\t\t\t<\/div>\n\n\t\t\t\t\t\t\t<\/div>\n\t\t\t\t\t<div id=\"wd-5e75f3f843fa1\" class=\"wd-text-block-wrapper wd-wpb wd-rs-5e75f3f843fa1 color-scheme-custom wd-width-100 text-left vc_custom_1584788456510\">\n\t\t\t\t<div class=\"woodmart-title-container woodmart-text-block reset-last-child font-primary wd-font-weight-500 \">\n\t\t\t\t\tNos \u00e9quipes Nous sommes une \u00e9quipe compos\u00e9e de penseurs et d&rsquo;innovateurs, ce qui nous fait proposer des solutions nouvelles et uniques qui ajoutent une valeur consid\u00e9rable \u00e0 votre entreprise. Nous comprenons d&rsquo;abord vos objectifs commerciaux. De plus, nous identifions les exigences de s\u00e9curit\u00e9 de vos clients et proposons des solutions adapt\u00e9es aux besoins de vos clients.\t\t\t\t<\/div>\n\n\t\t\t\t\t\t\t<\/div>\n\t\t[\/vc_column][\/vc_row][vc_row content_placement=\u00a0\u00bbmiddle\u00a0\u00bb css=\u00a0\u00bb.vc_custom_1583750377798{padding-top: 80px !important;}\u00a0\u00bb mobile_bg_img_hidden=\u00a0\u00bbno\u00a0\u00bb tablet_bg_img_hidden=\u00a0\u00bbno\u00a0\u00bb woodmart_parallax=\u00a0\u00bb0&Prime; woodmart_gradient_switch=\u00a0\u00bbno\u00a0\u00bb row_reverse_mobile=\u00a0\u00bb1&Prime; row_reverse_tablet=\u00a0\u00bb0&Prime; woodmart_disable_overflow=\u00a0\u00bb0&Prime;][vc_column width=\u00a0\u00bb1\/2&Prime;]\n\t\t<div id=\"wd-5e58f282ea9b8\" class=\"title-wrapper wd-wpb set-mb-s reset-last-child  wd-rs-5e58f282ea9b8 wd-title-color-default wd-title-style-default wd-width-100 text-left vc_custom_1582887558309 wd-underline-colored\">\n\t\t\t\n\t\t\t<div class=\"liner-continer\">\n\t\t\t\t<h2 class=\"woodmart-title-container title  wd-font-weight- wd-fontsize-l\" >Nos solutions<\/h2>\n\t\t\t\t\t\t\t<\/div>\n\t\t\t\n\t\t\t\n\t\t\t\n\t\t<\/div>\n\t\t\n\t\t\t\t\t<div id=\"wd-5e75da1915002\" class=\"wd-text-block-wrapper wd-wpb wd-rs-5e75da1915002 color-scheme-custom wd-width-100 text-left vc_custom_1584781855096\">\n\t\t\t\t<div class=\"woodmart-title-container woodmart-text-block reset-last-child font-primary wd-font-weight-500 \">\n\t\t\t\t\tNous avons des solutions sup\u00e9rieures pour nos clients bancaires et financiers afin d&rsquo;acqu\u00e9rir un avantage concurrentiel sur le march\u00e9 financier. Il ne fait aucun doute que les services financiers, les soci\u00e9t\u00e9s Fintech et la banque sont actuellement l&rsquo;une des industries les plus parl\u00e9es et dynamiques. Les consommateurs qui connaissent le rythme effr\u00e9n\u00e9 de la vie moderne d&rsquo;aujourd&rsquo;hui esp\u00e8rent utiliser des solutions de haute technologie qui p\u00e8sent simplement au quotidien. Pour r\u00e9pondre aux demandes et aux exigences, les soci\u00e9t\u00e9s financi\u00e8res doivent nous consid\u00e9rer comme leur partenaire fiable pour les services et solutions informatiques tels que le BPM, le conseil et la dotation en informatique, etc.\t\t\t\t<\/div>\n\n\t\t\t\t\t\t\t<\/div>\n\t\t\t\t\t<div id=\"wd-5e58e34ee5c2d\" class=\"wd-text-block-wrapper wd-wpb wd-rs-5e58e34ee5c2d color-scheme-custom wd-width-100 text-left vc_custom_1582883671188\">\n\t\t\t\t<div class=\"woodmart-title-container woodmart-text-block reset-last-child font-primary wd-font-weight-500 \">\n\t\t\t\t\tEn tant que l&rsquo;un des principaux fournisseurs de solutions informatiques dans le secteur bancaire et financier, Lorvin r\u00e9pond \u00e0 toutes les exigences technologiques associ\u00e9es \u00e0 ces entreprises et les aide \u00e0 mieux servir leurs clients.\t\t\t\t<\/div>\n\n\t\t\t\t\t\t\t<\/div>\n\t\t[\/vc_column][vc_column width=\u00a0\u00bb1\/2&Prime;][vc_single_image image=\u00a0\u00bb384&Prime; img_size=\u00a0\u00bbfull\u00a0\u00bb parallax_scroll=\u00a0\u00bbno\u00a0\u00bb][\/vc_column][\/vc_row][vc_row content_placement=\u00a0\u00bbmiddle\u00a0\u00bb css=\u00a0\u00bb.vc_custom_1583750851321{margin-bottom: 0px !important;padding-top: 80px !important;}\u00a0\u00bb mobile_bg_img_hidden=\u00a0\u00bbno\u00a0\u00bb tablet_bg_img_hidden=\u00a0\u00bbno\u00a0\u00bb woodmart_parallax=\u00a0\u00bb0&Prime; woodmart_gradient_switch=\u00a0\u00bbno\u00a0\u00bb row_reverse_mobile=\u00a0\u00bb0&Prime; row_reverse_tablet=\u00a0\u00bb0&Prime; woodmart_disable_overflow=\u00a0\u00bb0&Prime;][vc_column width=\u00a0\u00bb1\/2&Prime;][vc_single_image image=\u00a0\u00bb385&Prime; img_size=\u00a0\u00bbfull\u00a0\u00bb parallax_scroll=\u00a0\u00bbno\u00a0\u00bb][\/vc_column][vc_column width=\u00a0\u00bb1\/2&Prime;]\n\t\t<div id=\"wd-5e58f28a23b23\" class=\"title-wrapper wd-wpb set-mb-s reset-last-child  wd-rs-5e58f28a23b23 wd-title-color-default wd-title-style-default wd-width-100 text-left vc_custom_1582887567101 wd-underline-colored\">\n\t\t\t\n\t\t\t<div class=\"liner-continer\">\n\t\t\t\t<h2 class=\"woodmart-title-container title  wd-font-weight- wd-fontsize-l\" >Pourquoi nous choisir?<\/h2>\n\t\t\t\t\t\t\t<\/div>\n\t\t\t\n\t\t\t\n\t\t\t\n\t\t<\/div>\n\t\t\n\t\t\t\t\t<div id=\"wd-5e58e381043bf\" class=\"wd-text-block-wrapper wd-wpb wd-rs-5e58e381043bf color-scheme-custom wd-width-100 text-left vc_custom_1582883716113\">\n\t\t\t\t<div class=\"woodmart-title-container woodmart-text-block reset-last-child font-primary wd-font-weight-500 \">\n\t\t\t\t\tNotre expertise informatique nous permet de r\u00e9soudre rapidement les probl\u00e8mes partout, \u00e0 tout moment et sur toutes les plateformes. De plus, nous nous effor\u00e7ons de fournir:\t\t\t\t<\/div>\n\n\t\t\t\t\t\t\t<\/div>\n\t\t\t\t\t<div id=\"wd-5e58e38a2a4e0\" class=\"wd-text-block-wrapper wd-wpb wd-rs-5e58e38a2a4e0 color-scheme-custom wd-width-100 text-left vc_custom_1582883737696 list-items\">\n\t\t\t\t<div class=\"woodmart-title-container woodmart-text-block reset-last-child font-primary wd-font-weight-500 \">\n\t\t\t\t\t<\/p>\n<ul>\n<li>Services et solutions de qualit\u00e9<\/li>\n<li>Support agile 24\/7<\/li>\n<li>Personnalisation pour r\u00e9pondre \u00e0 n&rsquo;importe quelle banque de taille<\/li>\n<\/ul>\n<p>\t\t\t\t<\/div>\n\n\t\t\t\t\t\t\t<\/div>\n\t\t\t\t\t<div id=\"wd-5e58e3a77d457\" class=\"wd-text-block-wrapper wd-wpb wd-rs-5e58e3a77d457 color-scheme-custom wd-width-100 text-left vc_custom_1582883755251\">\n\t\t\t\t<div class=\"woodmart-title-container woodmart-text-block reset-last-child font-primary wd-font-weight-500 \">\n\t\t\t\t\tContactez-nous aujourd&rsquo;hui!!\t\t\t\t<\/div>\n\n\t\t\t\t\t\t\t<\/div>\n\t\t[\/vc_column][\/vc_row][\/vc_section]<\/p>\n","protected":false},"excerpt":{"rendered":"<p>[vc_section css=\u00a0\u00bb.vc_custom_1582881919537{padding-top: 80px !important;padding-bottom: 80px !important;}\u00a0\u00bb mobile_bg_img_hidden=\u00a0\u00bbno\u00a0\u00bb tablet_bg_img_hidden=\u00a0\u00bbno\u00a0\u00bb woodmart_parallax=\u00a0\u00bb0&Prime; woodmart_gradient_switch=\u00a0\u00bbno\u00a0\u00bb woodmart_disable_overflow=\u00a0\u00bb0&Prime;][vc_row mobile_bg_img_hidden=\u00a0\u00bbno\u00a0\u00bb tablet_bg_img_hidden=\u00a0\u00bbno\u00a0\u00bb woodmart_parallax=\u00a0\u00bb0&Prime; woodmart_gradient_switch=\u00a0\u00bbno\u00a0\u00bb row_reverse_mobile=\u00a0\u00bb1&Prime; row_reverse_tablet=\u00a0\u00bb0&Prime; woodmart_disable_overflow=\u00a0\u00bb0&Prime;][vc_column width=\u00a0\u00bb1\/2&Prime;][vc_custom_heading text=\u00a0\u00bbBancaire<\/p>\n","protected":false},"author":2,"featured_media":0,"parent":0,"menu_order":0,"comment_status":"closed","ping_status":"closed","template":"","meta":[],"_links":{"self":[{"href":"https:\/\/www.lorvin.tech\/fr\/wp-json\/wp\/v2\/pages\/558"}],"collection":[{"href":"https:\/\/www.lorvin.tech\/fr\/wp-json\/wp\/v2\/pages"}],"about":[{"href":"https:\/\/www.lorvin.tech\/fr\/wp-json\/wp\/v2\/types\/page"}],"author":[{"embeddable":true,"href":"https:\/\/www.lorvin.tech\/fr\/wp-json\/wp\/v2\/users\/2"}],"replies":[{"embeddable":true,"href":"https:\/\/www.lorvin.tech\/fr\/wp-json\/wp\/v2\/comments?post=558"}],"version-history":[{"count":1,"href":"https:\/\/www.lorvin.tech\/fr\/wp-json\/wp\/v2\/pages\/558\/revisions"}],"predecessor-version":[{"id":559,"href":"https:\/\/www.lorvin.tech\/fr\/wp-json\/wp\/v2\/pages\/558\/revisions\/559"}],"wp:attachment":[{"href":"https:\/\/www.lorvin.tech\/fr\/wp-json\/wp\/v2\/media?parent=558"}],"curies":[{"name":"wp","href":"https:\/\/api.w.org\/{rel}","templated":true}]}}