{"id":560,"date":"2020-05-30T15:30:06","date_gmt":"2020-05-30T15:30:06","guid":{"rendered":"http:\/\/www.lorvin.tech\/gestion-de-processus\/"},"modified":"2020-05-30T15:30:07","modified_gmt":"2020-05-30T15:30:07","slug":"gestion-de-processus","status":"publish","type":"page","link":"https:\/\/www.lorvin.tech\/fr\/gestion-de-processus\/","title":{"rendered":"Gestion de processus"},"content":{"rendered":"<p>[vc_section css=\u00a0\u00bb.vc_custom_1582889954587{padding-top: 80px !important;padding-bottom: 80px !important;}\u00a0\u00bb mobile_bg_img_hidden=\u00a0\u00bbno\u00a0\u00bb tablet_bg_img_hidden=\u00a0\u00bbno\u00a0\u00bb woodmart_parallax=\u00a0\u00bb0&Prime; woodmart_gradient_switch=\u00a0\u00bbno\u00a0\u00bb woodmart_disable_overflow=\u00a0\u00bb0&Prime; el_class=\u00a0\u00bbentry-section\u00a0\u00bb][vc_row content_placement=\u00a0\u00bbmiddle\u00a0\u00bb css=\u00a0\u00bb.vc_custom_1583816646462{padding-top: 0px !important;}\u00a0\u00bb mobile_bg_img_hidden=\u00a0\u00bbno\u00a0\u00bb tablet_bg_img_hidden=\u00a0\u00bbno\u00a0\u00bb woodmart_parallax=\u00a0\u00bb0&Prime; woodmart_gradient_switch=\u00a0\u00bbno\u00a0\u00bb row_reverse_mobile=\u00a0\u00bb0&Prime; row_reverse_tablet=\u00a0\u00bb0&Prime; woodmart_disable_overflow=\u00a0\u00bb0&Prime;][vc_column width=\u00a0\u00bb1\/6&Prime;][\/vc_column][vc_column width=\u00a0\u00bb2\/3&Prime;][vc_custom_heading text=\u00a0\u00bbGestion de processus\u00a0\u00bb font_container=\u00a0\u00bbtag:h2|text_align:center\u00a0\u00bb google_fonts=\u00a0\u00bbfont_family:Open%20Sans%3A300%2C300italic%2Cregular%2Citalic%2C600%2C600italic%2C700%2C700italic%2C800%2C800italic|font_style:800%20bold%20regular%3A800%3Anormal\u00a0\u00bb el_class=\u00a0\u00bbreflected-title p-title\u00a0\u00bb]\t\t\t<link rel=\"stylesheet\" id=\"wd-section-title-css\" href=\"https:\/\/www.lorvin.tech\/wp-content\/themes\/woodmart\/css\/parts\/el-section-title.min.css?ver=6.3.3\" type=\"text\/css\" media=\"all\" \/> \t\t\t\t\t\t<link rel=\"stylesheet\" id=\"wd-mod-highlighted-text-css\" href=\"https:\/\/www.lorvin.tech\/wp-content\/themes\/woodmart\/css\/parts\/mod-highlighted-text.min.css?ver=6.3.3\" type=\"text\/css\" media=\"all\" \/> \t\t\t\n\t\t<div id=\"wd-5e5cd1d8d4a8b\" class=\"title-wrapper wd-wpb set-mb-s reset-last-child  wd-rs-5e5cd1d8d4a8b wd-title-color-default wd-title-style-default wd-width-100 text-center vc_custom_1583141326507 wd-underline-colored\">\n\t\t\t\n\t\t\t<div class=\"liner-continer\">\n\t\t\t\t<h4 class=\"woodmart-title-container title  wd-font-weight- wd-fontsize-l\" >Nous livrons des r\u00e9sultats rapides et mesurables!!<\/h4>\n\t\t\t\t\t\t\t<\/div>\n\t\t\t\n\t\t\t\n\t\t\t\n\t\t<\/div>\n\t\t\n\t\t\t\t\t<link rel=\"stylesheet\" id=\"wd-responsive-text-css\" href=\"https:\/\/www.lorvin.tech\/wp-content\/themes\/woodmart\/css\/parts\/el-responsive-text.min.css?ver=6.3.3\" type=\"text\/css\" media=\"all\" \/> \t\t\t\t\t\t<div id=\"wd-5e5cd1cdddedd\" class=\"wd-text-block-wrapper wd-wpb wd-rs-5e5cd1cdddedd color-scheme-custom wd-width-100 text-left vc_custom_1583141316064\">\n\t\t\t\t<div class=\"woodmart-title-container woodmart-text-block reset-last-child font-primary wd-font-weight-500 \">\n\t\t\t\t\t<\/p>\n<p style=\"text-align: center;\">Lorvin poss\u00e8de l&rsquo;exp\u00e9rience et l&rsquo;expertise en gestion des processus m\u00e9tier pour fournir des r\u00e9sultats rapides et mesurables aux organisations qui cherchent \u00e0 optimiser une solution de gestion de processus.<\/p>\n<p>\t\t\t\t<\/div>\n\n\t\t\t\t\t\t\t<\/div>\n\t\t[\/vc_column][vc_column width=\u00a0\u00bb1\/6&Prime;][\/vc_column][\/vc_row][vc_row content_placement=\u00a0\u00bbmiddle\u00a0\u00bb css=\u00a0\u00bb.vc_custom_1583817115805{padding-top: 80px !important;}\u00a0\u00bb mobile_bg_img_hidden=\u00a0\u00bbno\u00a0\u00bb tablet_bg_img_hidden=\u00a0\u00bbno\u00a0\u00bb woodmart_parallax=\u00a0\u00bb0&Prime; woodmart_gradient_switch=\u00a0\u00bbno\u00a0\u00bb row_reverse_mobile=\u00a0\u00bb1&Prime; row_reverse_tablet=\u00a0\u00bb0&Prime; woodmart_disable_overflow=\u00a0\u00bb0&Prime;][vc_column width=\u00a0\u00bb1\/2&Prime;]\t\t\t<div id=\"wd-5e671e6cc72a9\" class=\"wd-text-block-wrapper wd-wpb wd-rs-5e671e6cc72a9 color-scheme-custom wd-width-100 text-left vc_custom_1583816305970\">\n\t\t\t\t<div class=\"woodmart-title-container woodmart-text-block reset-last-child font-primary wd-font-weight-500 \">\n\t\t\t\t\t<\/p>\n<p style=\"text-align: left;\">\u00c9tant une entreprise leader dans la gestion des processus d&rsquo;affaires, Lorvin tire parti de la technologie \u00e9prouv\u00e9e et de l&rsquo;expertise du domaine pour offrir un portefeuille de services complet et int\u00e9gr\u00e9. Notre gamme de solutions de gestion de processus permet \u00e0 nos clients de se r\u00e9jouir de r\u00e9aliser leurs aspirations commerciales et d&rsquo;accomplir bien plus que les \u00e9conomies de co\u00fbts n\u00e9cessaires li\u00e9es \u00e0 la gestion des processus m\u00e9tier.<\/p>\n<p>\t\t\t\t<\/div>\n\n\t\t\t\t\t\t\t<\/div>\n\t\t\n\t\t<div id=\"wd-5e58e6f2c8e29\" class=\"title-wrapper wd-wpb set-mb-s reset-last-child  wd-rs-5e58e6f2c8e29 wd-title-color-default wd-title-style-default wd-width-100 text-left vc_custom_1582884601644 wd-underline-colored\">\n\t\t\t\n\t\t\t<div class=\"liner-continer\">\n\t\t\t\t<h4 class=\"woodmart-title-container title  wd-font-weight- wd-fontsize-l\" >D\u00e9passer vos attentes<\/h4>\n\t\t\t\t\t\t\t<\/div>\n\t\t\t\n\t\t\t\n\t\t\t\n\t\t<\/div>\n\t\t\n\t\t\t\t\t<div id=\"wd-5e75f6f2699f8\" class=\"wd-text-block-wrapper wd-wpb wd-rs-5e75f6f2699f8 color-scheme-custom wd-width-100 text-left vc_custom_1584789276870\">\n\t\t\t\t<div class=\"woodmart-title-container woodmart-text-block reset-last-child font-primary wd-font-weight-500 \">\n\t\t\t\t\tNos solutions sont con\u00e7ues pour aider vos plans d&rsquo;affaires, les rendre transparents et plus profonds, afin de mieux optimiser les interactions et les exp\u00e9riences des clients. Notre gamme de services peut rendre votre organisation et sa marque importantes pour la vie de votre client. Nous prenons le temps de comprendre vos objectifs, puis exploitons les bonnes m\u00e9thodologies et les bons outils pour les atteindre.\t\t\t\t<\/div>\n\n\t\t\t\t\t\t\t<\/div>\n\t\t[\/vc_column][vc_column width=\u00a0\u00bb1\/2&Prime;][vc_single_image image=\u00a0\u00bb427&Prime; img_size=\u00a0\u00bbfull\u00a0\u00bb parallax_scroll=\u00a0\u00bbno\u00a0\u00bb][\/vc_column][\/vc_row][vc_row content_placement=\u00a0\u00bbmiddle\u00a0\u00bb css=\u00a0\u00bb.vc_custom_1583817137668{padding-top: 60px !important;}\u00a0\u00bb mobile_bg_img_hidden=\u00a0\u00bbno\u00a0\u00bb tablet_bg_img_hidden=\u00a0\u00bbno\u00a0\u00bb woodmart_parallax=\u00a0\u00bb0&Prime; woodmart_gradient_switch=\u00a0\u00bbno\u00a0\u00bb row_reverse_mobile=\u00a0\u00bb0&Prime; row_reverse_tablet=\u00a0\u00bb0&Prime; woodmart_disable_overflow=\u00a0\u00bb0&Prime;][vc_column width=\u00a0\u00bb1\/2&Prime;][vc_single_image image=\u00a0\u00bb428&Prime; img_size=\u00a0\u00bbfull\u00a0\u00bb parallax_scroll=\u00a0\u00bbno\u00a0\u00bb][\/vc_column][vc_column width=\u00a0\u00bb1\/2&Prime;]\n\t\t<div id=\"wd-5e58f89947c21\" class=\"title-wrapper wd-wpb set-mb-s reset-last-child  wd-rs-5e58f89947c21 wd-title-color-default wd-title-style-default wd-width-100 text-left vc_custom_1582889116856 wd-underline-colored\">\n\t\t\t\n\t\t\t<div class=\"liner-continer\">\n\t\t\t\t<h4 class=\"woodmart-title-container title  wd-font-weight- wd-fontsize-l\" >En savoir plus sur nos services de gestion de processus<\/h4>\n\t\t\t\t\t\t\t<\/div>\n\t\t\t\n\t\t\t\n\t\t\t\n\t\t<\/div>\n\t\t\n\t\t\t\t\t<div id=\"wd-5e58f89f86b5e\" class=\"wd-text-block-wrapper wd-wpb wd-rs-5e58f89f86b5e color-scheme-custom wd-width-100 text-left vc_custom_1582889126615\">\n\t\t\t\t<div class=\"woodmart-title-container woodmart-text-block reset-last-child font-primary wd-font-weight-500 \">\n\t\t\t\t\tChez Lorvin, vous obtenez des services qui ne font pas que r\u00e9duire les co\u00fbts, ils augmentent m\u00eame la valeur de votre entreprise!!\t\t\t\t<\/div>\n\n\t\t\t\t\t\t\t<\/div>\n\t\t\t\t\t<div id=\"wd-5e58fa0e42aa6\" class=\"wd-text-block-wrapper wd-wpb wd-rs-5e58fa0e42aa6 color-scheme-custom wd-width-100 text-left vc_custom_1582889492720 list-items\">\n\t\t\t\t<div class=\"woodmart-title-container woodmart-text-block reset-last-child font-primary wd-font-weight-500 \">\n\t\t\t\t\t<\/p>\n<ul>\n<li><strong>Gestion de la client\u00e8le<\/strong><\/li>\n<\/ul>\n<p>\t\t\t\t<\/div>\n\n\t\t\t\t\t\t\t<\/div>\n\t\t\t\t\t<div id=\"wd-5e58f8d3a2728\" class=\"wd-text-block-wrapper wd-wpb wd-rs-5e58f8d3a2728 color-scheme-custom wd-width-100 text-left vc_custom_1582889179949\">\n\t\t\t\t<div class=\"woodmart-title-container woodmart-text-block reset-last-child font-primary wd-font-weight-500 \">\n\t\t\t\t\tLa gestion de la client\u00e8le chez Lorvin est guid\u00e9e par l&rsquo;analyse, pour d\u00e9couvrir des informations exploitables qui peuvent augmenter les revenus, minimiser les co\u00fbts et fournir la bonne exp\u00e9rience client. Nous nous effor\u00e7ons de fournir des solutions de gestion de la client\u00e8le de classe mondiale en utilisant les derni\u00e8res technologies et canaux comme le mobile, le web, les m\u00e9dias sociaux, le chat et le courrier \u00e9lectronique aux c\u00f4t\u00e9s des solutions de t\u00e9l\u00e9phonie traditionnelles.\t\t\t\t<\/div>\n\n\t\t\t\t\t\t\t<\/div>\n\t\t\t\t\t<div id=\"wd-5e58fa635d78b\" class=\"wd-text-block-wrapper wd-wpb wd-rs-5e58fa635d78b color-scheme-custom wd-width-100 text-left vc_custom_1582889574900 list-items\">\n\t\t\t\t<div class=\"woodmart-title-container woodmart-text-block reset-last-child font-primary wd-font-weight-500 \">\n\t\t\t\t\t<\/p>\n<ul>\n<li><strong>Facturation m\u00e9dicale et gestion des r\u00e9clamations de soins de sant\u00e9<\/strong><\/li>\n<\/ul>\n<p>\t\t\t\t<\/div>\n\n\t\t\t\t\t\t\t<\/div>\n\t\t\t\t\t<div id=\"wd-5e58f961dc092\" class=\"wd-text-block-wrapper wd-wpb wd-rs-5e58f961dc092 color-scheme-custom wd-width-100 text-left vc_custom_1582889323885\">\n\t\t\t\t<div class=\"woodmart-title-container woodmart-text-block reset-last-child font-primary wd-font-weight-500 \">\n\t\t\t\t\tNos plateformes num\u00e9riques permettent non seulement de r\u00e9duire les co\u00fbts, mais aussi d&rsquo;augmenter l&rsquo;efficacit\u00e9, avec un traitement plus rapide et sans erreur des r\u00e9clamations. Tirant parti de l&rsquo;automatisation robotis\u00e9e des processus, d&rsquo;arbitres bien form\u00e9s et de solutions de flux de travail, nous nous effor\u00e7ons de r\u00e9duire les d\u00e9lais d&rsquo;ex\u00e9cution, d&rsquo;am\u00e9liorer la pr\u00e9cision et la qualit\u00e9 des processus, avec un investissement en capital minimal.\t\t\t\t<\/div>\n\n\t\t\t\t\t\t\t<\/div>\n\t\t\t\t\t<div id=\"wd-5e58fa6a6c19d\" class=\"wd-text-block-wrapper wd-wpb wd-rs-5e58fa6a6c19d color-scheme-custom wd-width-100 text-left vc_custom_1582889586973 list-items\">\n\t\t\t\t<div class=\"woodmart-title-container woodmart-text-block reset-last-child font-primary wd-font-weight-500 \">\n\t\t\t\t\t<\/p>\n<ul>\n<li><strong>Services de support back office<\/strong><\/li>\n<\/ul>\n<p>\t\t\t\t<\/div>\n\n\t\t\t\t\t\t\t<\/div>\n\t\t\t\t\t<div id=\"wd-5e58f9b15328c\" class=\"wd-text-block-wrapper wd-wpb wd-rs-5e58f9b15328c color-scheme-custom wd-width-100 text-left vc_custom_1582889401597\">\n\t\t\t\t<div class=\"woodmart-title-container woodmart-text-block reset-last-child font-primary wd-font-weight-500 \">\n\t\t\t\t\tR\u00e9inventez votre entreprise en externalisant simplement le processus long et complexe de gestion, de reporting et de comptabilit\u00e9 \u00e0 nos experts du back-office. Nos services de support administratif sont con\u00e7us pour vous aider \u00e0 lib\u00e9rer vos pr\u00e9cieuses ressources et votre temps pour vous concentrer sur les activit\u00e9s principales de votre organisation dans l&rsquo;environnement concurrentiel d&rsquo;aujourd&rsquo;hui.\t\t\t\t<\/div>\n\n\t\t\t\t\t\t\t<\/div>\n\t\t\t\t\t<div id=\"wd-5e58faee30987\" class=\"wd-text-block-wrapper wd-wpb wd-rs-5e58faee30987 color-scheme-custom wd-width-100 text-left vc_custom_1582889720222 list-items\">\n\t\t\t\t<div class=\"woodmart-title-container woodmart-text-block reset-last-child font-primary wd-font-weight-500 \">\n\t\t\t\t\t<\/p>\n<ul>\n<li><strong>Services de centre d&rsquo;appels<\/strong><\/li>\n<\/ul>\n<p>\t\t\t\t<\/div>\n\n\t\t\t\t\t\t\t<\/div>\n\t\t\t\t\t<div id=\"wd-5e58fafbc5d22\" class=\"wd-text-block-wrapper wd-wpb wd-rs-5e58fafbc5d22 color-scheme-custom wd-width-100 text-left vc_custom_1582889731165\">\n\t\t\t\t<div class=\"woodmart-title-container woodmart-text-block reset-last-child font-primary wd-font-weight-500 \">\n\t\t\t\t\tNous fournissons des services de centre d&rsquo;appels \u00e0 service complet adapt\u00e9s \u00e0 vos besoins et \u00e0 votre groupe cible. En tant que soci\u00e9t\u00e9 de gestion de processus de premier plan, nous offrons des services de centre d&rsquo;appels, des services d&rsquo;assistance technique entrants, des services de support client \u00e0 la g\u00e9n\u00e9ration de leads sortants, au rappel de facturation, aux recouvrements, au t\u00e9l\u00e9marketing, etc. exp\u00e9rience client et communication sur tous les canaux.\t\t\t\t<\/div>\n\n\t\t\t\t\t\t\t<\/div>\n\t\t\t\t\t<div id=\"wd-5e58fb06e7efe\" class=\"wd-text-block-wrapper wd-wpb wd-rs-5e58fb06e7efe color-scheme-custom wd-width-100 text-left vc_custom_1582889744255 list-items\">\n\t\t\t\t<div class=\"woodmart-title-container woodmart-text-block reset-last-child font-primary wd-font-weight-500 \">\n\t\t\t\t\t<\/p>\n<ul>\n<li><strong>Services de support technique<\/strong><\/li>\n<\/ul>\n<p>\t\t\t\t<\/div>\n\n\t\t\t\t\t\t\t<\/div>\n\t\t\t\t\t<div id=\"wd-5e58fb13b27b7\" class=\"wd-text-block-wrapper wd-wpb wd-rs-5e58fb13b27b7 color-scheme-custom wd-width-100 text-left vc_custom_1582889754596\">\n\t\t\t\t<div class=\"woodmart-title-container woodmart-text-block reset-last-child font-primary wd-font-weight-500 \">\n\t\t\t\t\tLes services de support technique de Lorvin peuvent am\u00e9liorer l&rsquo;accessibilit\u00e9 tout en simplifiant l&rsquo;administration de votre environnement logiciel et mat\u00e9riel multifournisseur. En vous permettant de maintenir vos ressources et vos syst\u00e8mes \u00e0 leur meilleur rendement. Du support d&rsquo;application au support produit en passant par les capacit\u00e9s du support technique, vous pouvez compter sur nous.\t\t\t\t<\/div>\n\n\t\t\t\t\t\t\t<\/div>\n\t\t[\/vc_column][\/vc_row][vc_row content_placement=\u00a0\u00bbmiddle\u00a0\u00bb css=\u00a0\u00bb.vc_custom_1583817149476{padding-top: 60px !important;}\u00a0\u00bb mobile_bg_img_hidden=\u00a0\u00bbno\u00a0\u00bb tablet_bg_img_hidden=\u00a0\u00bbno\u00a0\u00bb woodmart_parallax=\u00a0\u00bb0&Prime; woodmart_gradient_switch=\u00a0\u00bbno\u00a0\u00bb row_reverse_mobile=\u00a0\u00bb1&Prime; row_reverse_tablet=\u00a0\u00bb0&Prime; woodmart_disable_overflow=\u00a0\u00bb0&Prime;][vc_column width=\u00a0\u00bb1\/2&Prime;]\n\t\t<div id=\"wd-5e590ec9a4410\" class=\"title-wrapper wd-wpb set-mb-s reset-last-child  wd-rs-5e590ec9a4410 wd-title-color-default wd-title-style-default wd-width-100 text-left vc_custom_1582894804484 wd-underline-colored\">\n\t\t\t\n\t\t\t<div class=\"liner-continer\">\n\t\t\t\t<h4 class=\"woodmart-title-container title  wd-font-weight- wd-fontsize-l\" >Nos diff\u00e9rences:<\/h4>\n\t\t\t\t\t\t\t<\/div>\n\t\t\t\n\t\t\t\n\t\t\t\n\t\t<\/div>\n\t\t\n\t\t\t\t\t<div id=\"wd-5e590eedbf08a\" class=\"wd-text-block-wrapper wd-wpb wd-rs-5e590eedbf08a color-scheme-custom wd-width-100 text-left vc_custom_1582894848554 list-items\">\n\t\t\t\t<div class=\"woodmart-title-container woodmart-text-block reset-last-child font-primary wd-font-weight-500 \">\n\t\t\t\t\t<\/p>\n<ul>\n<li>Mise en \u0153uvre des meilleures pratiques<\/li>\n<li>Approche collaborative, communicative et transparente<\/li>\n<li>Des tarifs comp\u00e9titifs<\/li>\n<li>Livraison rentable et rapide de projets de gestion de processus<\/li>\n<li>Exp\u00e9rience et expertise technologique<\/li>\n<\/ul>\n<p>\t\t\t\t<\/div>\n\n\t\t\t\t\t\t\t<\/div>\n\t\t[\/vc_column][vc_column width=\u00a0\u00bb1\/2&Prime;][vc_single_image image=\u00a0\u00bb429&Prime; img_size=\u00a0\u00bbfull\u00a0\u00bb parallax_scroll=\u00a0\u00bbno\u00a0\u00bb][\/vc_column][\/vc_row][vc_row content_placement=\u00a0\u00bbmiddle\u00a0\u00bb css=\u00a0\u00bb.vc_custom_1583817154530{padding-top: 60px !important;}\u00a0\u00bb mobile_bg_img_hidden=\u00a0\u00bbno\u00a0\u00bb tablet_bg_img_hidden=\u00a0\u00bbno\u00a0\u00bb woodmart_parallax=\u00a0\u00bb0&Prime; woodmart_gradient_switch=\u00a0\u00bbno\u00a0\u00bb row_reverse_mobile=\u00a0\u00bb1&Prime; row_reverse_tablet=\u00a0\u00bb0&Prime; woodmart_disable_overflow=\u00a0\u00bb0&Prime;][vc_column width=\u00a0\u00bb1\/2&Prime;][vc_single_image image=\u00a0\u00bb430&Prime; img_size=\u00a0\u00bbfull\u00a0\u00bb parallax_scroll=\u00a0\u00bbno\u00a0\u00bb][\/vc_column][vc_column width=\u00a0\u00bb1\/2&Prime;]\n\t\t<div id=\"wd-5e5910a278cf4\" class=\"title-wrapper wd-wpb set-mb-s reset-last-child  wd-rs-5e5910a278cf4 wd-title-color-default wd-title-style-default wd-width-100 text-left vc_custom_1582895272676 wd-underline-colored\">\n\t\t\t\n\t\t\t<div class=\"liner-continer\">\n\t\t\t\t<h4 class=\"woodmart-title-container title  wd-font-weight- wd-fontsize-l\" >Commencer avec nous est facile !!<\/h4>\n\t\t\t\t\t\t\t<\/div>\n\t\t\t\n\t\t\t\n\t\t\t\n\t\t<\/div>\n\t\t\n\t\t\t\t\t<div id=\"wd-5e5910945949f\" class=\"wd-text-block-wrapper wd-wpb wd-rs-5e5910945949f color-scheme-custom wd-width-100 text-left vc_custom_1582895263078 list-items\">\n\t\t\t\t<div class=\"woodmart-title-container woodmart-text-block reset-last-child font-primary wd-font-weight-500 \">\n\t\t\t\t\tVous avez besoin d&rsquo;aide pour la gestion des processus m\u00e9tier? Nos services de gestion de processuus garantissent que votre entreprise est aussi efficace et efficiente que possible. Contactez-nous maintenant pour commencer \u00e0 mettre en \u0153uvre des am\u00e9liorations et des changements importants pour votre entreprise.\t\t\t\t<\/div>\n\n\t\t\t\t\t\t\t<\/div>\n\t\t[\/vc_column][\/vc_row][\/vc_section]<\/p>\n","protected":false},"excerpt":{"rendered":"<p>[vc_section css=\u00a0\u00bb.vc_custom_1582889954587{padding-top: 80px !important;padding-bottom: 80px !important;}\u00a0\u00bb mobile_bg_img_hidden=\u00a0\u00bbno\u00a0\u00bb tablet_bg_img_hidden=\u00a0\u00bbno\u00a0\u00bb woodmart_parallax=\u00a0\u00bb0&Prime; woodmart_gradient_switch=\u00a0\u00bbno\u00a0\u00bb woodmart_disable_overflow=\u00a0\u00bb0&Prime; el_class=\u00a0\u00bbentry-section\u00a0\u00bb][vc_row content_placement=\u00a0\u00bbmiddle\u00a0\u00bb css=\u00a0\u00bb.vc_custom_1583816646462{padding-top: 0px !important;}\u00a0\u00bb mobile_bg_img_hidden=\u00a0\u00bbno\u00a0\u00bb tablet_bg_img_hidden=\u00a0\u00bbno\u00a0\u00bb woodmart_parallax=\u00a0\u00bb0&Prime; woodmart_gradient_switch=\u00a0\u00bbno\u00a0\u00bb<\/p>\n","protected":false},"author":2,"featured_media":0,"parent":0,"menu_order":0,"comment_status":"closed","ping_status":"closed","template":"","meta":[],"_links":{"self":[{"href":"https:\/\/www.lorvin.tech\/fr\/wp-json\/wp\/v2\/pages\/560"}],"collection":[{"href":"https:\/\/www.lorvin.tech\/fr\/wp-json\/wp\/v2\/pages"}],"about":[{"href":"https:\/\/www.lorvin.tech\/fr\/wp-json\/wp\/v2\/types\/page"}],"author":[{"embeddable":true,"href":"https:\/\/www.lorvin.tech\/fr\/wp-json\/wp\/v2\/users\/2"}],"replies":[{"embeddable":true,"href":"https:\/\/www.lorvin.tech\/fr\/wp-json\/wp\/v2\/comments?post=560"}],"version-history":[{"count":1,"href":"https:\/\/www.lorvin.tech\/fr\/wp-json\/wp\/v2\/pages\/560\/revisions"}],"predecessor-version":[{"id":561,"href":"https:\/\/www.lorvin.tech\/fr\/wp-json\/wp\/v2\/pages\/560\/revisions\/561"}],"wp:attachment":[{"href":"https:\/\/www.lorvin.tech\/fr\/wp-json\/wp\/v2\/media?parent=560"}],"curies":[{"name":"wp","href":"https:\/\/api.w.org\/{rel}","templated":true}]}}