{"id":562,"date":"2020-05-30T15:32:35","date_gmt":"2020-05-30T15:32:35","guid":{"rendered":"http:\/\/www.lorvin.tech\/carrieres\/"},"modified":"2020-05-30T16:10:43","modified_gmt":"2020-05-30T16:10:43","slug":"carrieres","status":"publish","type":"page","link":"https:\/\/www.lorvin.tech\/fr\/carrieres\/","title":{"rendered":"Carri\u00e8res"},"content":{"rendered":"<p>[vc_section css=\u00a0\u00bb.vc_custom_1583756561101{padding-top: 40px !important;padding-bottom: 80px !important;}\u00a0\u00bb mobile_bg_img_hidden=\u00a0\u00bbno\u00a0\u00bb tablet_bg_img_hidden=\u00a0\u00bbno\u00a0\u00bb woodmart_parallax=\u00a0\u00bb0&Prime; woodmart_gradient_switch=\u00a0\u00bbno\u00a0\u00bb woodmart_disable_overflow=\u00a0\u00bb0&Prime;][vc_row content_placement=\u00a0\u00bbmiddle\u00a0\u00bb mobile_bg_img_hidden=\u00a0\u00bbno\u00a0\u00bb tablet_bg_img_hidden=\u00a0\u00bbno\u00a0\u00bb woodmart_parallax=\u00a0\u00bb0&Prime; woodmart_gradient_switch=\u00a0\u00bbno\u00a0\u00bb row_reverse_mobile=\u00a0\u00bb1&Prime; row_reverse_tablet=\u00a0\u00bb0&Prime; woodmart_disable_overflow=\u00a0\u00bb0&Prime;][vc_column][vc_custom_heading text=\u00a0\u00bbCarri\u00e8res\u00a0\u00bb font_container=\u00a0\u00bbtag:h2|text_align:center\u00a0\u00bb google_fonts=\u00a0\u00bbfont_family:Open%20Sans%3A300%2C300italic%2Cregular%2Citalic%2C600%2C600italic%2C700%2C700italic%2C800%2C800italic|font_style:800%20bold%20regular%3A800%3Anormal\u00a0\u00bb el_class=\u00a0\u00bbreflected-title p-title\u00a0\u00bb css=\u00a0\u00bb.vc_custom_1584769051519{margin-bottom: 12px !important;}\u00a0\u00bb]\t\t\t<link rel=\"stylesheet\" id=\"wd-section-title-css\" href=\"https:\/\/www.lorvin.tech\/wp-content\/themes\/woodmart\/css\/parts\/el-section-title.min.css?ver=6.3.3\" type=\"text\/css\" media=\"all\" \/> \t\t\t\t\t\t<link rel=\"stylesheet\" id=\"wd-mod-highlighted-text-css\" href=\"https:\/\/www.lorvin.tech\/wp-content\/themes\/woodmart\/css\/parts\/mod-highlighted-text.min.css?ver=6.3.3\" type=\"text\/css\" media=\"all\" \/> \t\t\t\n\t\t<div id=\"wd-5e75a83309e39\" class=\"title-wrapper wd-wpb set-mb-s reset-last-child  wd-rs-5e75a83309e39 wd-title-color-default wd-title-style-default wd-width-100 text-center vc_custom_1584769061492 wd-underline-colored\">\n\t\t\t\n\t\t\t<div class=\"liner-continer\">\n\t\t\t\t<h2 class=\"woodmart-title-container title  wd-font-weight- wd-fontsize-l\" >Vous avez la comp\u00e9tence que nous avons l'occasion.<\/h2>\n\t\t\t\t\t\t\t<\/div>\n\t\t\t\n\t\t\t\n\t\t\t\n\t\t<\/div>\n\t\t\n\t\t\t\t\t<link rel=\"stylesheet\" id=\"wd-responsive-text-css\" href=\"https:\/\/www.lorvin.tech\/wp-content\/themes\/woodmart\/css\/parts\/el-responsive-text.min.css?ver=6.3.3\" type=\"text\/css\" media=\"all\" \/> \t\t\t\t\t\t<div id=\"wd-5e75ad96555bb\" class=\"wd-text-block-wrapper wd-wpb wd-rs-5e75ad96555bb color-scheme-custom wd-width-70 text-center vc_custom_1584770439485\">\n\t\t\t\t<div class=\"woodmart-title-container woodmart-text-block reset-last-child font-primary wd-font-weight-500 \">\n\t\t\t\t\tEn tant qu&rsquo;\u00e9quipe, nous travaillons avec passion pour vous afin d&rsquo;obtenir la bonne opportunit\u00e9 de carri\u00e8re dans un large \u00e9ventail d&rsquo;industries et de fonctions. Que vous ayez besoin de trouver les meilleurs talents, votre prochaine grande opportunit\u00e9 d&#8217;emploi ou une solution de conseil pour g\u00e9rer votre entreprise et relever les d\u00e9fis en mati\u00e8re de ressources, nous pouvons vous aider.\t\t\t\t<\/div>\n\n\t\t\t\t\t\t\t<\/div>\n\t\t[\/vc_column][\/vc_row][vc_row content_placement=\u00a0\u00bbmiddle\u00a0\u00bb mobile_bg_img_hidden=\u00a0\u00bbno\u00a0\u00bb tablet_bg_img_hidden=\u00a0\u00bbno\u00a0\u00bb woodmart_parallax=\u00a0\u00bb0&Prime; woodmart_gradient_switch=\u00a0\u00bbno\u00a0\u00bb row_reverse_mobile=\u00a0\u00bb1&Prime; row_reverse_tablet=\u00a0\u00bb0&Prime; woodmart_disable_overflow=\u00a0\u00bb0&Prime;][vc_column width=\u00a0\u00bb1\/4&Prime;][\/vc_column][vc_column width=\u00a0\u00bb1\/2&Prime;][\/vc_column][vc_column width=\u00a0\u00bb1\/4&Prime;][\/vc_column][\/vc_row][vc_row content_placement=\u00a0\u00bbmiddle\u00a0\u00bb css=\u00a0\u00bb.vc_custom_1582886009909{padding-top: 60px !important;}\u00a0\u00bb mobile_bg_img_hidden=\u00a0\u00bbno\u00a0\u00bb tablet_bg_img_hidden=\u00a0\u00bbno\u00a0\u00bb woodmart_parallax=\u00a0\u00bb0&Prime; woodmart_gradient_switch=\u00a0\u00bbno\u00a0\u00bb row_reverse_mobile=\u00a0\u00bb0&Prime; row_reverse_tablet=\u00a0\u00bb0&Prime; woodmart_disable_overflow=\u00a0\u00bb0&Prime;][vc_column width=\u00a0\u00bb1\/2&Prime;][vc_single_image image=\u00a0\u00bb516&Prime; img_size=\u00a0\u00bbfull\u00a0\u00bb parallax_scroll=\u00a0\u00bbno\u00a0\u00bb][\/vc_column][vc_column width=\u00a0\u00bb1\/2&Prime;]\n\t\t<div id=\"wd-5e75a976caebe\" class=\"title-wrapper wd-wpb set-mb-s reset-last-child  wd-rs-5e75a976caebe wd-title-color-default wd-title-style-default wd-width-100 text-left vc_custom_1584769384692 wd-underline-colored\">\n\t\t\t\n\t\t\t<div class=\"liner-continer\">\n\t\t\t\t<h2 class=\"woodmart-title-container title  wd-font-weight- wd-fontsize-l\" >Une organisation; multiples avantages:<\/h2>\n\t\t\t\t\t\t\t<\/div>\n\t\t\t\n\t\t\t\n\t\t\t\n\t\t<\/div>\n\t\t\n\t\t\t\t\t<div id=\"wd-5e75a98039fe0\" class=\"wd-text-block-wrapper wd-wpb wd-rs-5e75a98039fe0 color-scheme-custom wd-width-100 text-left vc_custom_1584769409999\">\n\t\t\t\t<div class=\"woodmart-title-container woodmart-text-block reset-last-child font-primary wd-font-weight-500 \">\n\t\t\t\t\t<\/p>\n<ul>\n<li>Opportunit\u00e9s infinies<\/li>\n<li>Processus facile<\/li>\n<li>Communication continue<\/li>\n<li>Flexibilit\u00e9<\/li>\n<li>Engagement et soutien continus<\/li>\n<\/ul>\n<p>\t\t\t\t<\/div>\n\n\t\t\t\t\t\t\t<\/div>\n\t\t\t\t\t<div id=\"wd-5e75a9e219bc5\" class=\"wd-text-block-wrapper wd-wpb wd-rs-5e75a9e219bc5 color-scheme-custom wd-width-100 text-left vc_custom_1584769490830\">\n\t\t\t\t<div class=\"woodmart-title-container woodmart-text-block reset-last-child font-primary wd-font-weight-500 \">\n\t\t\t\t\tNous recherchons constamment des professionnels qualifi\u00e9s des technologies de l&rsquo;information pour combler nos postes de consultants r\u00e9currents. En travaillant avec Lorvin et avec certains de nos clients Fortune 500, vous aurez acc\u00e8s aux meilleurs recruteurs de l&rsquo;industrie ainsi qu&rsquo;un processus continu de communication et de s\u00e9lection de confiance garantissant votre placement dans des emplois o\u00f9 vous excellez, apprenez et am\u00e9liorez votre exp\u00e9rience et construisez des relations durables.\t\t\t\t<\/div>\n\n\t\t\t\t\t\t\t<\/div>\n\t\t[\/vc_column][\/vc_row][vc_row content_placement=\u00a0\u00bbmiddle\u00a0\u00bb css=\u00a0\u00bb.vc_custom_1584769963922{padding-top: 60px !important;}\u00a0\u00bb mobile_bg_img_hidden=\u00a0\u00bbno\u00a0\u00bb tablet_bg_img_hidden=\u00a0\u00bbno\u00a0\u00bb woodmart_parallax=\u00a0\u00bb0&Prime; woodmart_gradient_switch=\u00a0\u00bbno\u00a0\u00bb row_reverse_mobile=\u00a0\u00bb0&Prime; row_reverse_tablet=\u00a0\u00bb0&Prime; woodmart_disable_overflow=\u00a0\u00bb0&Prime;][vc_column]\n\t\t<div id=\"wd-5e75aa4882080\" class=\"title-wrapper wd-wpb set-mb-s reset-last-child  wd-rs-5e75aa4882080 wd-title-color-default wd-title-style-default wd-width-100 text-center vc_custom_1584769632963 wd-underline-colored\">\n\t\t\t\n\t\t\t<div class=\"liner-continer\">\n\t\t\t\t<h2 class=\"woodmart-title-container title  wd-font-weight- wd-fontsize-l\" >Contactez-nous pour plus d'informations sur notre processus d'embauche et les postes ouverts en envoyant un courriel \u00e0<\/h2>\n\t\t\t\t\t\t\t<\/div>\n\t\t\t\n\t\t\t\n\t\t\t\n\t\t<\/div>\n\t\t\n\t\t[vc_custom_heading text=\u00a0\u00bbcareers@lorvin.tech\u00a0\u00bb font_container=\u00a0\u00bbtag:h2|text_align:center|color:%23006eb5&Prime; google_fonts=\u00a0\u00bbfont_family:Open%20Sans%3A300%2C300italic%2Cregular%2Citalic%2C600%2C600italic%2C700%2C700italic%2C800%2C800italic|font_style:700%20bold%20regular%3A700%3Anormal\u00a0\u00bb el_class=\u00a0\u00bbreflected-title p-title\u00a0\u00bb css=\u00a0\u00bb.vc_custom_1584769930957{margin-bottom: 12px !important;}\u00a0\u00bb link=\u00a0\u00bburl:mailto%3Acareers%40lorvin.tech|\u00a0\u00bb][\/vc_column][\/vc_row][\/vc_section]<\/p>\n","protected":false},"excerpt":{"rendered":"<p>[vc_section css=\u00a0\u00bb.vc_custom_1583756561101{padding-top: 40px !important;padding-bottom: 80px !important;}\u00a0\u00bb mobile_bg_img_hidden=\u00a0\u00bbno\u00a0\u00bb tablet_bg_img_hidden=\u00a0\u00bbno\u00a0\u00bb woodmart_parallax=\u00a0\u00bb0&Prime; woodmart_gradient_switch=\u00a0\u00bbno\u00a0\u00bb woodmart_disable_overflow=\u00a0\u00bb0&Prime;][vc_row content_placement=\u00a0\u00bbmiddle\u00a0\u00bb mobile_bg_img_hidden=\u00a0\u00bbno\u00a0\u00bb tablet_bg_img_hidden=\u00a0\u00bbno\u00a0\u00bb woodmart_parallax=\u00a0\u00bb0&Prime; woodmart_gradient_switch=\u00a0\u00bbno\u00a0\u00bb row_reverse_mobile=\u00a0\u00bb1&Prime; row_reverse_tablet=\u00a0\u00bb0&Prime; woodmart_disable_overflow=\u00a0\u00bb0&Prime;][vc_column][vc_custom_heading text=\u00a0\u00bbCarri\u00e8res\u00a0\u00bb<\/p>\n","protected":false},"author":2,"featured_media":0,"parent":0,"menu_order":0,"comment_status":"closed","ping_status":"closed","template":"","meta":[],"_links":{"self":[{"href":"https:\/\/www.lorvin.tech\/fr\/wp-json\/wp\/v2\/pages\/562"}],"collection":[{"href":"https:\/\/www.lorvin.tech\/fr\/wp-json\/wp\/v2\/pages"}],"about":[{"href":"https:\/\/www.lorvin.tech\/fr\/wp-json\/wp\/v2\/types\/page"}],"author":[{"embeddable":true,"href":"https:\/\/www.lorvin.tech\/fr\/wp-json\/wp\/v2\/users\/2"}],"replies":[{"embeddable":true,"href":"https:\/\/www.lorvin.tech\/fr\/wp-json\/wp\/v2\/comments?post=562"}],"version-history":[{"count":3,"href":"https:\/\/www.lorvin.tech\/fr\/wp-json\/wp\/v2\/pages\/562\/revisions"}],"predecessor-version":[{"id":627,"href":"https:\/\/www.lorvin.tech\/fr\/wp-json\/wp\/v2\/pages\/562\/revisions\/627"}],"wp:attachment":[{"href":"https:\/\/www.lorvin.tech\/fr\/wp-json\/wp\/v2\/media?parent=562"}],"curies":[{"name":"wp","href":"https:\/\/api.w.org\/{rel}","templated":true}]}}