{"id":566,"date":"2020-05-30T15:38:56","date_gmt":"2020-05-30T15:38:56","guid":{"rendered":"http:\/\/www.lorvin.tech\/services-dingenierie\/"},"modified":"2020-05-30T15:38:56","modified_gmt":"2020-05-30T15:38:56","slug":"services-dingenierie","status":"publish","type":"page","link":"https:\/\/www.lorvin.tech\/fr\/services-dingenierie\/","title":{"rendered":"Services d&rsquo;ing\u00e9nierie"},"content":{"rendered":"<p>[vc_section css=\u00a0\u00bb.vc_custom_1582881919537{padding-top: 80px !important;padding-bottom: 80px !important;}\u00a0\u00bb mobile_bg_img_hidden=\u00a0\u00bbno\u00a0\u00bb tablet_bg_img_hidden=\u00a0\u00bbno\u00a0\u00bb woodmart_parallax=\u00a0\u00bb0&Prime; woodmart_gradient_switch=\u00a0\u00bbno\u00a0\u00bb woodmart_disable_overflow=\u00a0\u00bb0&Prime;][vc_row][vc_column][vc_custom_heading text=\u00a0\u00bbServices d&rsquo;ing\u00e9nierie\u00a0\u00bb font_container=\u00a0\u00bbtag:h2|text_align:center\u00a0\u00bb google_fonts=\u00a0\u00bbfont_family:Open%20Sans%3A300%2C300italic%2Cregular%2Citalic%2C600%2C600italic%2C700%2C700italic%2C800%2C800italic|font_style:800%20bold%20regular%3A800%3Anormal\u00a0\u00bb el_class=\u00a0\u00bbreflected-title\u00a0\u00bb]\t\t\t<link rel=\"stylesheet\" id=\"wd-section-title-css\" href=\"https:\/\/www.lorvin.tech\/wp-content\/themes\/woodmart\/css\/parts\/el-section-title.min.css?ver=6.3.3\" type=\"text\/css\" media=\"all\" \/> \t\t\t\t\t\t<link rel=\"stylesheet\" id=\"wd-mod-highlighted-text-css\" href=\"https:\/\/www.lorvin.tech\/wp-content\/themes\/woodmart\/css\/parts\/mod-highlighted-text.min.css?ver=6.3.3\" type=\"text\/css\" media=\"all\" \/> \t\t\t\n\t\t<div id=\"wd-5e671a96c4b7a\" class=\"title-wrapper wd-wpb set-mb-s reset-last-child  wd-rs-5e671a96c4b7a wd-title-color-default wd-title-style-default wd-width-100 text-center vc_custom_1583815313775 wd-underline-colored\">\n\t\t\t\n\t\t\t<div class=\"liner-continer\">\n\t\t\t\t<h2 class=\"woodmart-title-container title  wd-font-weight- wd-fontsize-l\" >Relever les d\u00e9fis techniques de demain d\u00e8s aujourd'hui !!<\/h2>\n\t\t\t\t\t\t\t<\/div>\n\t\t\t\n\t\t\t\n\t\t\t\n\t\t<\/div>\n\t\t\n\t\t\t\t\t<link rel=\"stylesheet\" id=\"wd-responsive-text-css\" href=\"https:\/\/www.lorvin.tech\/wp-content\/themes\/woodmart\/css\/parts\/el-responsive-text.min.css?ver=6.3.3\" type=\"text\/css\" media=\"all\" \/> \t\t\t\t\t\t<div id=\"wd-5e671ac754634\" class=\"wd-text-block-wrapper wd-wpb wd-rs-5e671ac754634 color-scheme-custom wd-width-70 text-center vc_custom_1583815356148\">\n\t\t\t\t<div class=\"woodmart-title-container woodmart-text-block reset-last-child font-primary wd-font-weight-500 \">\n\t\t\t\t\tLorvin est un dirigeant mondial des services d&rsquo;ing\u00e9nierie, avec un personnel compos\u00e9 des meilleurs talents dans les principales disciplines d&rsquo;ing\u00e9nierie pour relever des d\u00e9fis d&rsquo;ing\u00e9nierie complexes.\t\t\t\t<\/div>\n\n\t\t\t\t\t\t\t<\/div>\n\t\t[\/vc_column][\/vc_row][vc_row content_placement=\u00a0\u00bbmiddle\u00a0\u00bb css=\u00a0\u00bb.vc_custom_1582887049364{padding-top: 60px !important;}\u00a0\u00bb mobile_bg_img_hidden=\u00a0\u00bbno\u00a0\u00bb tablet_bg_img_hidden=\u00a0\u00bbno\u00a0\u00bb woodmart_parallax=\u00a0\u00bb0&Prime; woodmart_gradient_switch=\u00a0\u00bbno\u00a0\u00bb row_reverse_mobile=\u00a0\u00bb1&Prime; row_reverse_tablet=\u00a0\u00bb0&Prime; woodmart_disable_overflow=\u00a0\u00bb0&Prime;][vc_column width=\u00a0\u00bb1\/2&Prime;]\t\t\t<div id=\"wd-5e671ae2588a0\" class=\"wd-text-block-wrapper wd-wpb wd-rs-5e671ae2588a0 color-scheme-custom wd-width-100 text-left vc_custom_1583815383635\">\n\t\t\t\t<div class=\"woodmart-title-container woodmart-text-block reset-last-child font-primary wd-font-weight-500 \">\n\t\t\t\t\tDes clients de divers secteurs font confiance \u00e0 Lorvin pour ses services d&rsquo;ing\u00e9nierie. Avec un enthousiasme profond pour apprendre, d\u00e9velopper et am\u00e9liorer la fa\u00e7on dont les choses fonctionnent vraiment, nos ing\u00e9nieurs hautement qualifi\u00e9s combinent une expertise sp\u00e9cifique \u00e0 l&rsquo;industrie, des perspectives uniques et une exp\u00e9rience approfondie pour nous assurer de fournir les bonnes solutions d&rsquo;ing\u00e9nierie pour votre entreprise.\t\t\t\t<\/div>\n\n\t\t\t\t\t\t\t<\/div>\n\t\t\n\t\t<div id=\"wd-5e58fe1e2eed7\" class=\"title-wrapper wd-wpb set-mb-s reset-last-child  wd-rs-5e58fe1e2eed7 wd-title-color-default wd-title-style-default wd-width-100 text-left vc_custom_1582890540357 wd-underline-colored\">\n\t\t\t\n\t\t\t<div class=\"liner-continer\">\n\t\t\t\t<h2 class=\"woodmart-title-container title  wd-font-weight- wd-fontsize-l\" >Nous nous effor\u00e7ons de fa\u00e7onner un monde meilleur !!<\/h2>\n\t\t\t\t\t\t\t<\/div>\n\t\t\t\n\t\t\t\n\t\t\t\n\t\t<\/div>\n\t\t\n\t\t\t\t\t<div id=\"wd-5e75f8b6017d0\" class=\"wd-text-block-wrapper wd-wpb wd-rs-5e75f8b6017d0 color-scheme-custom wd-width-100 text-left vc_custom_1584789693196\">\n\t\t\t\t<div class=\"woodmart-title-container woodmart-text-block reset-last-child font-primary wd-font-weight-500 \">\n\t\t\t\t\tL&rsquo;avancement qui rend le monde moderne hautement possible peut sembler magique \u00e0 la plupart des gens. Mais, chez Lorvin, nous regardons de plus pr\u00e8s et nous nous effor\u00e7ons de comprendre ce qui fait vraiment fonctionner les choses et de d\u00e9terminer des approches pour les rendre encore plus efficaces. Lorvin fournit des solutions vitales en ing\u00e9nierie qui g\u00e9n\u00e8rent des r\u00e9sultats et assurent la croissance de nos clients.\t\t\t\t<\/div>\n\n\t\t\t\t\t\t\t<\/div>\n\t\t\t\t\t<div id=\"wd-5e58fe4243e66\" class=\"wd-text-block-wrapper wd-wpb wd-rs-5e58fe4243e66 color-scheme-custom wd-width-100 text-left vc_custom_1582890566553\">\n\t\t\t\t<div class=\"woodmart-title-container woodmart-text-block reset-last-child font-primary wd-font-weight-500 \">\n\t\t\t\t\tNous sommes des r\u00e9solveurs de probl\u00e8mes et poss\u00e9dons un ADN d&rsquo;ing\u00e9nierie. Nous appliquons notre expertise technique et de domaine pour aider les clients \u00e0 concevoir, d\u00e9velopper et maintenir des produits de premi\u00e8re classe.\t\t\t\t<\/div>\n\n\t\t\t\t\t\t\t<\/div>\n\t\t\t\t\t<div id=\"wd-5e58fe4a840ad\" class=\"wd-text-block-wrapper wd-wpb wd-rs-5e58fe4a840ad color-scheme-custom wd-width-100 text-left vc_custom_1582890582229\">\n\t\t\t\t<div class=\"woodmart-title-container woodmart-text-block reset-last-child font-primary wd-font-weight-500 \">\n\t\t\t\t\tNos capacit\u00e9s d&rsquo;ing\u00e9nierie de base se concentrent sur l&rsquo;innovation et la technologie, et notre enthousiasme pour la perfection nous aide \u00e0 cr\u00e9er de la valeur pour nos clients dans leurs secteurs respectifs.\t\t\t\t<\/div>\n\n\t\t\t\t\t\t\t<\/div>\n\t\t[\/vc_column][vc_column width=\u00a0\u00bb1\/2&Prime;][vc_single_image image=\u00a0\u00bb420&Prime; img_size=\u00a0\u00bbfull\u00a0\u00bb parallax_scroll=\u00a0\u00bbno\u00a0\u00bb][\/vc_column][\/vc_row][vc_row content_placement=\u00a0\u00bbmiddle\u00a0\u00bb css=\u00a0\u00bb.vc_custom_1583815734827{padding-top: 60px !important;}\u00a0\u00bb mobile_bg_img_hidden=\u00a0\u00bbno\u00a0\u00bb tablet_bg_img_hidden=\u00a0\u00bbno\u00a0\u00bb woodmart_parallax=\u00a0\u00bb0&Prime; woodmart_gradient_switch=\u00a0\u00bbno\u00a0\u00bb row_reverse_mobile=\u00a0\u00bb0&Prime; row_reverse_tablet=\u00a0\u00bb0&Prime; woodmart_disable_overflow=\u00a0\u00bb0&Prime;][vc_column width=\u00a0\u00bb1\/2&Prime;][vc_single_image image=\u00a0\u00bb421&Prime; img_size=\u00a0\u00bbfull\u00a0\u00bb parallax_scroll=\u00a0\u00bbno\u00a0\u00bb][\/vc_column][vc_column width=\u00a0\u00bb1\/2&Prime;]\n\t\t<div id=\"wd-5e58fe596c69e\" class=\"title-wrapper wd-wpb set-mb-s reset-last-child  wd-rs-5e58fe596c69e wd-title-color-default wd-title-style-default wd-width-100 text-left vc_custom_1582890596917 wd-underline-colored\">\n\t\t\t\n\t\t\t<div class=\"liner-continer\">\n\t\t\t\t<h2 class=\"woodmart-title-container title  wd-font-weight- wd-fontsize-l\" >Services d'ing\u00e9nierie: nos principaux domaines d'expertise<\/h2>\n\t\t\t\t\t\t\t<\/div>\n\t\t\t\n\t\t\t\n\t\t\t\n\t\t<\/div>\n\t\t\n\t\t\t\t\t<div id=\"wd-5e58fe67562e8\" class=\"wd-text-block-wrapper wd-wpb wd-rs-5e58fe67562e8 color-scheme-custom wd-width-100 text-left vc_custom_1582890607143\">\n\t\t\t\t<div class=\"woodmart-title-container woodmart-text-block reset-last-child font-primary wd-font-weight-500 \">\n\t\t\t\t\t<\/p>\n<ul>\n<li>CAD\/CAM<\/li>\n<li>Ing\u00e9nierie d\u00e9taill\u00e9e<\/li>\n<li>Gestion du changement technique<\/li>\n<li>Gestion des non-conformit\u00e9s<\/li>\n<li>Ing\u00e9nierie des co\u00fbts<\/li>\n<li>Analyse des \u00e9l\u00e9ments finis<\/li>\n<li>Analyse des fluides \/ CFD<\/li>\n<li>Les analyses thermiques<\/li>\n<li>Optimisation<\/li>\n<\/ul>\n<p>\t\t\t\t<\/div>\n\n\t\t\t\t\t\t\t<\/div>\n\t\t[\/vc_column][\/vc_row][vc_row content_placement=\u00a0\u00bbmiddle\u00a0\u00bb css=\u00a0\u00bb.vc_custom_1583815746803{padding-top: 60px !important;}\u00a0\u00bb mobile_bg_img_hidden=\u00a0\u00bbno\u00a0\u00bb tablet_bg_img_hidden=\u00a0\u00bbno\u00a0\u00bb woodmart_parallax=\u00a0\u00bb0&Prime; woodmart_gradient_switch=\u00a0\u00bbno\u00a0\u00bb row_reverse_mobile=\u00a0\u00bb1&Prime; row_reverse_tablet=\u00a0\u00bb0&Prime; woodmart_disable_overflow=\u00a0\u00bb0&Prime;][vc_column width=\u00a0\u00bb1\/2&Prime;]\n\t\t<div id=\"wd-5e58fe845907f\" class=\"title-wrapper wd-wpb set-mb-s reset-last-child  wd-rs-5e58fe845907f wd-title-color-default wd-title-style-default wd-width-100 text-left vc_custom_1582890636750 wd-underline-colored\">\n\t\t\t\n\t\t\t<div class=\"liner-continer\">\n\t\t\t\t<h2 class=\"woodmart-title-container title  wd-font-weight- wd-fontsize-l\" >Votre partenaire dans l'ensemble de votre processus de d\u00e9veloppement<\/h2>\n\t\t\t\t\t\t\t<\/div>\n\t\t\t\n\t\t\t\n\t\t\t\n\t\t<\/div>\n\t\t\n\t\t\t\t\t<div id=\"wd-5e58fe8e69b91\" class=\"wd-text-block-wrapper wd-wpb wd-rs-5e58fe8e69b91 color-scheme-custom wd-width-100 text-left vc_custom_1582890645995\">\n\t\t\t\t<div class=\"woodmart-title-container woodmart-text-block reset-last-child font-primary wd-font-weight-500 \">\n\t\t\t\t\tSouhaitez-vous d\u00e9velopper des tests de conduite virtuels? Nous sommes l\u00e0 pour vous aider!!\t\t\t\t<\/div>\n\n\t\t\t\t\t\t\t<\/div>\n\t\t\t\t\t<div id=\"wd-5e58fe99b0d6b\" class=\"wd-text-block-wrapper wd-wpb wd-rs-5e58fe99b0d6b color-scheme-custom wd-width-100 text-left vc_custom_1582890658032\">\n\t\t\t\t<div class=\"woodmart-title-container woodmart-text-block reset-last-child font-primary wd-font-weight-500 \">\n\t\t\t\t\tNous traitons quotidiennement des solutions de simulation et comment elles peuvent \u00eatre int\u00e9gr\u00e9es efficacement dans le processus de d\u00e9veloppement. Nous aimons partager notre exp\u00e9rience et nos connaissances avec vous et vous aider \u00e0 optimiser vos processus. Que vous consultiez, \u00e9tablissiez des services de prototype ou de simulation, vous pouvez compter sur nous pour obtenir le meilleur soutien.\t\t\t\t<\/div>\n\n\t\t\t\t\t\t\t<\/div>\n\t\t\t\t\t<div id=\"wd-5e58fea4a5522\" class=\"wd-text-block-wrapper wd-wpb wd-rs-5e58fea4a5522 color-scheme-custom wd-width-100 text-left vc_custom_1582890666889\">\n\t\t\t\t<div class=\"woodmart-title-container woodmart-text-block reset-last-child font-primary wd-font-weight-500 \">\n\t\t\t\t\tChez Lorvin, nous nous effor\u00e7ons non seulement de fournir les bons produits, mais \u00e9galement des conseils personnalis\u00e9s et des services d&rsquo;ing\u00e9nierie personnalis\u00e9s \u00e0 nos clients. Des petits travaux de simulation aux solutions plus complexes, vous pouvez compter sur notre exp\u00e9rience.\t\t\t\t<\/div>\n\n\t\t\t\t\t\t\t<\/div>\n\t\t\t\t\t<div id=\"wd-5e58feaecd9c0\" class=\"wd-text-block-wrapper wd-wpb wd-rs-5e58feaecd9c0 color-scheme-custom wd-width-100 text-left vc_custom_1582890676929\">\n\t\t\t\t<div class=\"woodmart-title-container woodmart-text-block reset-last-child font-primary wd-font-weight-500 \">\n\t\t\t\t\tEn tant que partenaire de d\u00e9veloppement, nous travaillons en \u00e9troite collaboration avec vous tout au long de votre d\u00e9veloppement. Vous d\u00e9terminez si vous souhaitez uniquement compter sur notre assistance \u00e0 des \u00e9tapes particuli\u00e8res ou dans l&rsquo;ensemble du processus de d\u00e9veloppement. Si besoin, nous pouvons m\u00eame vous aider de la consolation initiale au d\u00e9veloppement et \u00e0 l&rsquo;int\u00e9gration de la solution dans votre process.\t\t\t\t<\/div>\n\n\t\t\t\t\t\t\t<\/div>\n\t\t\t\t\t<div id=\"wd-5e58feb7ec759\" class=\"wd-text-block-wrapper wd-wpb wd-rs-5e58feb7ec759 color-scheme-custom wd-width-100 text-left vc_custom_1582890686481\">\n\t\t\t\t<div class=\"woodmart-title-container woodmart-text-block reset-last-child font-primary wd-font-weight-500 \">\n\t\t\t\t\tNotre devise est simple et c&rsquo;est de collaborer avec vous pour r\u00e9soudre vos d\u00e9fis d&rsquo;ing\u00e9nierie !!\t\t\t\t<\/div>\n\n\t\t\t\t\t\t\t<\/div>\n\t\t[\/vc_column][vc_column width=\u00a0\u00bb1\/2&Prime;][vc_single_image image=\u00a0\u00bb422&Prime; img_size=\u00a0\u00bbfull\u00a0\u00bb parallax_scroll=\u00a0\u00bbno\u00a0\u00bb][\/vc_column][\/vc_row][vc_row content_placement=\u00a0\u00bbmiddle\u00a0\u00bb css=\u00a0\u00bb.vc_custom_1583815753211{padding-top: 60px !important;}\u00a0\u00bb mobile_bg_img_hidden=\u00a0\u00bbno\u00a0\u00bb tablet_bg_img_hidden=\u00a0\u00bbno\u00a0\u00bb woodmart_parallax=\u00a0\u00bb0&Prime; woodmart_gradient_switch=\u00a0\u00bbno\u00a0\u00bb row_reverse_mobile=\u00a0\u00bb0&Prime; row_reverse_tablet=\u00a0\u00bb0&Prime; woodmart_disable_overflow=\u00a0\u00bb0&Prime;][vc_column width=\u00a0\u00bb1\/2&Prime;][vc_single_image image=\u00a0\u00bb423&Prime; img_size=\u00a0\u00bbfull\u00a0\u00bb parallax_scroll=\u00a0\u00bbno\u00a0\u00bb][\/vc_column][vc_column width=\u00a0\u00bb1\/2&Prime;]\n\t\t<div id=\"wd-5e58fec908817\" class=\"title-wrapper wd-wpb set-mb-s reset-last-child  wd-rs-5e58fec908817 wd-title-color-default wd-title-style-default wd-width-100 text-left vc_custom_1582890708096 wd-underline-colored\">\n\t\t\t\n\t\t\t<div class=\"liner-continer\">\n\t\t\t\t<h2 class=\"woodmart-title-container title  wd-font-weight- wd-fontsize-l\" >\u00cates-vous pr\u00eat pour l'excellence?<\/h2>\n\t\t\t\t\t\t\t<\/div>\n\t\t\t\n\t\t\t\n\t\t\t\n\t\t<\/div>\n\t\t\n\t\t\t\t\t<div id=\"wd-5e58fed5e56ad\" class=\"wd-text-block-wrapper wd-wpb wd-rs-5e58fed5e56ad color-scheme-custom wd-width-100 text-left vc_custom_1582890715301\">\n\t\t\t\t<div class=\"woodmart-title-container woodmart-text-block reset-last-child font-primary wd-font-weight-500 \">\n\t\t\t\t\tChez Lorvin, nous sommes des penseurs, des cr\u00e9ateurs et des faiseurs &#8211; aborder les probl\u00e8mes d&rsquo;ing\u00e9nierie cl\u00e9s est ce que nous aimons vraiment faire !!\t\t\t\t<\/div>\n\n\t\t\t\t\t\t\t<\/div>\n\t\t\t\t\t<div id=\"wd-5e58fede67908\" class=\"wd-text-block-wrapper wd-wpb wd-rs-5e58fede67908 color-scheme-custom wd-width-100 text-left vc_custom_1582890722896 list-items\">\n\t\t\t\t<div class=\"woodmart-title-container woodmart-text-block reset-last-child font-primary wd-font-weight-500 \">\n\t\t\t\t\tQuel que soit le travail que nous entreprenons, nous croyons en la livraison de solutions \u00e0 temps et en r\u00e9pondant aux attentes de nos clients. Nous obtenons constamment des notes \u00e9lev\u00e9es concernant la propri\u00e9t\u00e9 d&rsquo;ex\u00e9cution, l&rsquo;expertise technique, la livraison \u00e0 temps, le respect des exigences, etc.\t\t\t\t<\/div>\n\n\t\t\t\t\t\t\t<\/div>\n\t\t\t\t\t<div id=\"wd-5e58fee4d40e9\" class=\"wd-text-block-wrapper wd-wpb wd-rs-5e58fee4d40e9 color-scheme-custom wd-width-100 text-left vc_custom_1582890730530\">\n\t\t\t\t<div class=\"woodmart-title-container woodmart-text-block reset-last-child font-primary wd-font-weight-500 \">\n\t\t\t\t\tIl est temps pour vous de voir une diff\u00e9rence que nous faisons pour votre industrie. Alors, contactez-nous d\u00e8s aujourd&rsquo;hui pour planifier une premi\u00e8re consultation afin que nous puissions discuter de vos exigences et besoins.\t\t\t\t<\/div>\n\n\t\t\t\t\t\t\t<\/div>\n\t\t[\/vc_column][\/vc_row][\/vc_section]<\/p>\n","protected":false},"excerpt":{"rendered":"<p>[vc_section css=\u00a0\u00bb.vc_custom_1582881919537{padding-top: 80px !important;padding-bottom: 80px !important;}\u00a0\u00bb mobile_bg_img_hidden=\u00a0\u00bbno\u00a0\u00bb tablet_bg_img_hidden=\u00a0\u00bbno\u00a0\u00bb woodmart_parallax=\u00a0\u00bb0&Prime; woodmart_gradient_switch=\u00a0\u00bbno\u00a0\u00bb woodmart_disable_overflow=\u00a0\u00bb0&Prime;][vc_row][vc_column][vc_custom_heading text=\u00a0\u00bbServices d&rsquo;ing\u00e9nierie\u00a0\u00bb font_container=\u00a0\u00bbtag:h2|text_align:center\u00a0\u00bb google_fonts=\u00a0\u00bbfont_family:Open%20Sans%3A300%2C300italic%2Cregular%2Citalic%2C600%2C600italic%2C700%2C700italic%2C800%2C800italic|font_style:800%20bold%20regular%3A800%3Anormal\u00a0\u00bb el_class=\u00a0\u00bbreflected-title\u00a0\u00bb][\/vc_column][\/vc_row][vc_row content_placement=\u00a0\u00bbmiddle\u00a0\u00bb css=\u00a0\u00bb.vc_custom_1582887049364{padding-top: 60px !important;}\u00a0\u00bb<\/p>\n","protected":false},"author":2,"featured_media":0,"parent":0,"menu_order":0,"comment_status":"closed","ping_status":"closed","template":"","meta":[],"_links":{"self":[{"href":"https:\/\/www.lorvin.tech\/fr\/wp-json\/wp\/v2\/pages\/566"}],"collection":[{"href":"https:\/\/www.lorvin.tech\/fr\/wp-json\/wp\/v2\/pages"}],"about":[{"href":"https:\/\/www.lorvin.tech\/fr\/wp-json\/wp\/v2\/types\/page"}],"author":[{"embeddable":true,"href":"https:\/\/www.lorvin.tech\/fr\/wp-json\/wp\/v2\/users\/2"}],"replies":[{"embeddable":true,"href":"https:\/\/www.lorvin.tech\/fr\/wp-json\/wp\/v2\/comments?post=566"}],"version-history":[{"count":1,"href":"https:\/\/www.lorvin.tech\/fr\/wp-json\/wp\/v2\/pages\/566\/revisions"}],"predecessor-version":[{"id":567,"href":"https:\/\/www.lorvin.tech\/fr\/wp-json\/wp\/v2\/pages\/566\/revisions\/567"}],"wp:attachment":[{"href":"https:\/\/www.lorvin.tech\/fr\/wp-json\/wp\/v2\/media?parent=566"}],"curies":[{"name":"wp","href":"https:\/\/api.w.org\/{rel}","templated":true}]}}