{"id":568,"date":"2020-05-30T15:42:02","date_gmt":"2020-05-30T15:42:02","guid":{"rendered":"http:\/\/www.lorvin.tech\/soins-de-sante\/"},"modified":"2020-05-30T15:42:03","modified_gmt":"2020-05-30T15:42:03","slug":"soins-de-sante","status":"publish","type":"page","link":"https:\/\/www.lorvin.tech\/fr\/soins-de-sante\/","title":{"rendered":"Soins de sant\u00e9"},"content":{"rendered":"<p>[vc_section css=\u00a0\u00bb.vc_custom_1582881919537{padding-top: 80px !important;padding-bottom: 80px !important;}\u00a0\u00bb mobile_bg_img_hidden=\u00a0\u00bbno\u00a0\u00bb tablet_bg_img_hidden=\u00a0\u00bbno\u00a0\u00bb woodmart_parallax=\u00a0\u00bb0&Prime; woodmart_gradient_switch=\u00a0\u00bbno\u00a0\u00bb woodmart_disable_overflow=\u00a0\u00bb0&Prime;][vc_row][vc_column width=\u00a0\u00bb1\/2&Prime;][vc_custom_heading text=\u00a0\u00bbSoins de sant\u00e9\u00a0\u00bb google_fonts=\u00a0\u00bbfont_family:Open%20Sans%3A300%2C300italic%2Cregular%2Citalic%2C600%2C600italic%2C700%2C700italic%2C800%2C800italic|font_style:800%20bold%20regular%3A800%3Anormal\u00a0\u00bb el_class=\u00a0\u00bbreflected-title p-title\u00a0\u00bb]\t\t\t<link rel=\"stylesheet\" id=\"wd-responsive-text-css\" href=\"https:\/\/www.lorvin.tech\/wp-content\/themes\/woodmart\/css\/parts\/el-responsive-text.min.css?ver=6.3.3\" type=\"text\/css\" media=\"all\" \/> \t\t\t\t\t\t<div id=\"wd-5e6621160b10e\" class=\"wd-text-block-wrapper wd-wpb wd-rs-5e6621160b10e color-scheme-custom wd-width-100 text-left vc_custom_1583751441170\">\n\t\t\t\t<div class=\"woodmart-title-container woodmart-text-block reset-last-child font-primary wd-font-weight-600 \">\n\t\t\t\t\tFournir des solutions informatiques \u00e9volutives, durables et compl\u00e8tes \u00e0 l&rsquo;industrie de la sant\u00e9 !!\t\t\t\t<\/div>\n\n\t\t\t\t\t\t\t<\/div>\n\t\t[vc_empty_space height=\u00a0\u00bb10&Prime; woodmart_hide_large=\u00a0\u00bb0&Prime; woodmart_hide_medium=\u00a0\u00bb0&Prime; woodmart_hide_small=\u00a0\u00bb0&Prime; woodmart_hide_extra_small=\u00a0\u00bb0&Prime;]\t\t\t<div id=\"wd-5e66212496bdf\" class=\"wd-text-block-wrapper wd-wpb wd-rs-5e66212496bdf color-scheme-custom wd-width-100 text-left vc_custom_1583751448735\">\n\t\t\t\t<div class=\"woodmart-title-container woodmart-text-block reset-last-child font-primary wd-font-weight-500 \">\n\t\t\t\t\tLorvin est un partenaire fiable choisi de plusieurs entreprises de soins de sant\u00e9 alors que nous nous effor\u00e7ons d&rsquo;am\u00e9liorer leur structure technique pour s&rsquo;adapter et soutenir un changement constant, fournir des solutions \u00e0 valeur ajout\u00e9e qui aident \u00e0 g\u00e9rer les h\u00f4pitaux et les cliniques en tant qu entreprises.\t\t\t\t<\/div>\n\n\t\t\t\t\t\t\t<\/div>\n\t\t[\/vc_column][vc_column width=\u00a0\u00bb1\/2&Prime;][vc_single_image image=\u00a0\u00bb389&Prime; img_size=\u00a0\u00bbfull\u00a0\u00bb parallax_scroll=\u00a0\u00bbno\u00a0\u00bb][\/vc_column][\/vc_row][vc_row content_placement=\u00a0\u00bbmiddle\u00a0\u00bb css=\u00a0\u00bb.vc_custom_1582887049364{padding-top: 60px !important;}\u00a0\u00bb mobile_bg_img_hidden=\u00a0\u00bbno\u00a0\u00bb tablet_bg_img_hidden=\u00a0\u00bbno\u00a0\u00bb woodmart_parallax=\u00a0\u00bb0&Prime; woodmart_gradient_switch=\u00a0\u00bbno\u00a0\u00bb row_reverse_mobile=\u00a0\u00bb1&Prime; row_reverse_tablet=\u00a0\u00bb0&Prime; woodmart_disable_overflow=\u00a0\u00bb0&Prime;][vc_column width=\u00a0\u00bb1\/2&Prime;]\t\t\t<link rel=\"stylesheet\" id=\"wd-section-title-css\" href=\"https:\/\/www.lorvin.tech\/wp-content\/themes\/woodmart\/css\/parts\/el-section-title.min.css?ver=6.3.3\" type=\"text\/css\" media=\"all\" \/> \t\t\t\t\t\t<link rel=\"stylesheet\" id=\"wd-mod-highlighted-text-css\" href=\"https:\/\/www.lorvin.tech\/wp-content\/themes\/woodmart\/css\/parts\/mod-highlighted-text.min.css?ver=6.3.3\" type=\"text\/css\" media=\"all\" \/> \t\t\t\n\t\t<div id=\"wd-5e590439e45b5\" class=\"title-wrapper wd-wpb set-mb-s reset-last-child  wd-rs-5e590439e45b5 wd-title-color-default wd-title-style-default wd-width-100 text-left vc_custom_1582892109570 wd-underline-colored\">\n\t\t\t\n\t\t\t<div class=\"liner-continer\">\n\t\t\t\t<h2 class=\"woodmart-title-container title  wd-font-weight- wd-fontsize-l\" >Solutions sur mesure<\/h2>\n\t\t\t\t\t\t\t<\/div>\n\t\t\t\n\t\t\t\n\t\t\t\n\t\t<\/div>\n\t\t\n\t\t\t\t\t<div id=\"wd-5e59045a12cc3\" class=\"wd-text-block-wrapper wd-wpb wd-rs-5e59045a12cc3 color-scheme-custom wd-width-100 text-left vc_custom_1582892147979\">\n\t\t\t\t<div class=\"woodmart-title-container woodmart-text-block reset-last-child font-primary wd-font-weight-500 \">\n\t\t\t\t\tNous pensons qu&rsquo;une taille unique ne convient pas du tout. Des industries particuli\u00e8res font face \u00e0 des d\u00e9fis particuliers et l&rsquo;industrie des soins de sant\u00e9 en constante \u00e9volution entre certainement dans cette cat\u00e9gorie. Entre les r\u00e9glementations strictes de conformit\u00e9 HIPPA et les lourdes charges impos\u00e9es si vous ne les respectez pas et si vous avez du mal \u00e0 acc\u00e9l\u00e9rer la gestion des pratiques et la gestion des enregistrements par voie \u00e9lectronique, vous avez certainement besoin d&rsquo;un partenaire avis\u00e9 qui peut prendre vos soucis informatiques. Les institutions m\u00e9dicales et les entreprises doivent se concentrer enti\u00e8rement sur les soins de sant\u00e9 aux patients, sans interruption des temps d&rsquo;arr\u00eat et des hoquets technologiques.\t\t\t\t<\/div>\n\n\t\t\t\t\t\t\t<\/div>\n\t\t[\/vc_column][vc_column width=\u00a0\u00bb1\/2&Prime;][vc_single_image image=\u00a0\u00bb390&Prime; img_size=\u00a0\u00bbfull\u00a0\u00bb parallax_scroll=\u00a0\u00bbno\u00a0\u00bb][\/vc_column][\/vc_row][vc_row content_placement=\u00a0\u00bbmiddle\u00a0\u00bb css=\u00a0\u00bb.vc_custom_1582886009909{padding-top: 60px !important;}\u00a0\u00bb mobile_bg_img_hidden=\u00a0\u00bbno\u00a0\u00bb tablet_bg_img_hidden=\u00a0\u00bbno\u00a0\u00bb woodmart_parallax=\u00a0\u00bb0&Prime; woodmart_gradient_switch=\u00a0\u00bbno\u00a0\u00bb row_reverse_mobile=\u00a0\u00bb0&Prime; row_reverse_tablet=\u00a0\u00bb0&Prime; woodmart_disable_overflow=\u00a0\u00bb0&Prime;][vc_column width=\u00a0\u00bb1\/2&Prime;][vc_single_image image=\u00a0\u00bb391&Prime; img_size=\u00a0\u00bbfull\u00a0\u00bb parallax_scroll=\u00a0\u00bbno\u00a0\u00bb][\/vc_column][vc_column width=\u00a0\u00bb1\/2&Prime;]\n\t\t<div id=\"wd-5e5904ffb3718\" class=\"title-wrapper wd-wpb set-mb-s reset-last-child  wd-rs-5e5904ffb3718 wd-title-color-default wd-title-style-default wd-width-100 text-left vc_custom_1582892307241 wd-underline-colored\">\n\t\t\t\n\t\t\t<div class=\"liner-continer\">\n\t\t\t\t<h2 class=\"woodmart-title-container title  wd-font-weight- wd-fontsize-l\" >R\u00e9pondre \u00e0 vos besoins<\/h2>\n\t\t\t\t\t\t\t<\/div>\n\t\t\t\n\t\t\t\n\t\t\t\n\t\t<\/div>\n\t\t\n\t\t\t\t\t<div id=\"wd-5e5904c723882\" class=\"wd-text-block-wrapper wd-wpb wd-rs-5e5904c723882 color-scheme-custom wd-width-100 text-left vc_custom_1582892253050\">\n\t\t\t\t<div class=\"woodmart-title-container woodmart-text-block reset-last-child font-primary wd-font-weight-500 \">\n\t\t\t\t\tNotre \u00e9quipe d&rsquo;experts d\u00e9vou\u00e9s \u00e9valuera vos syst\u00e8mes et fournira les solutions de conseil en informatique innovantes dont vous avez besoin. Vous pouvez vous attendre \u00e0 une multitude de solutions informatiques, qui incluent les DME, les solutions de transcription m\u00e9dicale, la gestion de cabinet, etc.,\t\t\t\t<\/div>\n\n\t\t\t\t\t\t\t<\/div>\n\t\t\t\t\t<div id=\"wd-5e5904d6b5867\" class=\"wd-text-block-wrapper wd-wpb wd-rs-5e5904d6b5867 color-scheme-custom wd-width-100 text-left vc_custom_1582892266709\">\n\t\t\t\t<div class=\"woodmart-title-container woodmart-text-block reset-last-child font-primary wd-font-weight-500 \">\n\t\t\t\t\tNous sommes fiers d&rsquo;un haut niveau d&rsquo;expertise dans l&rsquo;industrie des soins de sant\u00e9, ce qui nous permet de relever les principaux d\u00e9fis auxquels l&rsquo;industrie est confront\u00e9e.\t\t\t\t<\/div>\n\n\t\t\t\t\t\t\t<\/div>\n\t\t[\/vc_column][\/vc_row][vc_row content_placement=\u00a0\u00bbmiddle\u00a0\u00bb css=\u00a0\u00bb.vc_custom_1582887181017{padding-top: 0px !important;}\u00a0\u00bb mobile_bg_img_hidden=\u00a0\u00bbno\u00a0\u00bb tablet_bg_img_hidden=\u00a0\u00bbno\u00a0\u00bb woodmart_parallax=\u00a0\u00bb0&Prime; woodmart_gradient_switch=\u00a0\u00bbno\u00a0\u00bb row_reverse_mobile=\u00a0\u00bb1&Prime; row_reverse_tablet=\u00a0\u00bb0&Prime; woodmart_disable_overflow=\u00a0\u00bb0&Prime;][vc_column width=\u00a0\u00bb1\/2&Prime;]\n\t\t<div id=\"wd-5e59051451f40\" class=\"title-wrapper wd-wpb set-mb-s reset-last-child  wd-rs-5e59051451f40 wd-title-color-default wd-title-style-default wd-width-100 text-left vc_custom_1582892327457 wd-underline-colored\">\n\t\t\t\n\t\t\t<div class=\"liner-continer\">\n\t\t\t\t<h2 class=\"woodmart-title-container title  wd-font-weight- wd-fontsize-l\" >Pourquoi externaliser?<\/h2>\n\t\t\t\t\t\t\t<\/div>\n\t\t\t\n\t\t\t\n\t\t\t\n\t\t<\/div>\n\t\t\n\t\t\t\t\t<div id=\"wd-5e590524088ec\" class=\"wd-text-block-wrapper wd-wpb wd-rs-5e590524088ec color-scheme-custom wd-width-100 text-left vc_custom_1582892345128\">\n\t\t\t\t<div class=\"woodmart-title-container woodmart-text-block reset-last-child font-primary wd-font-weight-500 \">\n\t\t\t\t\tIl y a beaucoup d&rsquo;informations li\u00e9es aux directives en constante \u00e9volution de l&rsquo;assurance-maladie, au remboursement des soins de sant\u00e9 et aux r\u00e9glementations HIPPA. Avec Lorvin comme votre principal fournisseur de solutions informatiques, nous r\u00e9duisons les d\u00e9penses et le stress li\u00e9s aux mises \u00e0 jour logicielles, \u00e0 la formation et aux changements de politique de remboursement.\t\t\t\t<\/div>\n\n\t\t\t\t\t\t\t<\/div>\n\t\t\t\t\t<div id=\"wd-5e590536d6eff\" class=\"wd-text-block-wrapper wd-wpb wd-rs-5e590536d6eff color-scheme-custom wd-width-100 text-left vc_custom_1582892364530\">\n\t\t\t\t<div class=\"woodmart-title-container woodmart-text-block reset-last-child font-primary wd-font-weight-500 \">\n\t\t\t\t\tUn nombre croissant de groupes et d&rsquo;institutions m\u00e9dicales professionnelles se tournent vers des exigences de transcription m\u00e9dicale externalis\u00e9es pour s&rsquo;assurer que ces processus critiques sont effectu\u00e9s de mani\u00e8re efficace et professionnelle. Chez Lorvin, nous tirons parti des technologies modernes et des meilleures pratiques de l&rsquo;industrie, le tout g\u00e9r\u00e9 par un personnel professionnel engag\u00e9 \u00e0 fournir les meilleures solutions informatiques de sant\u00e9.\t\t\t\t<\/div>\n\n\t\t\t\t\t\t\t<\/div>\n\t\t[\/vc_column][vc_column width=\u00a0\u00bb1\/2&Prime;][vc_single_image image=\u00a0\u00bb392&Prime; img_size=\u00a0\u00bbfull\u00a0\u00bb parallax_scroll=\u00a0\u00bbno\u00a0\u00bb][\/vc_column][\/vc_row][vc_row content_placement=\u00a0\u00bbmiddle\u00a0\u00bb css=\u00a0\u00bb.vc_custom_1582887186937{padding-top: 0px !important;}\u00a0\u00bb mobile_bg_img_hidden=\u00a0\u00bbno\u00a0\u00bb tablet_bg_img_hidden=\u00a0\u00bbno\u00a0\u00bb woodmart_parallax=\u00a0\u00bb0&Prime; woodmart_gradient_switch=\u00a0\u00bbno\u00a0\u00bb row_reverse_mobile=\u00a0\u00bb0&Prime; row_reverse_tablet=\u00a0\u00bb0&Prime; woodmart_disable_overflow=\u00a0\u00bb0&Prime;][vc_column width=\u00a0\u00bb1\/2&Prime;][vc_single_image image=\u00a0\u00bb393&Prime; img_size=\u00a0\u00bbfull\u00a0\u00bb parallax_scroll=\u00a0\u00bbno\u00a0\u00bb][\/vc_column][vc_column width=\u00a0\u00bb1\/2&Prime;]\t\t\t<div id=\"wd-5e59054c20daa\" class=\"wd-text-block-wrapper wd-wpb wd-rs-5e59054c20daa color-scheme-custom wd-width-100 text-left vc_custom_1582892383890\">\n\t\t\t\t<div class=\"woodmart-title-container woodmart-text-block reset-last-child font-primary wd-font-weight-500 \">\n\t\t\t\t\tL&rsquo;externalisation de vos besoins de transcription m\u00e9dicale apportera les avantages suivants:\t\t\t\t<\/div>\n\n\t\t\t\t\t\t\t<\/div>\n\t\t\t\t\t<div id=\"wd-5e59056fcad31\" class=\"wd-text-block-wrapper wd-wpb wd-rs-5e59056fcad31 color-scheme-custom wd-width-100 text-left vc_custom_1582892420942 list-items\">\n\t\t\t\t<div class=\"woodmart-title-container woodmart-text-block reset-last-child font-primary wd-font-weight-500 \">\n\t\t\t\t\t<\/p>\n<ul>\n<li>Effectuez un traitement des r\u00e9clamations rapide et pr\u00e9cis.<\/li>\n<li>Maintenez un meilleur contr\u00f4le sur les co\u00fbts d&rsquo;exploitation et la dotation en personnel.<\/li>\n<li>Support client r\u00e9actif<\/li>\n<\/ul>\n<p>\t\t\t\t<\/div>\n\n\t\t\t\t\t\t\t<\/div>\n\t\t\t\t\t<div id=\"wd-5e590580bc9c9\" class=\"wd-text-block-wrapper wd-wpb wd-rs-5e590580bc9c9 color-scheme-custom wd-width-100 text-left vc_custom_1582892437051\">\n\t\t\t\t<div class=\"woodmart-title-container woodmart-text-block reset-last-child font-primary wd-font-weight-500 \">\n\t\t\t\t\tL&rsquo;externalisation des besoins secondaires de vos soins de sant\u00e9 nous aidera \u00e0 accomplir plus que simplement \u00e9conomiser de l&rsquo;argent et du temps. Notre collaboration vous permettra de vous concentrer sur votre pratique m\u00e9dicale et de prodiguer les meilleurs soins possibles \u00e0 vos patients.\t\t\t\t<\/div>\n\n\t\t\t\t\t\t\t<\/div>\n\t\t\n\t\t<div id=\"wd-5e5905e0b9fb0\" class=\"title-wrapper wd-wpb set-mb-s reset-last-child  wd-rs-5e5905e0b9fb0 wd-title-color-default wd-title-style-default wd-width-100 text-left vc_custom_1582892538300 wd-underline-colored\">\n\t\t\t\n\t\t\t<div class=\"liner-continer\">\n\t\t\t\t<h2 class=\"woodmart-title-container title  wd-font-weight- wd-fontsize-l\" >Parlons!!<\/h2>\n\t\t\t\t\t\t\t<\/div>\n\t\t\t\n\t\t\t\n\t\t\t\n\t\t<\/div>\n\t\t\n\t\t\t\t\t<div id=\"wd-5e5905f2bccb6\" class=\"wd-text-block-wrapper wd-wpb wd-rs-5e5905f2bccb6 color-scheme-custom wd-width-100 text-left vc_custom_1582892551430\">\n\t\t\t\t<div class=\"woodmart-title-container woodmart-text-block reset-last-child font-primary wd-font-weight-500 \">\n\t\t\t\t\tNous aimerions vous aider.\t\t\t\t<\/div>\n\n\t\t\t\t\t\t\t<\/div>\n\t\t\t\t\t<div id=\"wd-5e590602ab2b3\" class=\"wd-text-block-wrapper wd-wpb wd-rs-5e590602ab2b3 color-scheme-custom wd-width-100 text-left vc_custom_1582892570479\">\n\t\t\t\t<div class=\"woodmart-title-container woodmart-text-block reset-last-child font-primary wd-font-weight-500 \">\n\t\t\t\t\tSi vous \u00eates int\u00e9ress\u00e9 par nos solutions informatiques de sant\u00e9 et souhaitez en savoir plus, contactez-nous d\u00e8s aujourd&rsquo;hui avec vos besoins uniques.\t\t\t\t<\/div>\n\n\t\t\t\t\t\t\t<\/div>\n\t\t[\/vc_column][\/vc_row][\/vc_section]<\/p>\n","protected":false},"excerpt":{"rendered":"<p>[vc_section css=\u00a0\u00bb.vc_custom_1582881919537{padding-top: 80px !important;padding-bottom: 80px !important;}\u00a0\u00bb mobile_bg_img_hidden=\u00a0\u00bbno\u00a0\u00bb tablet_bg_img_hidden=\u00a0\u00bbno\u00a0\u00bb woodmart_parallax=\u00a0\u00bb0&Prime; woodmart_gradient_switch=\u00a0\u00bbno\u00a0\u00bb woodmart_disable_overflow=\u00a0\u00bb0&Prime;][vc_row][vc_column width=\u00a0\u00bb1\/2&Prime;][vc_custom_heading text=\u00a0\u00bbSoins de sant\u00e9\u00a0\u00bb google_fonts=\u00a0\u00bbfont_family:Open%20Sans%3A300%2C300italic%2Cregular%2Citalic%2C600%2C600italic%2C700%2C700italic%2C800%2C800italic|font_style:800%20bold%20regular%3A800%3Anormal\u00a0\u00bb el_class=\u00a0\u00bbreflected-title p-title\u00a0\u00bb][vc_empty_space height=\u00a0\u00bb10&Prime; woodmart_hide_large=\u00a0\u00bb0&Prime;<\/p>\n","protected":false},"author":2,"featured_media":0,"parent":0,"menu_order":0,"comment_status":"closed","ping_status":"closed","template":"","meta":[],"_links":{"self":[{"href":"https:\/\/www.lorvin.tech\/fr\/wp-json\/wp\/v2\/pages\/568"}],"collection":[{"href":"https:\/\/www.lorvin.tech\/fr\/wp-json\/wp\/v2\/pages"}],"about":[{"href":"https:\/\/www.lorvin.tech\/fr\/wp-json\/wp\/v2\/types\/page"}],"author":[{"embeddable":true,"href":"https:\/\/www.lorvin.tech\/fr\/wp-json\/wp\/v2\/users\/2"}],"replies":[{"embeddable":true,"href":"https:\/\/www.lorvin.tech\/fr\/wp-json\/wp\/v2\/comments?post=568"}],"version-history":[{"count":1,"href":"https:\/\/www.lorvin.tech\/fr\/wp-json\/wp\/v2\/pages\/568\/revisions"}],"predecessor-version":[{"id":569,"href":"https:\/\/www.lorvin.tech\/fr\/wp-json\/wp\/v2\/pages\/568\/revisions\/569"}],"wp:attachment":[{"href":"https:\/\/www.lorvin.tech\/fr\/wp-json\/wp\/v2\/media?parent=568"}],"curies":[{"name":"wp","href":"https:\/\/api.w.org\/{rel}","templated":true}]}}