{"id":610,"date":"2020-05-30T15:53:42","date_gmt":"2020-05-30T15:53:42","guid":{"rendered":"http:\/\/www.lorvin.tech\/conseil-informatique-et-dotation\/"},"modified":"2020-05-30T15:53:42","modified_gmt":"2020-05-30T15:53:42","slug":"conseil-informatique-et-dotation","status":"publish","type":"page","link":"https:\/\/www.lorvin.tech\/fr\/conseil-informatique-et-dotation\/","title":{"rendered":"Conseil informatique et dotation"},"content":{"rendered":"<p>[vc_section css=\u00a0\u00bb.vc_custom_1582881919537{padding-top: 80px !important;padding-bottom: 80px !important;}\u00a0\u00bb mobile_bg_img_hidden=\u00a0\u00bbno\u00a0\u00bb tablet_bg_img_hidden=\u00a0\u00bbno\u00a0\u00bb woodmart_parallax=\u00a0\u00bb0&Prime; woodmart_gradient_switch=\u00a0\u00bbno\u00a0\u00bb woodmart_disable_overflow=\u00a0\u00bb0&Prime;][vc_row][vc_column][vc_custom_heading text=\u00a0\u00bbNous visons l&rsquo;excellence !!\u00a0\u00bb font_container=\u00a0\u00bbtag:h2|text_align:center\u00a0\u00bb google_fonts=\u00a0\u00bbfont_family:Open%20Sans%3A300%2C300italic%2Cregular%2Citalic%2C600%2C600italic%2C700%2C700italic%2C800%2C800italic|font_style:800%20bold%20regular%3A800%3Anormal\u00a0\u00bb el_class=\u00a0\u00bbreflected-title\u00a0\u00bb]\t\t\t<link rel=\"stylesheet\" id=\"wd-responsive-text-css\" href=\"https:\/\/www.lorvin.tech\/wp-content\/themes\/woodmart\/css\/parts\/el-responsive-text.min.css?ver=6.3.3\" type=\"text\/css\" media=\"all\" \/> \t\t\t\t\t\t<div id=\"wd-5e58f89417a3f\" class=\"wd-text-block-wrapper wd-wpb wd-rs-5e58f89417a3f color-scheme-custom wd-width-60 text-center vc_custom_1582889121286\">\n\t\t\t\t<div class=\"woodmart-title-container woodmart-text-block reset-last-child font-primary wd-font-weight-500 \">\n\t\t\t\t\t<em>Les solutions de conseil et de dotation en informatique de Lorvin offrent des services fiables et des talents techniques exp\u00e9riment\u00e9s de mani\u00e8re rentable, efficace et coh\u00e9rente.<\/em>\t\t\t\t<\/div>\n\n\t\t\t\t\t\t\t<\/div>\n\t\t[\/vc_column][\/vc_row][vc_row content_placement=\u00a0\u00bbmiddle\u00a0\u00bb css=\u00a0\u00bb.vc_custom_1582887049364{padding-top: 60px !important;}\u00a0\u00bb mobile_bg_img_hidden=\u00a0\u00bbno\u00a0\u00bb tablet_bg_img_hidden=\u00a0\u00bbno\u00a0\u00bb woodmart_parallax=\u00a0\u00bb0&Prime; woodmart_gradient_switch=\u00a0\u00bbno\u00a0\u00bb row_reverse_mobile=\u00a0\u00bb1&Prime; row_reverse_tablet=\u00a0\u00bb0&Prime; woodmart_disable_overflow=\u00a0\u00bb0&Prime;][vc_column width=\u00a0\u00bb1\/2&Prime;]\t\t\t<link rel=\"stylesheet\" id=\"wd-section-title-css\" href=\"https:\/\/www.lorvin.tech\/wp-content\/themes\/woodmart\/css\/parts\/el-section-title.min.css?ver=6.3.3\" type=\"text\/css\" media=\"all\" \/> \t\t\t\t\t\t<link rel=\"stylesheet\" id=\"wd-mod-highlighted-text-css\" href=\"https:\/\/www.lorvin.tech\/wp-content\/themes\/woodmart\/css\/parts\/mod-highlighted-text.min.css?ver=6.3.3\" type=\"text\/css\" media=\"all\" \/> \t\t\t\n\t\t<div id=\"wd-5e58f99b1d8e2\" class=\"title-wrapper wd-wpb set-mb-s reset-last-child  wd-rs-5e58f99b1d8e2 wd-title-color-default wd-title-style-default wd-width-100 text-left vc_custom_1582889375084 wd-underline-colored\">\n\t\t\t\n\t\t\t<div class=\"liner-continer\">\n\t\t\t\t<h2 class=\"woodmart-title-container title  wd-font-weight- wd-fontsize-l\" >Solutions de conseil en TI adapt\u00e9es \u00e0 vous<\/h2>\n\t\t\t\t\t\t\t<\/div>\n\t\t\t\n\t\t\t\n\t\t\t\n\t\t<\/div>\n\t\t\n\t\t\t\t\t<div id=\"wd-5e58fad57f04e\" class=\"wd-text-block-wrapper wd-wpb wd-rs-5e58fad57f04e color-scheme-custom wd-width-100 text-left vc_custom_1582889699873\">\n\t\t\t\t<div class=\"woodmart-title-container woodmart-text-block reset-last-child font-primary wd-font-weight-500 \">\n\t\t\t\t\t<\/p>\n<ul>\n<li>Vous en avez assez des consultants qui ne r\u00e9pondent pas \u00e0 vos attentes?<\/li>\n<li>\u00cates-vous \u00e0 la recherche de consultants informatiques bien qualifi\u00e9s, soigneusement contr\u00f4l\u00e9s et capables d\u2019acqu\u00e9rir les perspectives de r\u00e9ussite dans l\u2019environnement de votre entreprise?<\/li>\n<li>\u00cates-vous pr\u00eat \u00e0 tirer parti des solutions de conseil en informatique les plus abordables?<\/li>\n<\/ul>\n<p>\t\t\t\t<\/div>\n\n\t\t\t\t\t\t\t<\/div>\n\t\t\t\t\t<div id=\"wd-5e58fae66fb88\" class=\"wd-text-block-wrapper wd-wpb wd-rs-5e58fae66fb88 color-scheme-custom wd-width-100 text-left vc_custom_1582889716177\">\n\t\t\t\t<div class=\"woodmart-title-container woodmart-text-block reset-last-child font-primary wd-font-weight-500 \">\n\t\t\t\t\tNous travaillerons en \u00e9troite collaboration avec vous pour comprendre vos objectifs commerciaux et vos ambitions, afin que nous puissions vous fournir une feuille de route d\u00e9taillant comment vous pouvez y parvenir.\t\t\t\t<\/div>\n\n\t\t\t\t\t\t\t<\/div>\n\t\t\t\t\t<div id=\"wd-5e58faf6daa0b\" class=\"wd-text-block-wrapper wd-wpb wd-rs-5e58faf6daa0b color-scheme-custom wd-width-100 text-left vc_custom_1582889722884\">\n\t\t\t\t<div class=\"woodmart-title-container woodmart-text-block reset-last-child font-primary wd-font-weight-500 \">\n\t\t\t\t\tNous personnalisons le niveau et le nombre de consultants selon vos besoins uniques. Que vous soyez une PME \u00e0 la recherche d&rsquo;une consultation initiale ou un responsable informatique poss\u00e9dant une \u00e9quipe interne, recherchant une expertise ou une assistance suppl\u00e9mentaire au niveau tactique, nous serions ravis de vous aider. Discutez avec l&rsquo;un de nos consultants exp\u00e9riment\u00e9s aujourd&rsquo;hui, qui poss\u00e8dent une richesse d&rsquo;expertise technique.\t\t\t\t<\/div>\n\n\t\t\t\t\t\t\t<\/div>\n\t\t[\/vc_column][vc_column width=\u00a0\u00bb1\/2&Prime;][vc_single_image image=\u00a0\u00bb414&Prime; img_size=\u00a0\u00bbfull\u00a0\u00bb parallax_scroll=\u00a0\u00bbno\u00a0\u00bb][\/vc_column][\/vc_row][vc_row content_placement=\u00a0\u00bbmiddle\u00a0\u00bb css=\u00a0\u00bb.vc_custom_1582886009909{padding-top: 60px !important;}\u00a0\u00bb mobile_bg_img_hidden=\u00a0\u00bbno\u00a0\u00bb tablet_bg_img_hidden=\u00a0\u00bbno\u00a0\u00bb woodmart_parallax=\u00a0\u00bb0&Prime; woodmart_gradient_switch=\u00a0\u00bbno\u00a0\u00bb row_reverse_mobile=\u00a0\u00bb0&Prime; row_reverse_tablet=\u00a0\u00bb0&Prime; woodmart_disable_overflow=\u00a0\u00bb0&Prime;][vc_column width=\u00a0\u00bb1\/2&Prime;][vc_single_image image=\u00a0\u00bb415&Prime; img_size=\u00a0\u00bbfull\u00a0\u00bb parallax_scroll=\u00a0\u00bbno\u00a0\u00bb][\/vc_column][vc_column width=\u00a0\u00bb1\/2&Prime;]\n\t\t<div id=\"wd-5e58f96417597\" class=\"title-wrapper wd-wpb set-mb-s reset-last-child  wd-rs-5e58f96417597 wd-title-color-default wd-title-style-default wd-width-100 text-left vc_custom_1582889343380 wd-underline-colored\">\n\t\t\t\n\t\t\t<div class=\"liner-continer\">\n\t\t\t\t<h2 class=\"woodmart-title-container title  wd-font-weight- wd-fontsize-l\" >Conseil informatique: nos domaines d'expertise cl\u00e9s<\/h2>\n\t\t\t\t\t\t\t<\/div>\n\t\t\t\n\t\t\t\n\t\t\t\n\t\t<\/div>\n\t\t\n\t\t\t\t\t<div id=\"wd-5e58f92d0c32c\" class=\"wd-text-block-wrapper wd-wpb wd-rs-5e58f92d0c32c color-scheme-custom wd-width-100 text-left vc_custom_1582889308942\">\n\t\t\t\t<div class=\"woodmart-title-container woodmart-text-block reset-last-child font-primary wd-font-weight-500 \">\n\t\t\t\t\t<\/p>\n<ul>\n<li><strong>Services de d\u00e9veloppement d&rsquo;applications<\/strong>: nous nous effor\u00e7ons de fournir une gamme compl\u00e8te de solutions sur mesure pour optimiser votre environnement complexe et dynamique.<\/li>\n<li><strong>ERP<\/strong>: Nous utilisons des outils comme SAP et Systeline ERP pour impl\u00e9menter de nouvelles solutions ERP pour une meilleure gestion des ressources.<\/li>\n<li><strong>Services de gestion des applications: <\/strong>nous fournissons une assistance continue pour votre ADM actuel et modernisons les syst\u00e8mes avec l&rsquo;automatisation et la collecte de donn\u00e9es.<\/li>\n<li><strong>Services de mise en \u0153uvre et de support de solutions<\/strong> Notre grande exp\u00e9rience dans les syst\u00e8mes CRM et ERP nous permet de g\u00e9rer l&rsquo;administration de vos syst\u00e8mes actuels tout en mettant en \u0153uvre de nouvelles solutions num\u00e9riques.<\/li>\n<\/ul>\n<p>\t\t\t\t<\/div>\n\n\t\t\t\t\t\t\t<\/div>\n\t\t[\/vc_column][\/vc_row][vc_row content_placement=\u00a0\u00bbmiddle\u00a0\u00bb css=\u00a0\u00bb.vc_custom_1583814595571{padding-top: 80px !important;}\u00a0\u00bb mobile_bg_img_hidden=\u00a0\u00bbno\u00a0\u00bb tablet_bg_img_hidden=\u00a0\u00bbno\u00a0\u00bb woodmart_parallax=\u00a0\u00bb0&Prime; woodmart_gradient_switch=\u00a0\u00bbno\u00a0\u00bb row_reverse_mobile=\u00a0\u00bb1&Prime; row_reverse_tablet=\u00a0\u00bb0&Prime; woodmart_disable_overflow=\u00a0\u00bb0&Prime;][vc_column width=\u00a0\u00bb1\/2&Prime;]\n\t\t<div id=\"wd-5e58fc4dbc69a\" class=\"title-wrapper wd-wpb set-mb-s reset-last-child  wd-rs-5e58fc4dbc69a wd-title-color-default wd-title-style-default wd-width-100 text-left vc_custom_1582890066953 wd-underline-colored\">\n\t\t\t\n\t\t\t<div class=\"liner-continer\">\n\t\t\t\t<h2 class=\"woodmart-title-container title  wd-font-weight- wd-fontsize-l\" >Faire face \u00e0 la p\u00e9nurie de talents<\/h2>\n\t\t\t\t\t\t\t<\/div>\n\t\t\t\n\t\t\t\n\t\t\t\n\t\t<\/div>\n\t\t\n\t\t\t\t\t<div id=\"wd-5e58fc5558738\" class=\"wd-text-block-wrapper wd-wpb wd-rs-5e58fc5558738 color-scheme-custom wd-width-100 text-left vc_custom_1582890082857\">\n\t\t\t\t<div class=\"woodmart-title-container woodmart-text-block reset-last-child font-primary wd-font-weight-500 \">\n\t\t\t\t\tC&rsquo;est un fait: il n&rsquo;y a pas assez de professionnels techniques tr\u00e8s talentueux. Oui, les environnements techniques et les projets exigeants ne manquent pas et n\u00e9cessitent l&rsquo;attention de professionnels. Ou des d\u00e9fis informatiques particuliers n\u00e9cessitant un sp\u00e9cialiste. Et cela vous laisse certainement \u00e0 la recherche du talent informatique pour atteindre vos objectifs technologiques et commerciaux.\t\t\t\t<\/div>\n\n\t\t\t\t\t\t\t<\/div>\n\t\t\t\t\t<div id=\"wd-5e58fc65e19cb\" class=\"wd-text-block-wrapper wd-wpb wd-rs-5e58fc65e19cb color-scheme-custom wd-width-100 text-left vc_custom_1582890092783\">\n\t\t\t\t<div class=\"woodmart-title-container woodmart-text-block reset-last-child font-primary wd-font-weight-500 \">\n\t\t\t\t\tHeureusement, Lorvin offre ce genre de talent \u00e0 la demande !!\t\t\t\t<\/div>\n\n\t\t\t\t\t\t\t<\/div>\n\t\t\t\t\t<div id=\"wd-5e58fc6fcb925\" class=\"wd-text-block-wrapper wd-wpb wd-rs-5e58fc6fcb925 color-scheme-custom wd-width-100 text-left vc_custom_1582890102081\">\n\t\t\t\t<div class=\"woodmart-title-container woodmart-text-block reset-last-child font-primary wd-font-weight-500 \">\n\t\t\t\t\tAvec plus de 30 ans d&rsquo;exp\u00e9rience dans l&rsquo;industrie de la dotation, nous poss\u00e9dons des recruteurs aux yeux d&rsquo;aigle capables de d\u00e9terminer et d&rsquo;int\u00e9grer rapidement des talents sup\u00e9rieurs. Nous \u00e9vitons les cycles d&#8217;embauche et de formation qui prennent du temps pour fournir des talents pr\u00eats \u00e0 travailler d\u00e8s le d\u00e9part et attirer rapidement de nouveaux employ\u00e9s dans votre organisation pour augmenter la productivit\u00e9.\t\t\t\t<\/div>\n\n\t\t\t\t\t\t\t<\/div>\n\t\t[\/vc_column][vc_column width=\u00a0\u00bb1\/2&Prime;][vc_single_image image=\u00a0\u00bb416&Prime; img_size=\u00a0\u00bbfull\u00a0\u00bb parallax_scroll=\u00a0\u00bbno\u00a0\u00bb][\/vc_column][\/vc_row][vc_row content_placement=\u00a0\u00bbmiddle\u00a0\u00bb css=\u00a0\u00bb.vc_custom_1583814604308{padding-top: 80px !important;}\u00a0\u00bb mobile_bg_img_hidden=\u00a0\u00bbno\u00a0\u00bb tablet_bg_img_hidden=\u00a0\u00bbno\u00a0\u00bb woodmart_parallax=\u00a0\u00bb0&Prime; woodmart_gradient_switch=\u00a0\u00bbno\u00a0\u00bb row_reverse_mobile=\u00a0\u00bb0&Prime; row_reverse_tablet=\u00a0\u00bb0&Prime; woodmart_disable_overflow=\u00a0\u00bb0&Prime;][vc_column width=\u00a0\u00bb1\/2&Prime;][vc_single_image image=\u00a0\u00bb417&Prime; img_size=\u00a0\u00bbfull\u00a0\u00bb parallax_scroll=\u00a0\u00bbno\u00a0\u00bb][\/vc_column][vc_column width=\u00a0\u00bb1\/2&Prime;]\n\t\t<div id=\"wd-5e58fbfc12258\" class=\"title-wrapper wd-wpb set-mb-s reset-last-child  wd-rs-5e58fbfc12258 wd-title-color-default wd-title-style-default wd-width-100 text-left vc_custom_1582889987404 wd-underline-colored\">\n\t\t\t\n\t\t\t<div class=\"liner-continer\">\n\t\t\t\t<h2 class=\"woodmart-title-container title  wd-font-weight- wd-fontsize-l\" >Personnel informatique: nos domaines d'expertise cl\u00e9s<\/h2>\n\t\t\t\t\t\t\t<\/div>\n\t\t\t\n\t\t\t\n\t\t\t\n\t\t<\/div>\n\t\t\n\t\t\t\t\t<div id=\"wd-5e58fc04dc613\" class=\"wd-text-block-wrapper wd-wpb wd-rs-5e58fc04dc613 color-scheme-custom wd-width-100 text-left vc_custom_1582889996457\">\n\t\t\t\t<div class=\"woodmart-title-container woodmart-text-block reset-last-child font-primary wd-font-weight-500 \">\n\t\t\t\t\t<\/p>\n<ul>\n<li><strong>\u00c9quipe agile<\/strong>: nous utilisons un processus it\u00e9ratif avec la bonne combinaison de comp\u00e9tences num\u00e9riques pour cr\u00e9er, d\u00e9velopper et tester rapidement de nouveaux produits et id\u00e9es.<\/li>\n<li><strong>Experts \u00e0 la demande<\/strong>: nous nous effor\u00e7ons de fournir des techniciens experts \u00e0 votre porte, quand et o\u00f9 vous en avez vraiment le plus besoin.<\/li>\n<li><strong>Personnel sur site et \u00e0 l&rsquo;\u00e9tranger<\/strong>: avec des employ\u00e9s en Inde et en Am\u00e9rique du Nord, notre main-d&rsquo;\u0153uvre mondiale est toujours dot\u00e9e de l&rsquo;expertise n\u00e9cessaire \u00e0 votre succ\u00e8s mondial.<\/li>\n<li><strong>Carri\u00e8res du futur: <\/strong>Nous sommes toujours \u00e0 la pointe de la formation et des tendances, en vous assurant d&rsquo;obtenir le talent que vous d\u00e9sirez vraiment r\u00e9ussir \u00e0 l&rsquo;\u00e9poque num\u00e9rique d&rsquo;aujourd&rsquo;hui.<\/li>\n<\/ul>\n<p>\t\t\t\t<\/div>\n\n\t\t\t\t\t\t\t<\/div>\n\t\t\t\t\t<div id=\"wd-5e58fb4501698\" class=\"wd-text-block-wrapper wd-wpb wd-rs-5e58fb4501698 color-scheme-custom wd-width-100 text-left vc_custom_1582889807006\">\n\t\t\t\t<div class=\"woodmart-title-container woodmart-text-block reset-last-child font-primary wd-font-weight-500 \">\n\t\t\t\t\t<strong>Es-tu pr\u00eat \u00e0 faire la diff\u00e9rence?<\/strong>\t\t\t\t<\/div>\n\n\t\t\t\t\t\t\t<\/div>\n\t\t\t\t\t<div id=\"wd-5e58fb50939f0\" class=\"wd-text-block-wrapper wd-wpb wd-rs-5e58fb50939f0 color-scheme-custom wd-width-100 text-left vc_custom_1582889816702\">\n\t\t\t\t<div class=\"woodmart-title-container woodmart-text-block reset-last-child font-primary wd-font-weight-500 \">\n\t\t\t\t\tNotre devise est simple et ax\u00e9e sur le client. Nos experts hautement qualifi\u00e9s fournissent des r\u00e9sultats qui r\u00e9pondent \u00e0 vos exigences croissantes, souvent avec le droit de conserver et d&#8217;embaucher.\t\t\t\t<\/div>\n\n\t\t\t\t\t\t\t<\/div>\n\t\t\t\t\t<div id=\"wd-5e58fb632654e\" class=\"wd-text-block-wrapper wd-wpb wd-rs-5e58fb632654e color-scheme-custom wd-width-100 text-left vc_custom_1582889830430\">\n\t\t\t\t<div class=\"woodmart-title-container woodmart-text-block reset-last-child font-primary wd-font-weight-500 \">\n\t\t\t\t\tContactez-nous d\u00e8s aujourd&rsquo;hui si vous \u00eates int\u00e9ress\u00e9 par nos solutions de conseil informatique et de recrutement !!\t\t\t\t<\/div>\n\n\t\t\t\t\t\t\t<\/div>\n\t\t[\/vc_column][\/vc_row][\/vc_section]<\/p>\n","protected":false},"excerpt":{"rendered":"<p>[vc_section css=\u00a0\u00bb.vc_custom_1582881919537{padding-top: 80px !important;padding-bottom: 80px !important;}\u00a0\u00bb mobile_bg_img_hidden=\u00a0\u00bbno\u00a0\u00bb tablet_bg_img_hidden=\u00a0\u00bbno\u00a0\u00bb woodmart_parallax=\u00a0\u00bb0&Prime; woodmart_gradient_switch=\u00a0\u00bbno\u00a0\u00bb woodmart_disable_overflow=\u00a0\u00bb0&Prime;][vc_row][vc_column][vc_custom_heading text=\u00a0\u00bbNous visons l&rsquo;excellence !!\u00a0\u00bb font_container=\u00a0\u00bbtag:h2|text_align:center\u00a0\u00bb google_fonts=\u00a0\u00bbfont_family:Open%20Sans%3A300%2C300italic%2Cregular%2Citalic%2C600%2C600italic%2C700%2C700italic%2C800%2C800italic|font_style:800%20bold%20regular%3A800%3Anormal\u00a0\u00bb el_class=\u00a0\u00bbreflected-title\u00a0\u00bb][\/vc_column][\/vc_row][vc_row content_placement=\u00a0\u00bbmiddle\u00a0\u00bb css=\u00a0\u00bb.vc_custom_1582887049364{padding-top:<\/p>\n","protected":false},"author":2,"featured_media":0,"parent":0,"menu_order":0,"comment_status":"closed","ping_status":"closed","template":"","meta":[],"_links":{"self":[{"href":"https:\/\/www.lorvin.tech\/fr\/wp-json\/wp\/v2\/pages\/610"}],"collection":[{"href":"https:\/\/www.lorvin.tech\/fr\/wp-json\/wp\/v2\/pages"}],"about":[{"href":"https:\/\/www.lorvin.tech\/fr\/wp-json\/wp\/v2\/types\/page"}],"author":[{"embeddable":true,"href":"https:\/\/www.lorvin.tech\/fr\/wp-json\/wp\/v2\/users\/2"}],"replies":[{"embeddable":true,"href":"https:\/\/www.lorvin.tech\/fr\/wp-json\/wp\/v2\/comments?post=610"}],"version-history":[{"count":1,"href":"https:\/\/www.lorvin.tech\/fr\/wp-json\/wp\/v2\/pages\/610\/revisions"}],"predecessor-version":[{"id":611,"href":"https:\/\/www.lorvin.tech\/fr\/wp-json\/wp\/v2\/pages\/610\/revisions\/611"}],"wp:attachment":[{"href":"https:\/\/www.lorvin.tech\/fr\/wp-json\/wp\/v2\/media?parent=610"}],"curies":[{"name":"wp","href":"https:\/\/api.w.org\/{rel}","templated":true}]}}