{"id":612,"date":"2020-05-30T15:56:40","date_gmt":"2020-05-30T15:56:40","guid":{"rendered":"http:\/\/www.lorvin.tech\/fabrication\/"},"modified":"2020-05-30T15:56:40","modified_gmt":"2020-05-30T15:56:40","slug":"fabrication","status":"publish","type":"page","link":"https:\/\/www.lorvin.tech\/fr\/fabrication\/","title":{"rendered":"Fabrication"},"content":{"rendered":"<p>[vc_section css=\u00a0\u00bb.vc_custom_1583755286672{padding-top: 40px !important;padding-bottom: 80px !important;}\u00a0\u00bb mobile_bg_img_hidden=\u00a0\u00bbno\u00a0\u00bb tablet_bg_img_hidden=\u00a0\u00bbno\u00a0\u00bb woodmart_parallax=\u00a0\u00bb0&Prime; woodmart_gradient_switch=\u00a0\u00bbno\u00a0\u00bb woodmart_disable_overflow=\u00a0\u00bb0&Prime;][vc_row content_placement=\u00a0\u00bbmiddle\u00a0\u00bb css=\u00a0\u00bb.vc_custom_1583755279604{padding-top: 0px !important;}\u00a0\u00bb mobile_bg_img_hidden=\u00a0\u00bbno\u00a0\u00bb tablet_bg_img_hidden=\u00a0\u00bbno\u00a0\u00bb woodmart_parallax=\u00a0\u00bb0&Prime; woodmart_gradient_switch=\u00a0\u00bbno\u00a0\u00bb row_reverse_mobile=\u00a0\u00bb1&Prime; row_reverse_tablet=\u00a0\u00bb0&Prime; woodmart_disable_overflow=\u00a0\u00bb0&Prime;][vc_column width=\u00a0\u00bb1\/6&Prime;][\/vc_column][vc_column width=\u00a0\u00bb2\/3&Prime;][vc_single_image image=\u00a0\u00bb405&Prime; img_size=\u00a0\u00bbfull\u00a0\u00bb parallax_scroll=\u00a0\u00bbno\u00a0\u00bb][\/vc_column][vc_column width=\u00a0\u00bb1\/6&Prime;][\/vc_column][\/vc_row][vc_row content_placement=\u00a0\u00bbmiddle\u00a0\u00bb css=\u00a0\u00bb.vc_custom_1583754972172{padding-top: 80px !important;}\u00a0\u00bb mobile_bg_img_hidden=\u00a0\u00bbno\u00a0\u00bb tablet_bg_img_hidden=\u00a0\u00bbno\u00a0\u00bb woodmart_parallax=\u00a0\u00bb0&Prime; woodmart_gradient_switch=\u00a0\u00bbno\u00a0\u00bb row_reverse_mobile=\u00a0\u00bb1&Prime; row_reverse_tablet=\u00a0\u00bb0&Prime; woodmart_disable_overflow=\u00a0\u00bb0&Prime;][vc_column width=\u00a0\u00bb1\/2&Prime;]\t\t\t<link rel=\"stylesheet\" id=\"wd-section-title-css\" href=\"https:\/\/www.lorvin.tech\/wp-content\/themes\/woodmart\/css\/parts\/el-section-title.min.css?ver=6.3.3\" type=\"text\/css\" media=\"all\" \/> \t\t\t\t\t\t<link rel=\"stylesheet\" id=\"wd-mod-highlighted-text-css\" href=\"https:\/\/www.lorvin.tech\/wp-content\/themes\/woodmart\/css\/parts\/mod-highlighted-text.min.css?ver=6.3.3\" type=\"text\/css\" media=\"all\" \/> \t\t\t\n\t\t<div id=\"wd-5e6732b1da303\" class=\"title-wrapper wd-wpb set-mb-s reset-last-child  wd-rs-5e6732b1da303 wd-title-color-default wd-title-style-default wd-width-100 text-left vc_custom_1583821476196 wd-underline-colored\">\n\t\t\t\n\t\t\t<div class=\"liner-continer\">\n\t\t\t\t<h2 class=\"woodmart-title-container title  wd-font-weight- wd-fontsize-l\" >Simplifier vos op\u00e9rations commerciales !!<\/h2>\n\t\t\t\t\t\t\t<\/div>\n\t\t\t\n\t\t\t\n\t\t\t\n\t\t<\/div>\n\t\t\n\t\t\t\t\t<link rel=\"stylesheet\" id=\"wd-responsive-text-css\" href=\"https:\/\/www.lorvin.tech\/wp-content\/themes\/woodmart\/css\/parts\/el-responsive-text.min.css?ver=6.3.3\" type=\"text\/css\" media=\"all\" \/> \t\t\t\t\t\t<div id=\"wd-5e590f9c44823\" class=\"wd-text-block-wrapper wd-wpb wd-rs-5e590f9c44823 color-scheme-custom wd-width-100 text-left vc_custom_1582895025091\">\n\t\t\t\t<div class=\"woodmart-title-container woodmart-text-block reset-last-child font-primary wd-font-weight-500 \">\n\t\t\t\t\tChez Lorvin, nous proposons une gamme compl\u00e8te de solutions et de services informatiques pour r\u00e9pondre aux exigences des entreprises de fabrication.\t\t\t\t<\/div>\n\n\t\t\t\t\t\t\t<\/div>\n\t\t\t\t\t<div id=\"wd-5e590fad7882c\" class=\"wd-text-block-wrapper wd-wpb wd-rs-5e590fad7882c color-scheme-custom wd-width-100 text-left vc_custom_1582895043118\">\n\t\t\t\t<div class=\"woodmart-title-container woodmart-text-block reset-last-child font-primary wd-font-weight-500 \">\n\t\t\t\t\tCe n&rsquo;est un secret pour personne que l&rsquo;industrie manufacturi\u00e8re conna\u00eet des transformations radicales. De plus en plus de fabricants du monde entier adoptent des technologies num\u00e9riques comme l&rsquo;IoT, l&rsquo;intelligence artificielle, les appareils connect\u00e9s et la robotique pour am\u00e9liorer le processus, r\u00e9duire les co\u00fbts et rationaliser les processus.\t\t\t\t<\/div>\n\n\t\t\t\t\t\t\t<\/div>\n\t\t\t\t\t<div id=\"wd-5e590fbebaee8\" class=\"wd-text-block-wrapper wd-wpb wd-rs-5e590fbebaee8 color-scheme-custom wd-width-100 text-left vc_custom_1582895059338\">\n\t\t\t\t<div class=\"woodmart-title-container woodmart-text-block reset-last-child font-primary wd-font-weight-500 \">\n\t\t\t\t\tGr\u00e2ce \u00e0 une expertise approfondie de l&rsquo;industrie et \u00e0 des capacit\u00e9s de transformation \u00e0 grande \u00e9chelle, Lorvin peut vous aider \u00e0 relever et \u00e0 surmonter ces d\u00e9fis cl\u00e9s afin de garder une longueur d&rsquo;avance sur vos concurrents. Nos solutions et services innovants permettent des analyses approfondies pour une meilleure gestion de la cha\u00eene d&rsquo;approvisionnement. Nos solutions et services pour la fabrication exploitent le meilleur de l&rsquo;internet industriel, de l&rsquo;analytique avanc\u00e9e et de l&rsquo;IoT. Nous nous effor\u00e7ons de fournir des services de bout en bout aux fabricants, y compris la migration des syst\u00e8mes, la mise en \u0153uvre de CRM et d&rsquo;ERP via des produits standard tels que SAP.\t\t\t\t<\/div>\n\n\t\t\t\t\t\t\t<\/div>\n\t\t[\/vc_column][vc_column width=\u00a0\u00bb1\/2&Prime;][vc_single_image image=\u00a0\u00bb470&Prime; img_size=\u00a0\u00bbfull\u00a0\u00bb alignment=\u00a0\u00bbcenter\u00a0\u00bb parallax_scroll=\u00a0\u00bbno\u00a0\u00bb][\/vc_column][\/vc_row][vc_row content_placement=\u00a0\u00bbmiddle\u00a0\u00bb css=\u00a0\u00bb.vc_custom_1583754977306{padding-top: 60px !important;}\u00a0\u00bb mobile_bg_img_hidden=\u00a0\u00bbno\u00a0\u00bb tablet_bg_img_hidden=\u00a0\u00bbno\u00a0\u00bb woodmart_parallax=\u00a0\u00bb0&Prime; woodmart_gradient_switch=\u00a0\u00bbno\u00a0\u00bb row_reverse_mobile=\u00a0\u00bb0&Prime; row_reverse_tablet=\u00a0\u00bb0&Prime; woodmart_disable_overflow=\u00a0\u00bb0&Prime;][vc_column width=\u00a0\u00bb1\/2&Prime;][vc_single_image image=\u00a0\u00bb401&Prime; img_size=\u00a0\u00bbfull\u00a0\u00bb parallax_scroll=\u00a0\u00bbno\u00a0\u00bb][\/vc_column][vc_column width=\u00a0\u00bb1\/2&Prime;]\n\t\t<div id=\"wd-5e590fd249ae0\" class=\"title-wrapper wd-wpb set-mb-s reset-last-child  wd-rs-5e590fd249ae0 wd-title-color-default wd-title-style-default wd-width-100 text-left vc_custom_1582895078380 wd-underline-colored\">\n\t\t\t\n\t\t\t<div class=\"liner-continer\">\n\t\t\t\t<h2 class=\"woodmart-title-container title  wd-font-weight- wd-fontsize-l\" >Votre partenaire fiable pour la transformation num\u00e9rique<\/h2>\n\t\t\t\t\t\t\t<\/div>\n\t\t\t\n\t\t\t\n\t\t\t\n\t\t<\/div>\n\t\t\n\t\t\t\t\t<div id=\"wd-5e590fe085b07\" class=\"wd-text-block-wrapper wd-wpb wd-rs-5e590fe085b07 color-scheme-custom wd-width-100 text-left vc_custom_1582895093368\">\n\t\t\t\t<div class=\"woodmart-title-container woodmart-text-block reset-last-child font-primary wd-font-weight-500 \">\n\t\t\t\t\tL&rsquo;industrie manufacturi\u00e8re conna\u00eet de nouveaux d\u00e9fis et demandes. Dans ces phases de transformation, Lorvin est votre aide experte, vous accompagnant \u00e0 travers la livraison de solutions innovantes &#8211; couvrant tous les domaines de la production.\t\t\t\t<\/div>\n\n\t\t\t\t\t\t\t<\/div>\n\t\t\t\t\t<div id=\"wd-5e590ff1ccc96\" class=\"wd-text-block-wrapper wd-wpb wd-rs-5e590ff1ccc96 color-scheme-custom wd-width-100 text-left vc_custom_1582895111501\">\n\t\t\t\t<div class=\"woodmart-title-container woodmart-text-block reset-last-child font-primary wd-font-weight-500 \">\n\t\t\t\t\tNos solutions et services informatiques fournissent aux entreprises de fabrication l&rsquo;aide dont elles ont besoin pour g\u00e9rer leur technologie afin qu&rsquo;elles puissent atteindre vos objectifs commerciaux.\t\t\t\t<\/div>\n\n\t\t\t\t\t\t\t<\/div>\n\t\t[\/vc_column][\/vc_row][vc_row content_placement=\u00a0\u00bbmiddle\u00a0\u00bb css=\u00a0\u00bb.vc_custom_1583754983517{padding-top: 80px !important;}\u00a0\u00bb mobile_bg_img_hidden=\u00a0\u00bbno\u00a0\u00bb tablet_bg_img_hidden=\u00a0\u00bbno\u00a0\u00bb woodmart_parallax=\u00a0\u00bb0&Prime; woodmart_gradient_switch=\u00a0\u00bbno\u00a0\u00bb row_reverse_mobile=\u00a0\u00bb1&Prime; row_reverse_tablet=\u00a0\u00bb0&Prime; woodmart_disable_overflow=\u00a0\u00bb0&Prime;][vc_column width=\u00a0\u00bb1\/2&Prime;]\n\t\t<div id=\"wd-5e59104330ff8\" class=\"title-wrapper wd-wpb set-mb-s reset-last-child  wd-rs-5e59104330ff8 wd-title-color-default wd-title-style-default wd-width-100 text-left vc_custom_1582895191016 wd-underline-colored\">\n\t\t\t\n\t\t\t<div class=\"liner-continer\">\n\t\t\t\t<h2 class=\"woodmart-title-container title  wd-font-weight- wd-fontsize-l\" >La livraison \u00e0 temps n'est plus un probl\u00e8me !!<\/h2>\n\t\t\t\t\t\t\t<\/div>\n\t\t\t\n\t\t\t\n\t\t\t\n\t\t<\/div>\n\t\t\n\t\t\t\t\t<div id=\"wd-5e59105472b63\" class=\"wd-text-block-wrapper wd-wpb wd-rs-5e59105472b63 color-scheme-custom wd-width-100 text-left vc_custom_1582895211010\">\n\t\t\t\t<div class=\"woodmart-title-container woodmart-text-block reset-last-child font-primary wd-font-weight-500 \">\n\t\t\t\t\tVotre succ\u00e8s repose sur la livraison de produits le plus rapidement possible et il est impossible lorsque vos ressources et outils sont obsol\u00e8tes pour votre environnement. Lorvin propose aux fabricants des solutions informatiques con\u00e7ues pour am\u00e9liorer la communication, am\u00e9liorer la production et r\u00e9duire les temps d&rsquo;arr\u00eat co\u00fbteux. Chaque fois que vous vous \u00eates trouv\u00e9 dans le besoin d&rsquo;une assistance experte pour \u00e9tablir une feuille de route strat\u00e9gique pour un avenir meilleur ou un investissement, nos solutions de conseil informatique sont l\u00e0 pour vous aider.\t\t\t\t<\/div>\n\n\t\t\t\t\t\t\t<\/div>\n\t\t\t\t\t<div id=\"wd-5e591068178c4\" class=\"wd-text-block-wrapper wd-wpb wd-rs-5e591068178c4 color-scheme-custom wd-width-100 text-left vc_custom_1582895233879\">\n\t\t\t\t<div class=\"woodmart-title-container woodmart-text-block reset-last-child font-primary wd-font-weight-500 \">\n\t\t\t\t\tGr\u00e2ce \u00e0 notre approche ax\u00e9e sur le domaine, nous pouvons fournir \u00e0 nos clients de l&rsquo;industrie manufacturi\u00e8re des services efficaces et fiables et stimuler les affaires. Nos solutions informatiques pour l&rsquo;industrie manufacturi\u00e8re sont adapt\u00e9es \u00e0 vos besoins en tirant parti des technologies avanc\u00e9es et garantissent un impact strat\u00e9gique sur les affaires.\t\t\t\t<\/div>\n\n\t\t\t\t\t\t\t<\/div>\n\t\t\t\t\t<div id=\"wd-5e5910e724e30\" class=\"wd-text-block-wrapper wd-wpb wd-rs-5e5910e724e30 color-scheme-custom wd-width-100 text-left vc_custom_1582895355283\">\n\t\t\t\t<div class=\"woodmart-title-container woodmart-text-block reset-last-child font-primary wd-font-weight-500 \">\n\t\t\t\t\tNous soutenons les entreprises manufacturi\u00e8res avec:\t\t\t\t<\/div>\n\n\t\t\t\t\t\t\t<\/div>\n\t\t\t\t\t<div id=\"wd-5e5912023d0ea\" class=\"wd-text-block-wrapper wd-wpb wd-rs-5e5912023d0ea color-scheme-custom wd-width-100 text-left vc_custom_1582895641523 list-items\">\n\t\t\t\t<div class=\"woodmart-title-container woodmart-text-block reset-last-child font-primary wd-font-weight-500 \">\n\t\t\t\t\t<\/p>\n<ul>\n<li>Externalisation compl\u00e8te de l&rsquo;informatique &#8211; nous traitons l&rsquo;informatique afin que vous puissiez vous concentrer sur les op\u00e9rations principales de votre entreprise.<\/li>\n<li>Support 24\/7 pour les applications sur lesquelles votre entreprise fonctionne.<\/li>\n<li>Informatique \u00e9volutive &#8211; nos solutions informatiques \u00e9voluent avec votre entreprise au fur et \u00e0 mesure de sa croissance.<\/li>\n<\/ul>\n<p>\t\t\t\t<\/div>\n\n\t\t\t\t\t\t\t<\/div>\n\t\t[\/vc_column][vc_column width=\u00a0\u00bb1\/2&Prime;][vc_single_image image=\u00a0\u00bb402&Prime; img_size=\u00a0\u00bbfull\u00a0\u00bb parallax_scroll=\u00a0\u00bbno\u00a0\u00bb][\/vc_column][\/vc_row][vc_row content_placement=\u00a0\u00bbmiddle\u00a0\u00bb css=\u00a0\u00bb.vc_custom_1583754990642{padding-top: 60px !important;}\u00a0\u00bb mobile_bg_img_hidden=\u00a0\u00bbno\u00a0\u00bb tablet_bg_img_hidden=\u00a0\u00bbno\u00a0\u00bb woodmart_parallax=\u00a0\u00bb0&Prime; woodmart_gradient_switch=\u00a0\u00bbno\u00a0\u00bb row_reverse_mobile=\u00a0\u00bb0&Prime; row_reverse_tablet=\u00a0\u00bb0&Prime; woodmart_disable_overflow=\u00a0\u00bb0&Prime;][vc_column width=\u00a0\u00bb1\/2&Prime;][vc_single_image image=\u00a0\u00bb403&Prime; img_size=\u00a0\u00bbfull\u00a0\u00bb parallax_scroll=\u00a0\u00bbno\u00a0\u00bb][\/vc_column][vc_column width=\u00a0\u00bb1\/2&Prime;]\n\t\t<div id=\"wd-5e59111d2caf4\" class=\"title-wrapper wd-wpb set-mb-s reset-last-child  wd-rs-5e59111d2caf4 wd-title-color-default wd-title-style-default wd-width-100 text-left vc_custom_1582895409405 wd-underline-colored\">\n\t\t\t\n\t\t\t<div class=\"liner-continer\">\n\t\t\t\t<h2 class=\"woodmart-title-container title  wd-font-weight- wd-fontsize-l\" >Atteindre ensemble!!<\/h2>\n\t\t\t\t\t\t\t<\/div>\n\t\t\t\n\t\t\t\n\t\t\t\n\t\t<\/div>\n\t\t\n\t\t\t\t\t<div id=\"wd-5e591130e56a2\" class=\"wd-text-block-wrapper wd-wpb wd-rs-5e591130e56a2 color-scheme-custom wd-width-100 text-left vc_custom_1582895430194\">\n\t\t\t\t<div class=\"woodmart-title-container woodmart-text-block reset-last-child font-primary wd-font-weight-500 \">\n\t\t\t\t\tNous avons de l&rsquo;exp\u00e9rience en offrant des solutions et des services informatiques aux entreprises dans un large \u00e9ventail d&rsquo;industries, dont la fabrication. Nous comprenons tr\u00e8s bien les d\u00e9fis que conna\u00eet l&rsquo;industrie et travaillerons en \u00e9troite collaboration avec vous pour trouver des solutions r\u00e9pondant \u00e0 vos besoins uniques.\t\t\t\t<\/div>\n\n\t\t\t\t\t\t\t<\/div>\n\t\t\n\t\t<div id=\"wd-5e59114f9fff0\" class=\"title-wrapper wd-wpb set-mb-s reset-last-child  wd-rs-5e59114f9fff0 wd-title-color-default wd-title-style-default wd-width-100 text-left vc_custom_1582895465479 wd-underline-colored\">\n\t\t\t\n\t\t\t<div class=\"liner-continer\">\n\t\t\t\t<h2 class=\"woodmart-title-container title  wd-font-weight- wd-fontsize-l\" >Obtenez une consultation gratuite aujourd'hui!!<\/h2>\n\t\t\t\t\t\t\t<\/div>\n\t\t\t\n\t\t\t\n\t\t\t\n\t\t<\/div>\n\t\t\n\t\t\t\t\t<div id=\"wd-5e591144e4a6b\" class=\"wd-text-block-wrapper wd-wpb wd-rs-5e591144e4a6b color-scheme-custom wd-width-100 text-left vc_custom_1582895448962\">\n\t\t\t\t<div class=\"woodmart-title-container woodmart-text-block reset-last-child font-primary wd-font-weight-500 \">\n\t\t\t\t\tLorvin peut r\u00e9pondre aux besoins informatiques cl\u00e9s des clients dans un large \u00e9ventail d&rsquo;industries. Pour une consultation gratuite afin de savoir comment nous pouvons vous aider \u00e0 atteindre vos aspirations commerciales, contactez-nous d\u00e8s aujourd&rsquo;hui. Nous aimerions vous aider!!\t\t\t\t<\/div>\n\n\t\t\t\t\t\t\t<\/div>\n\t\t[\/vc_column][\/vc_row][\/vc_section]<\/p>\n","protected":false},"excerpt":{"rendered":"<p>[vc_section css=\u00a0\u00bb.vc_custom_1583755286672{padding-top: 40px !important;padding-bottom: 80px !important;}\u00a0\u00bb mobile_bg_img_hidden=\u00a0\u00bbno\u00a0\u00bb tablet_bg_img_hidden=\u00a0\u00bbno\u00a0\u00bb woodmart_parallax=\u00a0\u00bb0&Prime; woodmart_gradient_switch=\u00a0\u00bbno\u00a0\u00bb woodmart_disable_overflow=\u00a0\u00bb0&Prime;][vc_row content_placement=\u00a0\u00bbmiddle\u00a0\u00bb css=\u00a0\u00bb.vc_custom_1583755279604{padding-top: 0px !important;}\u00a0\u00bb mobile_bg_img_hidden=\u00a0\u00bbno\u00a0\u00bb tablet_bg_img_hidden=\u00a0\u00bbno\u00a0\u00bb woodmart_parallax=\u00a0\u00bb0&Prime; woodmart_gradient_switch=\u00a0\u00bbno\u00a0\u00bb row_reverse_mobile=\u00a0\u00bb1&Prime;<\/p>\n","protected":false},"author":2,"featured_media":0,"parent":0,"menu_order":0,"comment_status":"closed","ping_status":"closed","template":"","meta":[],"_links":{"self":[{"href":"https:\/\/www.lorvin.tech\/fr\/wp-json\/wp\/v2\/pages\/612"}],"collection":[{"href":"https:\/\/www.lorvin.tech\/fr\/wp-json\/wp\/v2\/pages"}],"about":[{"href":"https:\/\/www.lorvin.tech\/fr\/wp-json\/wp\/v2\/types\/page"}],"author":[{"embeddable":true,"href":"https:\/\/www.lorvin.tech\/fr\/wp-json\/wp\/v2\/users\/2"}],"replies":[{"embeddable":true,"href":"https:\/\/www.lorvin.tech\/fr\/wp-json\/wp\/v2\/comments?post=612"}],"version-history":[{"count":1,"href":"https:\/\/www.lorvin.tech\/fr\/wp-json\/wp\/v2\/pages\/612\/revisions"}],"predecessor-version":[{"id":613,"href":"https:\/\/www.lorvin.tech\/fr\/wp-json\/wp\/v2\/pages\/612\/revisions\/613"}],"wp:attachment":[{"href":"https:\/\/www.lorvin.tech\/fr\/wp-json\/wp\/v2\/media?parent=612"}],"curies":[{"name":"wp","href":"https:\/\/api.w.org\/{rel}","templated":true}]}}