{"id":616,"date":"2020-05-30T16:00:07","date_gmt":"2020-05-30T16:00:07","guid":{"rendered":"http:\/\/www.lorvin.tech\/%e2%80%8btranscription-medicale\/"},"modified":"2020-05-30T16:00:08","modified_gmt":"2020-05-30T16:00:08","slug":"%e2%80%8btranscription-medicale","status":"publish","type":"page","link":"https:\/\/www.lorvin.tech\/fr\/%e2%80%8btranscription-medicale\/","title":{"rendered":"\u200bTranscription m\u00e9dicale"},"content":{"rendered":"<p>[vc_section css=\u00a0\u00bb.vc_custom_1583825436086{padding-top: 80px !important;padding-bottom: 80px !important;}\u00a0\u00bb mobile_bg_img_hidden=\u00a0\u00bbno\u00a0\u00bb tablet_bg_img_hidden=\u00a0\u00bbno\u00a0\u00bb woodmart_parallax=\u00a0\u00bb0&Prime; woodmart_gradient_switch=\u00a0\u00bbno\u00a0\u00bb woodmart_disable_overflow=\u00a0\u00bb0&Prime;][vc_row content_placement=\u00a0\u00bbmiddle\u00a0\u00bb css=\u00a0\u00bb.vc_custom_1583825440534{padding-top: 0px !important;}\u00a0\u00bb mobile_bg_img_hidden=\u00a0\u00bbno\u00a0\u00bb tablet_bg_img_hidden=\u00a0\u00bbno\u00a0\u00bb woodmart_parallax=\u00a0\u00bb0&Prime; woodmart_gradient_switch=\u00a0\u00bbno\u00a0\u00bb row_reverse_mobile=\u00a0\u00bb1&Prime; row_reverse_tablet=\u00a0\u00bb0&Prime; woodmart_disable_overflow=\u00a0\u00bb0&Prime;][vc_column width=\u00a0\u00bb1\/6&Prime;][\/vc_column][vc_column width=\u00a0\u00bb2\/3&Prime;][vc_custom_heading text=\u00a0\u00bb\u200bTranscription m\u00e9dicale\u00a0\u00bb font_container=\u00a0\u00bbtag:h2|text_align:center\u00a0\u00bb google_fonts=\u00a0\u00bbfont_family:Open%20Sans%3A300%2C300italic%2Cregular%2Citalic%2C600%2C600italic%2C700%2C700italic%2C800%2C800italic|font_style:800%20bold%20regular%3A800%3Anormal\u00a0\u00bb el_class=\u00a0\u00bbreflected-title p-title\u00a0\u00bb]\t\t\t<link rel=\"stylesheet\" id=\"wd-section-title-css\" href=\"https:\/\/www.lorvin.tech\/wp-content\/themes\/woodmart\/css\/parts\/el-section-title.min.css?ver=6.3.3\" type=\"text\/css\" media=\"all\" \/> \t\t\t\t\t\t<link rel=\"stylesheet\" id=\"wd-mod-highlighted-text-css\" href=\"https:\/\/www.lorvin.tech\/wp-content\/themes\/woodmart\/css\/parts\/mod-highlighted-text.min.css?ver=6.3.3\" type=\"text\/css\" media=\"all\" \/> \t\t\t\n\t\t<div id=\"wd-5e5cd4e789aa1\" class=\"title-wrapper wd-wpb set-mb-s reset-last-child  wd-rs-5e5cd4e789aa1 wd-title-color-default wd-title-style-default wd-width-100 text-center vc_custom_1583142112200 wd-underline-colored\">\n\t\t\t\n\t\t\t<div class=\"liner-continer\">\n\t\t\t\t<h2 class=\"woodmart-title-container title  wd-font-weight- wd-fontsize-l\" >Nous visons la vitesse et la pr\u00e9cision!!<\/h2>\n\t\t\t\t\t\t\t<\/div>\n\t\t\t\n\t\t\t\n\t\t\t\n\t\t<\/div>\n\t\t\n\t\t[\/vc_column][vc_column width=\u00a0\u00bb1\/6&Prime;][\/vc_column][\/vc_row][vc_row content_placement=\u00a0\u00bbmiddle\u00a0\u00bb css=\u00a0\u00bb.vc_custom_1582886009909{padding-top: 60px !important;}\u00a0\u00bb mobile_bg_img_hidden=\u00a0\u00bbno\u00a0\u00bb tablet_bg_img_hidden=\u00a0\u00bbno\u00a0\u00bb woodmart_parallax=\u00a0\u00bb0&Prime; woodmart_gradient_switch=\u00a0\u00bbno\u00a0\u00bb row_reverse_mobile=\u00a0\u00bb0&Prime; row_reverse_tablet=\u00a0\u00bb0&Prime; woodmart_disable_overflow=\u00a0\u00bb0&Prime;][vc_column width=\u00a0\u00bb1\/2&Prime;]\t\t\t<link rel=\"stylesheet\" id=\"wd-responsive-text-css\" href=\"https:\/\/www.lorvin.tech\/wp-content\/themes\/woodmart\/css\/parts\/el-responsive-text.min.css?ver=6.3.3\" type=\"text\/css\" media=\"all\" \/> \t\t\t\t\t\t<div id=\"wd-5e5cd4f0da86a\" class=\"wd-text-block-wrapper wd-wpb wd-rs-5e5cd4f0da86a color-scheme-custom wd-width-100 text-left vc_custom_1583142117974\">\n\t\t\t\t<div class=\"woodmart-title-container woodmart-text-block reset-last-child font-primary wd-font-weight-500 \">\n\t\t\t\t\t<\/p>\n<p style=\"text-align: center;\">Les organisations de sant\u00e9 du monde entier se tournent vers Lorvin pour des solutions de transcription m\u00e9dicale de qualit\u00e9 sur lesquelles elles peuvent compter. Nous avons collabor\u00e9 avec des transcripteurs m\u00e9dicaux hautement exp\u00e9riment\u00e9s qui peuvent tout g\u00e9rer, de la simple correspondance aux \u00e9tudes de recherche compliqu\u00e9es.<\/p>\n<p>\t\t\t\t<\/div>\n\n\t\t\t\t\t\t\t<\/div>\n\t\t\t\t\t<div id=\"wd-5e5cd4f5ed821\" class=\"wd-text-block-wrapper wd-wpb wd-rs-5e5cd4f5ed821 color-scheme-custom wd-width-100 text-left vc_custom_1583142123177\">\n\t\t\t\t<div class=\"woodmart-title-container woodmart-text-block reset-last-child font-primary wd-font-weight-500 \">\n\t\t\t\t\t<\/p>\n<p style=\"text-align: center;\">Les h\u00f4pitaux, les cliniques et les cabinets m\u00e9dicaux de toutes tailles et de tous types nous font confiance pour notre capacit\u00e9 \u00e0 fournir des services de transcription m\u00e9dicale pr\u00e9cis et rapides.<\/p>\n<p>\t\t\t\t<\/div>\n\n\t\t\t\t\t\t\t<\/div>\n\t\t\n\t\t<div id=\"wd-5e5919f28222b\" class=\"title-wrapper wd-wpb set-mb-s reset-last-child  wd-rs-5e5919f28222b wd-title-color-default wd-title-style-default wd-width-100 text-left vc_custom_1582897654432 wd-underline-colored\">\n\t\t\t\n\t\t\t<div class=\"liner-continer\">\n\t\t\t\t<h2 class=\"woodmart-title-container title  wd-font-weight- wd-fontsize-l\" >Votre partenaire d'externalisation fiable<\/h2>\n\t\t\t\t\t\t\t<\/div>\n\t\t\t\n\t\t\t\n\t\t\t\n\t\t<\/div>\n\t\t\n\t\t\t\t\t<div id=\"wd-5e5919ffeb190\" class=\"wd-text-block-wrapper wd-wpb wd-rs-5e5919ffeb190 color-scheme-custom wd-width-100 text-left vc_custom_1582897669697\">\n\t\t\t\t<div class=\"woodmart-title-container woodmart-text-block reset-last-child font-primary wd-font-weight-500 \">\n\t\t\t\t\tLes transcripteurs m\u00e9dicaux sont co\u00fbteux \u00e0 employer et il peut \u00eatre difficile de r\u00e9pondre \u00e0 vos exigences de transcription afin que vous ne finissiez pas seulement par payer des taux de transcription pour d\u00e9poser un commis ou pour employer des entrepreneurs pour venir quotidiennement \u00e0 des taux plus \u00e9lev\u00e9s pour g\u00e9rer le travail. La meilleure solution est d&rsquo;externaliser vos exigences de transcription m\u00e9dicale.\t\t\t\t<\/div>\n\n\t\t\t\t\t\t\t<\/div>\n\t\t\t\t\t<div id=\"wd-5e591a128f0e8\" class=\"wd-text-block-wrapper wd-wpb wd-rs-5e591a128f0e8 color-scheme-custom wd-width-100 text-left vc_custom_1582897689164\">\n\t\t\t\t<div class=\"woodmart-title-container woodmart-text-block reset-last-child font-primary wd-font-weight-500 \">\n\t\t\t\t\tLorvin s&rsquo;efforce d&rsquo;\u00eatre un partenaire fiable de vos services de transcription m\u00e9dicale externalis\u00e9s qui sont conformes \u00e0 HIPPA. Lorsque vous nous consid\u00e9rez, nous pouvons nous adapter \u00e0 vos besoins \u00e0 tout niveau que vous souhaitez. Nous pouvons g\u00e9rer l&rsquo;int\u00e9gralit\u00e9 de votre charge de travail ou service de transcription en tant que service de d\u00e9bordement. Nous comprenons m\u00eame que la mise \u00e0 jour rapide de vos informations est importante et nous pouvons nous assurer que le d\u00e9lai d&rsquo;ex\u00e9cution est toujours dans votre calendrier convenu afin que vous puissiez offrir les meilleurs soins possibles \u00e0 vos patients.\t\t\t\t<\/div>\n\n\t\t\t\t\t\t\t<\/div>\n\t\t\t\t\t<div id=\"wd-5e591a318420a\" class=\"wd-text-block-wrapper wd-wpb wd-rs-5e591a318420a color-scheme-custom wd-width-100 text-left vc_custom_1582897719345\">\n\t\t\t\t<div class=\"woodmart-title-container woodmart-text-block reset-last-child font-primary wd-font-weight-500 \">\n\t\t\t\t\tNotre devise est de fournir des services de transcription m\u00e9dicale de premier ordre \u00e0 nos clients.\t\t\t\t<\/div>\n\n\t\t\t\t\t\t\t<\/div>\n\t\t[\/vc_column][vc_column width=\u00a0\u00bb1\/2&Prime;][vc_single_image image=\u00a0\u00bb433&Prime; img_size=\u00a0\u00bbfull\u00a0\u00bb parallax_scroll=\u00a0\u00bbno\u00a0\u00bb][\/vc_column][\/vc_row][vc_row content_placement=\u00a0\u00bbmiddle\u00a0\u00bb css=\u00a0\u00bb.vc_custom_1582887181017{padding-top: 0px !important;}\u00a0\u00bb mobile_bg_img_hidden=\u00a0\u00bbno\u00a0\u00bb tablet_bg_img_hidden=\u00a0\u00bbno\u00a0\u00bb woodmart_parallax=\u00a0\u00bb0&Prime; woodmart_gradient_switch=\u00a0\u00bbno\u00a0\u00bb row_reverse_mobile=\u00a0\u00bb1&Prime; row_reverse_tablet=\u00a0\u00bb0&Prime; woodmart_disable_overflow=\u00a0\u00bb0&Prime;][vc_column width=\u00a0\u00bb1\/2&Prime;][vc_single_image image=\u00a0\u00bb434&Prime; img_size=\u00a0\u00bbfull\u00a0\u00bb parallax_scroll=\u00a0\u00bbno\u00a0\u00bb][\/vc_column][vc_column width=\u00a0\u00bb1\/2&Prime;]\n\t\t<div id=\"wd-5e591a640715f\" class=\"title-wrapper wd-wpb set-mb-s reset-last-child  wd-rs-5e591a640715f wd-title-color-default wd-title-style-default wd-width-100 text-left vc_custom_1582897767759 wd-underline-colored\">\n\t\t\t\n\t\t\t<div class=\"liner-continer\">\n\t\t\t\t<h2 class=\"woodmart-title-container title  wd-font-weight- wd-fontsize-l\" >Exp\u00e9rience et formation<\/h2>\n\t\t\t\t\t\t\t<\/div>\n\t\t\t\n\t\t\t\n\t\t\t\n\t\t<\/div>\n\t\t\n\t\t\t\t\t<div id=\"wd-5e591a6fc8a8b\" class=\"wd-text-block-wrapper wd-wpb wd-rs-5e591a6fc8a8b color-scheme-custom wd-width-100 text-left vc_custom_1582897781346\">\n\t\t\t\t<div class=\"woodmart-title-container woodmart-text-block reset-last-child font-primary wd-font-weight-500 \">\n\t\t\t\t\tCe qui nous diff\u00e9rencie des autres organisations de transcription m\u00e9dicale, c&rsquo;est notre politique de n&rsquo;utiliser que des transcripteurs m\u00e9dicaux formellement bien form\u00e9s et poss\u00e9dant une exp\u00e9rience. C\u2019est imp\u00e9ratif dans la mesure o\u00f9 le domaine m\u00e9dical a une approche tr\u00e8s particuli\u00e8re et technique de l\u2019impact de l\u2019information et n\u00e9cessite d\u2019\u00eatre correctement suivi ou compr\u00e9hensible par les personnes lors de la lecture.\t\t\t\t<\/div>\n\n\t\t\t\t\t\t\t<\/div>\n\t\t\t\t\t<div id=\"wd-5e591a7da2649\" class=\"wd-text-block-wrapper wd-wpb wd-rs-5e591a7da2649 color-scheme-custom wd-width-100 text-left vc_custom_1582897793541\">\n\t\t\t\t<div class=\"woodmart-title-container woodmart-text-block reset-last-child font-primary wd-font-weight-500 \">\n\t\t\t\t\tNous comprenons tr\u00e8s bien que chaque cabinet ou m\u00e9decin peut avoir ses propres exigences quant \u00e0 la fa\u00e7on de formater la transcription et o\u00f9 chaque \u00e9l\u00e9ment de l&rsquo;information dans la transcription doit \u00eatre plac\u00e9. Nous pouvons rapidement configurer le format souhait\u00e9 pour r\u00e9pondre \u00e0 vos attentes.\t\t\t\t<\/div>\n\n\t\t\t\t\t\t\t<\/div>\n\t\t[\/vc_column][\/vc_row][vc_row content_placement=\u00a0\u00bbmiddle\u00a0\u00bb css=\u00a0\u00bb.vc_custom_1582886009909{padding-top: 60px !important;}\u00a0\u00bb mobile_bg_img_hidden=\u00a0\u00bbno\u00a0\u00bb tablet_bg_img_hidden=\u00a0\u00bbno\u00a0\u00bb woodmart_parallax=\u00a0\u00bb0&Prime; woodmart_gradient_switch=\u00a0\u00bbno\u00a0\u00bb row_reverse_mobile=\u00a0\u00bb0&Prime; row_reverse_tablet=\u00a0\u00bb0&Prime; woodmart_disable_overflow=\u00a0\u00bb0&Prime;][vc_column width=\u00a0\u00bb1\/2&Prime;]\n\t\t<div id=\"wd-5e591a9568a2f\" class=\"title-wrapper wd-wpb set-mb-s reset-last-child  wd-rs-5e591a9568a2f wd-title-color-default wd-title-style-default wd-width-100 text-left vc_custom_1582897817288 wd-underline-colored\">\n\t\t\t\n\t\t\t<div class=\"liner-continer\">\n\t\t\t\t<h2 class=\"woodmart-title-container title  wd-font-weight- wd-fontsize-l\" >Tirer parti des derni\u00e8res technologies<\/h2>\n\t\t\t\t\t\t\t<\/div>\n\t\t\t\n\t\t\t\n\t\t\t\n\t\t<\/div>\n\t\t\n\t\t\t\t\t<div id=\"wd-5e591aa190e11\" class=\"wd-text-block-wrapper wd-wpb wd-rs-5e591aa190e11 color-scheme-custom wd-width-100 text-left vc_custom_1582897831606\">\n\t\t\t\t<div class=\"woodmart-title-container woodmart-text-block reset-last-child font-primary wd-font-weight-500 \">\n\t\t\t\t\tAvec le temps, Lorvin a appris \u00e0 utiliser diff\u00e9rentes plates-formes comme les syst\u00e8mes FTP, de reconnaissance vocale, de DSE ou d&rsquo;EMR. Nous utilisons la derni\u00e8re \u00e9volution du processus de transcription m\u00e9dicale &#8211; la documentation EMR ou la cartographie EMR. La cartographie ERM a besoin non seulement de grandes comp\u00e9tences en transcription, mais \u00e9galement de grandes comp\u00e9tences en documentation EMR en utilisant de nombreux outils de cartographie.\t\t\t\t<\/div>\n\n\t\t\t\t\t\t\t<\/div>\n\t\t\t\t\t<div id=\"wd-5e591ab4cbff2\" class=\"wd-text-block-wrapper wd-wpb wd-rs-5e591ab4cbff2 color-scheme-custom wd-width-100 text-left vc_custom_1582897849976\">\n\t\t\t\t<div class=\"woodmart-title-container woodmart-text-block reset-last-child font-primary wd-font-weight-500 \">\n\t\t\t\t\tChez Lorvin, nous avons un personnel de transcription bien form\u00e9 dans la plupart des DME courants!!\t\t\t\t<\/div>\n\n\t\t\t\t\t\t\t<\/div>\n\t\t[\/vc_column][vc_column width=\u00a0\u00bb1\/2&Prime;][vc_single_image image=\u00a0\u00bb435&Prime; img_size=\u00a0\u00bbfull\u00a0\u00bb parallax_scroll=\u00a0\u00bbno\u00a0\u00bb][\/vc_column][\/vc_row][vc_row content_placement=\u00a0\u00bbmiddle\u00a0\u00bb css=\u00a0\u00bb.vc_custom_1582887181017{padding-top: 0px !important;}\u00a0\u00bb mobile_bg_img_hidden=\u00a0\u00bbno\u00a0\u00bb tablet_bg_img_hidden=\u00a0\u00bbno\u00a0\u00bb woodmart_parallax=\u00a0\u00bb0&Prime; woodmart_gradient_switch=\u00a0\u00bbno\u00a0\u00bb row_reverse_mobile=\u00a0\u00bb1&Prime; row_reverse_tablet=\u00a0\u00bb0&Prime; woodmart_disable_overflow=\u00a0\u00bb0&Prime;][vc_column width=\u00a0\u00bb1\/2&Prime;][vc_single_image image=\u00a0\u00bb436&Prime; img_size=\u00a0\u00bbfull\u00a0\u00bb parallax_scroll=\u00a0\u00bbno\u00a0\u00bb][\/vc_column][vc_column width=\u00a0\u00bb1\/2&Prime;]\n\t\t<div id=\"wd-5e591b2899c3f\" class=\"title-wrapper wd-wpb set-mb-s reset-last-child  wd-rs-5e591b2899c3f wd-title-color-default wd-title-style-default wd-width-100 text-left vc_custom_1582897970276 wd-underline-colored\">\n\t\t\t\n\t\t\t<div class=\"liner-continer\">\n\t\t\t\t<h2 class=\"woodmart-title-container title  wd-font-weight- wd-fontsize-l\" >Nous sommes un partenaire d'externalisation abordable<\/h2>\n\t\t\t\t\t\t\t<\/div>\n\t\t\t\n\t\t\t\n\t\t\t\n\t\t<\/div>\n\t\t\n\t\t\t\t\t<div id=\"wd-5e591b3c4f643\" class=\"wd-text-block-wrapper wd-wpb wd-rs-5e591b3c4f643 color-scheme-custom wd-width-100 text-left vc_custom_1582897986887\">\n\t\t\t\t<div class=\"woodmart-title-container woodmart-text-block reset-last-child font-primary wd-font-weight-500 \">\n\t\t\t\t\tNous avons des tarifs comp\u00e9titifs pour maintenir vos d\u00e9penses aussi bas que possible tout en b\u00e9n\u00e9ficiant de services de transcription m\u00e9dicale de premier ordre.<br \/>\nNous utilisons les meilleurs transcripteurs et l&rsquo;efficacit\u00e9 pour fournir des services de pointe. Lorsque vous nous confiez vos besoins, vous pouvez vous attendre:\t\t\t\t<\/div>\n\n\t\t\t\t\t\t\t<\/div>\n\t\t\t\t\t<div id=\"wd-5e591be036012\" class=\"wd-text-block-wrapper wd-wpb wd-rs-5e591be036012 color-scheme-custom wd-width-100 text-left vc_custom_1582898149477 list-items\">\n\t\t\t\t<div class=\"woodmart-title-container woodmart-text-block reset-last-child font-primary wd-font-weight-500 \">\n\t\t\t\t\t<\/p>\n<ul>\n<li>Tarifs comp\u00e9titifs de l&rsquo;industrie<\/li>\n<li>Aucun probl\u00e8me de personnel<\/li>\n<li>Ne payez que pour le travail termin\u00e9<\/li>\n<\/ul>\n<p>\t\t\t\t<\/div>\n\n\t\t\t\t\t\t\t<\/div>\n\t\t\n\t\t<div id=\"wd-5e591bb7e81c3\" class=\"title-wrapper wd-wpb set-mb-s reset-last-child  wd-rs-5e591bb7e81c3 wd-title-color-default wd-title-style-default wd-width-100 text-left vc_custom_1582898107572 wd-underline-colored\">\n\t\t\t\n\t\t\t<div class=\"liner-continer\">\n\t\t\t\t<h2 class=\"woodmart-title-container title  wd-font-weight- wd-fontsize-l\" >Pourquoi Lorvin?<\/h2>\n\t\t\t\t\t\t\t<\/div>\n\t\t\t\n\t\t\t\n\t\t\t\n\t\t<\/div>\n\t\t\n\t\t\t\t\t<div id=\"wd-5e591bc5c0d59\" class=\"wd-text-block-wrapper wd-wpb wd-rs-5e591bc5c0d59 color-scheme-custom wd-width-100 text-left vc_custom_1582898123711\">\n\t\t\t\t<div class=\"woodmart-title-container woodmart-text-block reset-last-child font-primary wd-font-weight-500 \">\n\t\t\t\t\tNous nous engageons \u00e0 offrir:\t\t\t\t<\/div>\n\n\t\t\t\t\t\t\t<\/div>\n\t\t\t\t\t<div id=\"wd-5e591be99ad09\" class=\"wd-text-block-wrapper wd-wpb wd-rs-5e591be99ad09 color-scheme-custom wd-width-100 text-left vc_custom_1582898158891 list-items\">\n\t\t\t\t<div class=\"woodmart-title-container woodmart-text-block reset-last-child font-primary wd-font-weight-500 \">\n\t\t\t\t\t<\/p>\n<ul>\n<li>Qualit\u00e9, rapide et pr\u00e9cis<\/li>\n<li>D\u00e9lai d&rsquo;ex\u00e9cution plus rapide<\/li>\n<li>Services personnalis\u00e9s<\/li>\n<li>Solutions rentables<\/li>\n<li>Utilisation des derniers outils et ressources<\/li>\n<li>Support 24\/7 pour r\u00e9soudre vos probl\u00e8mes<\/li>\n<\/ul>\n<p>\t\t\t\t<\/div>\n\n\t\t\t\t\t\t\t<\/div>\n\t\t\t\t\t<div id=\"wd-5e591e4456203\" class=\"wd-text-block-wrapper wd-wpb wd-rs-5e591e4456203 color-scheme-custom wd-width-100 text-left vc_custom_1582898767108 note\">\n\t\t\t\t<div class=\"woodmart-title-container woodmart-text-block reset-last-child font-primary wd-font-weight-500 \">\n\t\t\t\t\t<\/p>\n<p style=\"text-align: left;\">Vous avez un doute? <strong><em><a href=\"http:\/\/www.lorvin.tech\/fr\/nous-contacter\/\">Contactez-nous<\/a><\/em><\/strong> d\u00e8s aujourd&rsquo;hui pour en savoir plus sur nos services de transcription m\u00e9dicale.<\/p>\n<p>\t\t\t\t<\/div>\n\n\t\t\t\t\t\t\t<\/div>\n\t\t[\/vc_column][\/vc_row][\/vc_section][vc_row][vc_column][vc_column_text][\/vc_column_text][\/vc_column][\/vc_row]<\/p>\n","protected":false},"excerpt":{"rendered":"<p>[vc_section css=\u00a0\u00bb.vc_custom_1583825436086{padding-top: 80px !important;padding-bottom: 80px !important;}\u00a0\u00bb mobile_bg_img_hidden=\u00a0\u00bbno\u00a0\u00bb tablet_bg_img_hidden=\u00a0\u00bbno\u00a0\u00bb woodmart_parallax=\u00a0\u00bb0&Prime; woodmart_gradient_switch=\u00a0\u00bbno\u00a0\u00bb woodmart_disable_overflow=\u00a0\u00bb0&Prime;][vc_row content_placement=\u00a0\u00bbmiddle\u00a0\u00bb css=\u00a0\u00bb.vc_custom_1583825440534{padding-top: 0px !important;}\u00a0\u00bb mobile_bg_img_hidden=\u00a0\u00bbno\u00a0\u00bb tablet_bg_img_hidden=\u00a0\u00bbno\u00a0\u00bb woodmart_parallax=\u00a0\u00bb0&Prime; woodmart_gradient_switch=\u00a0\u00bbno\u00a0\u00bb row_reverse_mobile=\u00a0\u00bb1&Prime;<\/p>\n","protected":false},"author":2,"featured_media":0,"parent":0,"menu_order":0,"comment_status":"closed","ping_status":"closed","template":"","meta":[],"_links":{"self":[{"href":"https:\/\/www.lorvin.tech\/fr\/wp-json\/wp\/v2\/pages\/616"}],"collection":[{"href":"https:\/\/www.lorvin.tech\/fr\/wp-json\/wp\/v2\/pages"}],"about":[{"href":"https:\/\/www.lorvin.tech\/fr\/wp-json\/wp\/v2\/types\/page"}],"author":[{"embeddable":true,"href":"https:\/\/www.lorvin.tech\/fr\/wp-json\/wp\/v2\/users\/2"}],"replies":[{"embeddable":true,"href":"https:\/\/www.lorvin.tech\/fr\/wp-json\/wp\/v2\/comments?post=616"}],"version-history":[{"count":1,"href":"https:\/\/www.lorvin.tech\/fr\/wp-json\/wp\/v2\/pages\/616\/revisions"}],"predecessor-version":[{"id":617,"href":"https:\/\/www.lorvin.tech\/fr\/wp-json\/wp\/v2\/pages\/616\/revisions\/617"}],"wp:attachment":[{"href":"https:\/\/www.lorvin.tech\/fr\/wp-json\/wp\/v2\/media?parent=616"}],"curies":[{"name":"wp","href":"https:\/\/api.w.org\/{rel}","templated":true}]}}