{"id":618,"date":"2020-05-30T16:02:34","date_gmt":"2020-05-30T16:02:34","guid":{"rendered":"http:\/\/www.lorvin.tech\/vente-au-detail\/"},"modified":"2020-05-30T16:02:34","modified_gmt":"2020-05-30T16:02:34","slug":"vente-au-detail","status":"publish","type":"page","link":"https:\/\/www.lorvin.tech\/fr\/vente-au-detail\/","title":{"rendered":"Vente au d\u00e9tail"},"content":{"rendered":"<p>[vc_section css=\u00a0\u00bb.vc_custom_1582881919537{padding-top: 80px !important;padding-bottom: 80px !important;}\u00a0\u00bb mobile_bg_img_hidden=\u00a0\u00bbno\u00a0\u00bb tablet_bg_img_hidden=\u00a0\u00bbno\u00a0\u00bb woodmart_parallax=\u00a0\u00bb0&Prime; woodmart_gradient_switch=\u00a0\u00bbno\u00a0\u00bb woodmart_disable_overflow=\u00a0\u00bb0&Prime;][vc_row content_placement=\u00a0\u00bbtop\u00a0\u00bb css=\u00a0\u00bb.vc_custom_1584438039818{padding-top: 0px !important;}\u00a0\u00bb mobile_bg_img_hidden=\u00a0\u00bbno\u00a0\u00bb tablet_bg_img_hidden=\u00a0\u00bbno\u00a0\u00bb woodmart_parallax=\u00a0\u00bb0&Prime; woodmart_gradient_switch=\u00a0\u00bbno\u00a0\u00bb row_reverse_mobile=\u00a0\u00bb0&Prime; row_reverse_tablet=\u00a0\u00bb0&Prime; woodmart_disable_overflow=\u00a0\u00bb0&Prime;][vc_column width=\u00a0\u00bb1\/2&Prime;][vc_custom_heading text=\u00a0\u00bbVente au d\u00e9tail\u00a0\u00bb font_container=\u00a0\u00bbtag:h2|text_align:center\u00a0\u00bb google_fonts=\u00a0\u00bbfont_family:Open%20Sans%3A300%2C300italic%2Cregular%2Citalic%2C600%2C600italic%2C700%2C700italic%2C800%2C800italic|font_style:800%20bold%20regular%3A800%3Anormal\u00a0\u00bb el_class=\u00a0\u00bbreflected-title p-title\u00a0\u00bb]\t\t\t<link rel=\"stylesheet\" id=\"wd-responsive-text-css\" href=\"https:\/\/www.lorvin.tech\/wp-content\/themes\/woodmart\/css\/parts\/el-responsive-text.min.css?ver=6.3.3\" type=\"text\/css\" media=\"all\" \/> \t\t\t\t\t\t<div id=\"wd-5e709ab0e1407\" class=\"wd-text-block-wrapper wd-wpb wd-rs-5e709ab0e1407 color-scheme-custom wd-width-100 text-left vc_custom_1584437944666\">\n\t\t\t\t<div class=\"woodmart-title-container woodmart-text-block reset-last-child font-primary wd-font-weight-600 \">\n\t\t\t\t\tOffrez une exp\u00e9rience exceptionnelle!!\t\t\t\t<\/div>\n\n\t\t\t\t\t\t\t<\/div>\n\t\t\t\t\t<div id=\"wd-5e709a26a843e\" class=\"wd-text-block-wrapper wd-wpb wd-rs-5e709a26a843e color-scheme-custom wd-width-100 text-left vc_custom_1584437803163\">\n\t\t\t\t<div class=\"woodmart-title-container woodmart-text-block reset-last-child font-primary wd-font-weight-500 \">\n\t\t\t\t\tLes acheteurs ont d\u00e9sormais des options de vente au d\u00e9tail illimit\u00e9es. Pour mieux les impliquer, vous avez certainement besoin d&rsquo;une technologie \u00e9volutive et intuitive. Nos solutions informatiques intelligentes desservent des entreprises de toute taille dans le secteur de la vente au d\u00e9tail et peuvent \u00eatre adapt\u00e9es \u00e0 vos besoins uniques.\t\t\t\t<\/div>\n\n\t\t\t\t\t\t\t<\/div>\n\t\t[\/vc_column][vc_column width=\u00a0\u00bb1\/2&Prime;][vc_single_image image=\u00a0\u00bb395&Prime; img_size=\u00a0\u00bbfull\u00a0\u00bb parallax_scroll=\u00a0\u00bbno\u00a0\u00bb][\/vc_column][\/vc_row][vc_row content_placement=\u00a0\u00bbmiddle\u00a0\u00bb css=\u00a0\u00bb.vc_custom_1584438048839{padding-top: 0px !important;}\u00a0\u00bb mobile_bg_img_hidden=\u00a0\u00bbno\u00a0\u00bb tablet_bg_img_hidden=\u00a0\u00bbno\u00a0\u00bb woodmart_parallax=\u00a0\u00bb0&Prime; woodmart_gradient_switch=\u00a0\u00bbno\u00a0\u00bb row_reverse_mobile=\u00a0\u00bb1&Prime; row_reverse_tablet=\u00a0\u00bb0&Prime; woodmart_disable_overflow=\u00a0\u00bb0&Prime;][vc_column width=\u00a0\u00bb1\/2&Prime;][vc_single_image image=\u00a0\u00bb396&Prime; img_size=\u00a0\u00bbfull\u00a0\u00bb parallax_scroll=\u00a0\u00bbno\u00a0\u00bb][\/vc_column][vc_column width=\u00a0\u00bb1\/2&Prime;]\t\t\t<div id=\"wd-5e709fb7885d6\" class=\"wd-text-block-wrapper wd-wpb wd-rs-5e709fb7885d6 color-scheme-custom wd-width-100 text-left vc_custom_1584439229079\">\n\t\t\t\t<div class=\"woodmart-title-container woodmart-text-block reset-last-child font-primary wd-font-weight-500 \">\n\t\t\t\t\tL&rsquo;industrie du commerce de d\u00e9tail a \u00e9t\u00e9 t\u00e9moin de changements importants dans le comportement des consommateurs et a vu des transformations de paradigmes dans la fa\u00e7on dont les clients ach\u00e8tent. De nos jours, les acheteurs avertis de la technologie et du num\u00e9rique ont un meilleur acc\u00e8s \u00e0 l&rsquo;information, ce qui les aide \u00e0 prendre des d\u00e9cisions plus \u00e9clair\u00e9es et \u00e0 tirer le meilleur parti de leurs d\u00e9penses. Avec l&rsquo;introduction de la mobilit\u00e9, le paysage de l&rsquo;exp\u00e9rience d&rsquo;achat a chang\u00e9 la fa\u00e7on dont les consommateurs explorent, \u00e9valuent et ach\u00e8tent. \t\t\t\t<\/div>\n\n\t\t\t\t\t\t\t<\/div>\n\t\t\t\t\t<div id=\"wd-5e709fc1d9a3c\" class=\"wd-text-block-wrapper wd-wpb wd-rs-5e709fc1d9a3c color-scheme-custom wd-width-100 text-left vc_custom_1584439247375\">\n\t\t\t\t<div class=\"woodmart-title-container woodmart-text-block reset-last-child font-primary wd-font-weight-500 \">\n\t\t\t\t\tIl ne fait donc aucun doute que les d\u00e9taillants traditionnels doivent modifier leurs mod\u00e8les commerciaux et utiliser des solutions technologiques de vente au d\u00e9tail de nouvelle g\u00e9n\u00e9ration pour conserver, exceller et se d\u00e9velopper en tant que marchands num\u00e9riques. \t\t\t\t<\/div>\n\n\t\t\t\t\t\t\t<\/div>\n\t\t[\/vc_column][\/vc_row][vc_row content_placement=\u00a0\u00bbmiddle\u00a0\u00bb css=\u00a0\u00bb.vc_custom_1584438061873{padding-top: 60px !important;}\u00a0\u00bb mobile_bg_img_hidden=\u00a0\u00bbno\u00a0\u00bb tablet_bg_img_hidden=\u00a0\u00bbno\u00a0\u00bb woodmart_parallax=\u00a0\u00bb0&Prime; woodmart_gradient_switch=\u00a0\u00bbno\u00a0\u00bb row_reverse_mobile=\u00a0\u00bb0&Prime; row_reverse_tablet=\u00a0\u00bb0&Prime; woodmart_disable_overflow=\u00a0\u00bb0&Prime;][vc_column width=\u00a0\u00bb1\/2&Prime;]\t\t\t<link rel=\"stylesheet\" id=\"wd-section-title-css\" href=\"https:\/\/www.lorvin.tech\/wp-content\/themes\/woodmart\/css\/parts\/el-section-title.min.css?ver=6.3.3\" type=\"text\/css\" media=\"all\" \/> \t\t\t\t\t\t<link rel=\"stylesheet\" id=\"wd-mod-highlighted-text-css\" href=\"https:\/\/www.lorvin.tech\/wp-content\/themes\/woodmart\/css\/parts\/mod-highlighted-text.min.css?ver=6.3.3\" type=\"text\/css\" media=\"all\" \/> \t\t\t\n\t\t<div id=\"wd-5e5907de96abd\" class=\"title-wrapper wd-wpb set-mb-s reset-last-child  wd-rs-5e5907de96abd wd-title-color-default wd-title-style-default wd-width-100 text-left vc_custom_1582893042436 wd-underline-colored\">\n\t\t\t\n\t\t\t<div class=\"liner-continer\">\n\t\t\t\t<h2 class=\"woodmart-title-container title  wd-font-weight- wd-fontsize-l\" >Un partenaire avec expertise et exp\u00e9rience<\/h2>\n\t\t\t\t\t\t\t<\/div>\n\t\t\t\n\t\t\t\n\t\t\t\n\t\t<\/div>\n\t\t\n\t\t\t\t\t<div id=\"wd-5e70a073a9a16\" class=\"wd-text-block-wrapper wd-wpb wd-rs-5e70a073a9a16 color-scheme-custom wd-width-100 text-left vc_custom_1584439415576\">\n\t\t\t\t<div class=\"woodmart-title-container woodmart-text-block reset-last-child font-primary wd-font-weight-500 \">\n\t\t\t\t\tNous comprenons tr\u00e8s bien que les progr\u00e8s technologiques et l&rsquo;\u00e9volution des exigences des clients incitent les d\u00e9taillants \u00e0 red\u00e9finir leurs mod\u00e8les commerciaux. C&rsquo;est pourquoi chez Lorvin, nous avons une large gamme de solutions personnalis\u00e9es pour vous aider \u00e0 relever ces d\u00e9fis de la nouvelle \u00e8re.\t\t\t\t<\/div>\n\n\t\t\t\t\t\t\t<\/div>\n\t\t\t\t\t<div id=\"wd-5e70a07b1b0f8\" class=\"wd-text-block-wrapper wd-wpb wd-rs-5e70a07b1b0f8 color-scheme-custom wd-width-100 text-left vc_custom_1584439435897\">\n\t\t\t\t<div class=\"woodmart-title-container woodmart-text-block reset-last-child font-primary wd-font-weight-500 \">\n\t\t\t\t\tChez Lorvin, nous sommes bien \u00e9quip\u00e9s en \u00e9quipes digitales et chaque membre est un expert en exp\u00e9rience client. Nous savons qu&rsquo;une exp\u00e9rience client exceptionnelle repose sur les donn\u00e9es, la strat\u00e9gie et une exp\u00e9rience utilisateur de qualit\u00e9 (UX) \u00e0 chaque canal ou point de contact. Nous prenons donc le temps d&rsquo;analyser le comportement des utilisateurs et de d\u00e9terminer de nouvelles opportunit\u00e9s d&rsquo;am\u00e9liorations. \t\t\t\t<\/div>\n\n\t\t\t\t\t\t\t<\/div>\n\t\t\t\t\t<div id=\"wd-5e70a0985f2df\" class=\"wd-text-block-wrapper wd-wpb wd-rs-5e70a0985f2df color-scheme-custom wd-width-100 text-left vc_custom_1584439462856\">\n\t\t\t\t<div class=\"woodmart-title-container woodmart-text-block reset-last-child font-primary wd-font-weight-500 \">\n\t\t\t\t\tNous comprenons m\u00eame que le succ\u00e8s ne peut \u00eatre accompli en \u00e9tablissant plusieurs canaux seuls, mais ces canaux doivent \u00eatre int\u00e9gr\u00e9s en supprimant les silos. La solution ultime est le commerce omnicanal qui int\u00e8gre de mani\u00e8re transparente le meilleur des mots physiques et num\u00e9riques \u00e0 chaque \u00e9tape de l&rsquo;exp\u00e9rience utilisateur. Chez Lorvin, nous d\u00e9couvrons la puissance de l&rsquo;omnicanal pour nos clients, leur permettant ainsi de fournir des services de vente au d\u00e9tail omnicanal, d&rsquo;offrir \u00e0 leurs clients des exp\u00e9riences personnalis\u00e9es et transparentes sur tous les canaux. Avec une vaste exp\u00e9rience dans la fourniture de solutions informatiques au d\u00e9tail, de nombreuses entreprises nous contactent pour obtenir des solutions informatiques de qualit\u00e9 mais abordables. \t\t\t\t<\/div>\n\n\t\t\t\t\t\t\t<\/div>\n\t\t[\/vc_column][vc_column width=\u00a0\u00bb1\/2&Prime;][vc_single_image image=\u00a0\u00bb397&Prime; img_size=\u00a0\u00bbfull\u00a0\u00bb parallax_scroll=\u00a0\u00bbno\u00a0\u00bb][\/vc_column][\/vc_row][vc_row content_placement=\u00a0\u00bbmiddle\u00a0\u00bb css=\u00a0\u00bb.vc_custom_1584438069686{padding-top: 0px !important;}\u00a0\u00bb mobile_bg_img_hidden=\u00a0\u00bbno\u00a0\u00bb tablet_bg_img_hidden=\u00a0\u00bbno\u00a0\u00bb woodmart_parallax=\u00a0\u00bb0&Prime; woodmart_gradient_switch=\u00a0\u00bbno\u00a0\u00bb row_reverse_mobile=\u00a0\u00bb1&Prime; row_reverse_tablet=\u00a0\u00bb0&Prime; woodmart_disable_overflow=\u00a0\u00bb0&Prime;][vc_column width=\u00a0\u00bb1\/2&Prime;][vc_single_image image=\u00a0\u00bb398&Prime; img_size=\u00a0\u00bbfull\u00a0\u00bb parallax_scroll=\u00a0\u00bbno\u00a0\u00bb][\/vc_column][vc_column width=\u00a0\u00bb1\/2&Prime;]\n\t\t<div id=\"wd-5e590e693c2fe\" class=\"title-wrapper wd-wpb set-mb-s reset-last-child  wd-rs-5e590e693c2fe wd-title-color-default wd-title-style-default wd-width-100 text-left vc_custom_1582894719656 wd-underline-colored\">\n\t\t\t\n\t\t\t<div class=\"liner-continer\">\n\t\t\t\t<h2 class=\"woodmart-title-container title  wd-font-weight- wd-fontsize-l\" >Collaborez avec nous aujourd'hui!!<\/h2>\n\t\t\t\t\t\t\t<\/div>\n\t\t\t\n\t\t\t\n\t\t\t\n\t\t<\/div>\n\t\t\n\t\t\t\t\t<div id=\"wd-5e70a1714d784\" class=\"wd-text-block-wrapper wd-wpb wd-rs-5e70a1714d784 color-scheme-custom wd-width-100 text-left vc_custom_1584439671368\">\n\t\t\t\t<div class=\"woodmart-title-container woodmart-text-block reset-last-child font-primary wd-font-weight-500 \">\n\t\t\t\t\tLorvin est un chef de file dans la cr\u00e9ation d&rsquo;exp\u00e9riences omnicanal int\u00e9gr\u00e9es et connect\u00e9es qui \u00e9largissent les fronti\u00e8res traditionnelles des magasins en s&rsquo;int\u00e9grant simplement sur mobile et sur le Web pour fournir un service client coh\u00e9rent, de qualit\u00e9 et rapide. \t\t\t\t<\/div>\n\n\t\t\t\t\t\t\t<\/div>\n\t\t\t\t\t<div id=\"wd-5e70a17a3925c\" class=\"wd-text-block-wrapper wd-wpb wd-rs-5e70a17a3925c color-scheme-custom wd-width-100 text-left vc_custom_1584439689108\">\n\t\t\t\t<div class=\"woodmart-title-container woodmart-text-block reset-last-child font-primary wd-font-weight-500 \">\n\t\t\t\t\tNous avons de l&rsquo;exp\u00e9rience dans le commerce de d\u00e9tail et avons aid\u00e9 de nombreuses entreprises \u00e0 prosp\u00e9rer et \u00e0 cro\u00eetre dans votre secteur. \t\t\t\t<\/div>\n\n\t\t\t\t\t\t\t<\/div>\n\t\t\t\t\t<div id=\"wd-5e75f95300251\" class=\"wd-text-block-wrapper wd-wpb wd-rs-5e75f95300251 color-scheme-custom wd-width-100 text-left vc_custom_1584789828601\">\n\t\t\t\t<div class=\"woodmart-title-container woodmart-text-block reset-last-child font-primary wd-font-weight-500 \">\n\t\t\t\t\tMaintenant, c&rsquo;est \u00e0 votre tour d&#8217;embrasser la transformation due aux progr\u00e8s technologiques en collaborant avec nous aujourd&rsquo;hui.\t\t\t\t<\/div>\n\n\t\t\t\t\t\t\t<\/div>\n\t\t\t\t\t<div id=\"wd-5e75f95ca965b\" class=\"wd-text-block-wrapper wd-wpb wd-rs-5e75f95ca965b color-scheme-custom wd-width-100 text-left vc_custom_1584789835512\">\n\t\t\t\t<div class=\"woodmart-title-container woodmart-text-block reset-last-child font-primary wd-font-weight-500 \">\n\t\t\t\t\tEn cas de doute, nous vous recommandons fortement de nous contacter pour planifier une consultation gratuite et nous vous r\u00e9pondrons d\u00e8s que possible.\t\t\t\t<\/div>\n\n\t\t\t\t\t\t\t<\/div>\n\t\t[\/vc_column][\/vc_row][\/vc_section]<\/p>\n","protected":false},"excerpt":{"rendered":"<p>[vc_section css=\u00a0\u00bb.vc_custom_1582881919537{padding-top: 80px !important;padding-bottom: 80px !important;}\u00a0\u00bb mobile_bg_img_hidden=\u00a0\u00bbno\u00a0\u00bb tablet_bg_img_hidden=\u00a0\u00bbno\u00a0\u00bb woodmart_parallax=\u00a0\u00bb0&Prime; woodmart_gradient_switch=\u00a0\u00bbno\u00a0\u00bb woodmart_disable_overflow=\u00a0\u00bb0&Prime;][vc_row content_placement=\u00a0\u00bbtop\u00a0\u00bb css=\u00a0\u00bb.vc_custom_1584438039818{padding-top: 0px !important;}\u00a0\u00bb mobile_bg_img_hidden=\u00a0\u00bbno\u00a0\u00bb tablet_bg_img_hidden=\u00a0\u00bbno\u00a0\u00bb woodmart_parallax=\u00a0\u00bb0&Prime; woodmart_gradient_switch=\u00a0\u00bbno\u00a0\u00bb row_reverse_mobile=\u00a0\u00bb0&Prime;<\/p>\n","protected":false},"author":2,"featured_media":0,"parent":0,"menu_order":0,"comment_status":"closed","ping_status":"closed","template":"","meta":[],"_links":{"self":[{"href":"https:\/\/www.lorvin.tech\/fr\/wp-json\/wp\/v2\/pages\/618"}],"collection":[{"href":"https:\/\/www.lorvin.tech\/fr\/wp-json\/wp\/v2\/pages"}],"about":[{"href":"https:\/\/www.lorvin.tech\/fr\/wp-json\/wp\/v2\/types\/page"}],"author":[{"embeddable":true,"href":"https:\/\/www.lorvin.tech\/fr\/wp-json\/wp\/v2\/users\/2"}],"replies":[{"embeddable":true,"href":"https:\/\/www.lorvin.tech\/fr\/wp-json\/wp\/v2\/comments?post=618"}],"version-history":[{"count":1,"href":"https:\/\/www.lorvin.tech\/fr\/wp-json\/wp\/v2\/pages\/618\/revisions"}],"predecessor-version":[{"id":619,"href":"https:\/\/www.lorvin.tech\/fr\/wp-json\/wp\/v2\/pages\/618\/revisions\/619"}],"wp:attachment":[{"href":"https:\/\/www.lorvin.tech\/fr\/wp-json\/wp\/v2\/media?parent=618"}],"curies":[{"name":"wp","href":"https:\/\/api.w.org\/{rel}","templated":true}]}}